{"id":16601,"date":"2026-03-18T22:03:46","date_gmt":"2026-03-18T21:03:46","guid":{"rendered":"https:\/\/gltestm.webology.pl\/produkt\/snadne-navlekani-jehel-12ks\/"},"modified":"2026-03-22T21:48:09","modified_gmt":"2026-03-22T20:48:09","slug":"snadne-navlekani-jehel-12ks","status":"publish","type":"product","link":"https:\/\/gltestm.webology.pl\/cs\/produkt\/snadne-navlekani-jehel-12ks\/","title":{"rendered":"Snadn\u00e9 navl\u00e9k\u00e1n\u00ed jehel 12ks."},"content":{"rendered":"<p>Sada dvan\u00e1cti jehel pro snadn\u00e9 navl\u00e9k\u00e1n\u00ed. Navl\u00e9k\u00e1n\u00ed jehly spo\u010d\u00edv\u00e1 ve <strong>snadn\u00e9m<\/strong> prota\u017een\u00ed nit\u011b o\u010dkem. Velmi <strong>pohodln\u00e9 pro<\/strong> osoby se slab\u00fdm zrakem.<\/p>\n<p>D\u00e9lky jehel: 38, 40, 45 mm<\/p>\n","protected":false},"excerpt":{"rendered":"<p>Sada 12 jehel pro snadn\u00e9 navl\u00e9k\u00e1n\u00ed pro zrakov\u011b posti\u017een\u00e9<\/p>\n","protected":false},"featured_media":15743,"comment_status":"open","ping_status":"closed","template":"","meta":[],"product_brand":[],"product_cat":[361],"product_tag":[],"class_list":{"0":"post-16601","1":"product","2":"type-product","3":"status-publish","4":"has-post-thumbnail","6":"product_cat-igly","8":"first","9":"instock","10":"taxable","11":"shipping-taxable","12":"purchasable","13":"product-type-simple"},"_links":{"self":[{"href":"https:\/\/gltestm.webology.pl\/cs\/wp-json\/wp\/v2\/product\/16601","targetHints":{"allow":["GET"]}}],"collection":[{"href":"https:\/\/gltestm.webology.pl\/cs\/wp-json\/wp\/v2\/product"}],"about":[{"href":"https:\/\/gltestm.webology.pl\/cs\/wp-json\/wp\/v2\/types\/product"}],"replies":[{"embeddable":true,"href":"https:\/\/gltestm.webology.pl\/cs\/wp-json\/wp\/v2\/comments?post=16601"}],"version-history":[{"count":0,"href":"https:\/\/gltestm.webology.pl\/cs\/wp-json\/wp\/v2\/product\/16601\/revisions"}],"wp:featuredmedia":[{"embeddable":true,"href":"https:\/\/gltestm.webology.pl\/cs\/wp-json\/wp\/v2\/media\/15743"}],"wp:attachment":[{"href":"https:\/\/gltestm.webology.pl\/cs\/wp-json\/wp\/v2\/media?parent=16601"}],"wp:term":[{"taxonomy":"product_brand","embeddable":true,"href":"https:\/\/gltestm.webology.pl\/cs\/wp-json\/wp\/v2\/product_brand?post=16601"},{"taxonomy":"product_cat","embeddable":true,"href":"https:\/\/gltestm.webology.pl\/cs\/wp-json\/wp\/v2\/product_cat?post=16601"},{"taxonomy":"product_tag","embeddable":true,"href":"https:\/\/gltestm.webology.pl\/cs\/wp-json\/wp\/v2\/product_tag?post=16601"}],"curies":[{"name":"wp","href":"https:\/\/api.w.org\/{rel}","templated":true}]}}