{"id":16589,"date":"2026-03-18T22:03:46","date_gmt":"2026-03-18T21:03:46","guid":{"rendered":"https:\/\/gltestm.webology.pl\/produkt\/vysivaci-jehly-bez-spicky-galant\/"},"modified":"2026-03-22T21:48:07","modified_gmt":"2026-03-22T20:48:07","slug":"vysivaci-jehly-bez-spicky-galant","status":"publish","type":"product","link":"https:\/\/gltestm.webology.pl\/cs\/produkt\/vysivaci-jehly-bez-spicky-galant\/","title":{"rendered":"Vy\u0161\u00edvac\u00ed jehly bez \u0161pi\u010dky GALANT"},"content":{"rendered":"<p><span><span>Jehly jsou baleny v blistrech, kter\u00e9 obsahuj\u00ed 6 jehel velikosti 18-22.<\/span><\/span><\/p>\n<p><span><span>Velikost 18: pr\u016fm\u011br jehly: 1,2 mm, d\u00e9lka: 50 mm<\/span><\/span><\/p>\n<p><span><span>Rozm.20: pr\u016fm\u011br jehly: 1 mm, d\u00e9lka: 43 mm<\/span><\/span><\/p>\n<p><span><span>Velikost.22: pr\u016fm\u011br jehly: 0,9 mm, d\u00e9lka: 40 mm<\/span><\/span><\/p>\n","protected":false},"excerpt":{"rendered":"<p>Jehly jsou baleny v blistrech, kter\u00e9 obsahuj\u00ed 6 jehel velikosti 18-22. Velikost 18: pr\u016fm\u011br jehly: 1,2 mm, d\u00e9lka: 50 mm<\/p>\n","protected":false},"featured_media":14914,"comment_status":"open","ping_status":"closed","template":"","meta":[],"product_brand":[],"product_cat":[361],"product_tag":[],"class_list":{"0":"post-16589","1":"product","2":"type-product","3":"status-publish","4":"has-post-thumbnail","6":"product_cat-igly","8":"first","9":"instock","10":"taxable","11":"shipping-taxable","12":"purchasable","13":"product-type-simple"},"_links":{"self":[{"href":"https:\/\/gltestm.webology.pl\/cs\/wp-json\/wp\/v2\/product\/16589","targetHints":{"allow":["GET"]}}],"collection":[{"href":"https:\/\/gltestm.webology.pl\/cs\/wp-json\/wp\/v2\/product"}],"about":[{"href":"https:\/\/gltestm.webology.pl\/cs\/wp-json\/wp\/v2\/types\/product"}],"replies":[{"embeddable":true,"href":"https:\/\/gltestm.webology.pl\/cs\/wp-json\/wp\/v2\/comments?post=16589"}],"version-history":[{"count":0,"href":"https:\/\/gltestm.webology.pl\/cs\/wp-json\/wp\/v2\/product\/16589\/revisions"}],"wp:featuredmedia":[{"embeddable":true,"href":"https:\/\/gltestm.webology.pl\/cs\/wp-json\/wp\/v2\/media\/14914"}],"wp:attachment":[{"href":"https:\/\/gltestm.webology.pl\/cs\/wp-json\/wp\/v2\/media?parent=16589"}],"wp:term":[{"taxonomy":"product_brand","embeddable":true,"href":"https:\/\/gltestm.webology.pl\/cs\/wp-json\/wp\/v2\/product_brand?post=16589"},{"taxonomy":"product_cat","embeddable":true,"href":"https:\/\/gltestm.webology.pl\/cs\/wp-json\/wp\/v2\/product_cat?post=16589"},{"taxonomy":"product_tag","embeddable":true,"href":"https:\/\/gltestm.webology.pl\/cs\/wp-json\/wp\/v2\/product_tag?post=16589"}],"curies":[{"name":"wp","href":"https:\/\/api.w.org\/{rel}","templated":true}]}}