{"id":16581,"date":"2026-03-18T22:03:45","date_gmt":"2026-03-18T21:03:45","guid":{"rendered":"https:\/\/gltestm.webology.pl\/produkt\/flexi-tambur-zavesny-ram-o20-cm\/"},"modified":"2026-03-22T21:09:45","modified_gmt":"2026-03-22T20:09:45","slug":"flexi-tambur-zavesny-ram-o20-cm","status":"publish","type":"product","link":"https:\/\/gltestm.webology.pl\/cs\/produkt\/flexi-tambur-zavesny-ram-o20-cm\/","title":{"rendered":"FLEXI tambur \/ z\u00e1v\u011bsn\u00fd r\u00e1m \u00d820 cm"},"content":{"rendered":"<p><span>Tambur FLEXI je p\u0159edm\u011bt usnad\u0148uj\u00edc\u00ed vy\u0161\u00edv\u00e1n\u00ed, kter\u00fd se skl\u00e1d\u00e1 ze dvou obru\u010d\u00ed: jedna je vyrobena z pru\u017en\u00e9 gumy imituj\u00edc\u00ed d\u0159evo, druh\u00e1 je z plastu. Obru\u010de se vz\u00e1jemn\u011b up\u00ednaj\u00ed a z\u00e1rove\u0148 nap\u00ednaj\u00ed materi\u00e1l nata\u017een\u00fd mezi nimi.<\/span><\/p>\n<p><span>Tambur je nav\u00edc vybaven kovov\u00fdm z\u00e1v\u011bsem, d\u00edky n\u011bmu\u017e lze hotovou pr\u00e1ci zav\u011bsit na ze\u010f jako dekoraci. <\/span><\/p>\n<ul>\n<li>Vnit\u0159n\u00ed pr\u016fm\u011br: <strong>19 cm<\/strong><\/li>\n<li>St\u0159edn\u00ed pr\u016fm\u011br: <strong>20 cm<\/strong><\/li>\n<li>Vn\u011bj\u0161\u00ed pr\u016fm\u011br: <strong>21,5<\/strong> cm<\/li>\n<li><strong>Imitace d\u0159eva<\/strong><\/li>\n<\/ul>\n","protected":false},"excerpt":{"rendered":"<p>Tambur FLEXI je prvek usnad\u0148uj\u00edc\u00ed vy\u0161\u00edv\u00e1n\u00ed, kter\u00fd se skl\u00e1d\u00e1 ze dvou r\u00e1me\u010dk\u016f. Vnit\u0159n\u00ed pr\u016fm\u011br: 19 cm St\u0159edn\u00ed pr\u016fm\u011br: 20 cm. Vn\u011bj\u0161\u00ed pr\u016fm\u011br: 21,5 cm Imitace d\u0159eva<\/p>\n","protected":false},"featured_media":13238,"comment_status":"open","ping_status":"closed","template":"","meta":[],"product_brand":[],"product_cat":[376],"product_tag":[],"class_list":{"0":"post-16581","1":"product","2":"type-product","3":"status-publish","4":"has-post-thumbnail","6":"product_cat-tamborki","8":"first","9":"instock","10":"taxable","11":"shipping-taxable","12":"purchasable","13":"product-type-simple"},"_links":{"self":[{"href":"https:\/\/gltestm.webology.pl\/cs\/wp-json\/wp\/v2\/product\/16581","targetHints":{"allow":["GET"]}}],"collection":[{"href":"https:\/\/gltestm.webology.pl\/cs\/wp-json\/wp\/v2\/product"}],"about":[{"href":"https:\/\/gltestm.webology.pl\/cs\/wp-json\/wp\/v2\/types\/product"}],"replies":[{"embeddable":true,"href":"https:\/\/gltestm.webology.pl\/cs\/wp-json\/wp\/v2\/comments?post=16581"}],"version-history":[{"count":0,"href":"https:\/\/gltestm.webology.pl\/cs\/wp-json\/wp\/v2\/product\/16581\/revisions"}],"wp:featuredmedia":[{"embeddable":true,"href":"https:\/\/gltestm.webology.pl\/cs\/wp-json\/wp\/v2\/media\/13238"}],"wp:attachment":[{"href":"https:\/\/gltestm.webology.pl\/cs\/wp-json\/wp\/v2\/media?parent=16581"}],"wp:term":[{"taxonomy":"product_brand","embeddable":true,"href":"https:\/\/gltestm.webology.pl\/cs\/wp-json\/wp\/v2\/product_brand?post=16581"},{"taxonomy":"product_cat","embeddable":true,"href":"https:\/\/gltestm.webology.pl\/cs\/wp-json\/wp\/v2\/product_cat?post=16581"},{"taxonomy":"product_tag","embeddable":true,"href":"https:\/\/gltestm.webology.pl\/cs\/wp-json\/wp\/v2\/product_tag?post=16581"}],"curies":[{"name":"wp","href":"https:\/\/api.w.org\/{rel}","templated":true}]}}