{"id":16577,"date":"2026-03-18T22:03:45","date_gmt":"2026-03-18T21:03:45","guid":{"rendered":"https:\/\/gltestm.webology.pl\/produkt\/dreveny-tambur-18-cm\/"},"modified":"2026-03-22T21:09:43","modified_gmt":"2026-03-22T20:09:43","slug":"dreveny-tambur-18-cm","status":"publish","type":"product","link":"https:\/\/gltestm.webology.pl\/cs\/produkt\/dreveny-tambur-18-cm\/","title":{"rendered":"D\u0159ev\u011bn\u00fd tambur 18 cm"},"content":{"rendered":"<p><span>D\u0159ev\u011bn\u00fd tambur je p\u0159edm\u011bt usnad\u0148uj\u00edc\u00ed vy\u0161\u00edv\u00e1n\u00ed, kter\u00fd se skl\u00e1d\u00e1 ze dvou d\u0159ev\u011bn\u00fdch obru\u010d\u00ed, kter\u00e9 jsou k sob\u011b p\u0159ichyceny a materi\u00e1l je mezi nimi nata\u017een. Tambur je nav\u00edc vybaven kovov\u00fdm knofl\u00edkem, kter\u00fdm lze nastavit napnut\u00ed vy\u0161\u00edvan\u00e9ho materi\u00e1lu. <\/span><br \/><span>Vnit\u0159n\u00ed pr\u016fm\u011br tamboru je 17 cm, \u0161\u00ed\u0159ka je 1 cm.<\/span><\/p>\n","protected":false},"excerpt":{"rendered":"<p>D\u0159ev\u011bn\u00fd tambur je prvek, kter\u00fd usnad\u0148uje vy\u0161\u00edv\u00e1n\u00ed<\/p>\n","protected":false},"featured_media":15654,"comment_status":"open","ping_status":"closed","template":"","meta":[],"product_brand":[],"product_cat":[376],"product_tag":[],"class_list":{"0":"post-16577","1":"product","2":"type-product","3":"status-publish","4":"has-post-thumbnail","6":"product_cat-tamborki","8":"first","9":"instock","10":"taxable","11":"shipping-taxable","12":"purchasable","13":"product-type-simple"},"_links":{"self":[{"href":"https:\/\/gltestm.webology.pl\/cs\/wp-json\/wp\/v2\/product\/16577","targetHints":{"allow":["GET"]}}],"collection":[{"href":"https:\/\/gltestm.webology.pl\/cs\/wp-json\/wp\/v2\/product"}],"about":[{"href":"https:\/\/gltestm.webology.pl\/cs\/wp-json\/wp\/v2\/types\/product"}],"replies":[{"embeddable":true,"href":"https:\/\/gltestm.webology.pl\/cs\/wp-json\/wp\/v2\/comments?post=16577"}],"version-history":[{"count":0,"href":"https:\/\/gltestm.webology.pl\/cs\/wp-json\/wp\/v2\/product\/16577\/revisions"}],"wp:featuredmedia":[{"embeddable":true,"href":"https:\/\/gltestm.webology.pl\/cs\/wp-json\/wp\/v2\/media\/15654"}],"wp:attachment":[{"href":"https:\/\/gltestm.webology.pl\/cs\/wp-json\/wp\/v2\/media?parent=16577"}],"wp:term":[{"taxonomy":"product_brand","embeddable":true,"href":"https:\/\/gltestm.webology.pl\/cs\/wp-json\/wp\/v2\/product_brand?post=16577"},{"taxonomy":"product_cat","embeddable":true,"href":"https:\/\/gltestm.webology.pl\/cs\/wp-json\/wp\/v2\/product_cat?post=16577"},{"taxonomy":"product_tag","embeddable":true,"href":"https:\/\/gltestm.webology.pl\/cs\/wp-json\/wp\/v2\/product_tag?post=16577"}],"curies":[{"name":"wp","href":"https:\/\/api.w.org\/{rel}","templated":true}]}}