{"id":16565,"date":"2026-03-18T22:03:44","date_gmt":"2026-03-18T21:03:44","guid":{"rendered":"https:\/\/gltestm.webology.pl\/produkt\/vysivaci-jehly-se-zlatymi-ousky\/"},"modified":"2026-03-22T21:48:05","modified_gmt":"2026-03-22T20:48:05","slug":"vysivaci-jehly-se-zlatymi-ousky","status":"publish","type":"product","link":"https:\/\/gltestm.webology.pl\/cs\/produkt\/vysivaci-jehly-se-zlatymi-ousky\/","title":{"rendered":"Vy\u0161\u00edvac\u00ed jehly se zlat\u00fdmi ou\u0161ky"},"content":{"rendered":"<p><strong>V jednom blistru je 12 jehel r\u016fzn\u00fdch velikost\u00ed.<\/strong><\/p>\n<h1><span><span><span><span><span><span>D\u00e9lka jehly <\/span><\/span><\/span><\/span><\/span><\/span>:<strong><span><span><span><span><span><span><strong>38 &#8211; 48 mm<\/strong><\/span><\/span><\/span><\/span><\/span><\/span><\/strong><\/h1>\n<p><strong>6 ks x 3,7 cm, <\/strong><\/p>\n<p><strong>2 ks x 3,9 cm, <\/strong><\/p>\n<p><strong>4 ks x 4,9 cm.<\/strong><\/p>\n","protected":false},"excerpt":{"rendered":"<p>Vy\u0161\u00edvac\u00ed jehly se zlat\u00fdm o\u010dkem, 12 kus\u016f<\/p>\n","protected":false},"featured_media":13053,"comment_status":"open","ping_status":"closed","template":"","meta":[],"product_brand":[],"product_cat":[361],"product_tag":[],"class_list":{"0":"post-16565","1":"product","2":"type-product","3":"status-publish","4":"has-post-thumbnail","6":"product_cat-igly","8":"first","9":"instock","10":"taxable","11":"shipping-taxable","12":"purchasable","13":"product-type-simple"},"_links":{"self":[{"href":"https:\/\/gltestm.webology.pl\/cs\/wp-json\/wp\/v2\/product\/16565","targetHints":{"allow":["GET"]}}],"collection":[{"href":"https:\/\/gltestm.webology.pl\/cs\/wp-json\/wp\/v2\/product"}],"about":[{"href":"https:\/\/gltestm.webology.pl\/cs\/wp-json\/wp\/v2\/types\/product"}],"replies":[{"embeddable":true,"href":"https:\/\/gltestm.webology.pl\/cs\/wp-json\/wp\/v2\/comments?post=16565"}],"version-history":[{"count":0,"href":"https:\/\/gltestm.webology.pl\/cs\/wp-json\/wp\/v2\/product\/16565\/revisions"}],"wp:featuredmedia":[{"embeddable":true,"href":"https:\/\/gltestm.webology.pl\/cs\/wp-json\/wp\/v2\/media\/13053"}],"wp:attachment":[{"href":"https:\/\/gltestm.webology.pl\/cs\/wp-json\/wp\/v2\/media?parent=16565"}],"wp:term":[{"taxonomy":"product_brand","embeddable":true,"href":"https:\/\/gltestm.webology.pl\/cs\/wp-json\/wp\/v2\/product_brand?post=16565"},{"taxonomy":"product_cat","embeddable":true,"href":"https:\/\/gltestm.webology.pl\/cs\/wp-json\/wp\/v2\/product_cat?post=16565"},{"taxonomy":"product_tag","embeddable":true,"href":"https:\/\/gltestm.webology.pl\/cs\/wp-json\/wp\/v2\/product_tag?post=16565"}],"curies":[{"name":"wp","href":"https:\/\/api.w.org\/{rel}","templated":true}]}}