{"id":16529,"date":"2026-03-18T22:03:43","date_gmt":"2026-03-18T21:03:43","guid":{"rendered":"https:\/\/gltestm.webology.pl\/produkt\/drik-135-cm\/"},"modified":"2026-03-22T21:48:01","modified_gmt":"2026-03-22T20:48:01","slug":"drik-135-cm","status":"publish","type":"product","link":"https:\/\/gltestm.webology.pl\/cs\/produkt\/drik-135-cm\/","title":{"rendered":"D\u0159\u00edk 13,5 cm"},"content":{"rendered":"<h1><span><span><span><span>K d\u011brov\u00e1n\u00ed se pou\u017e\u00edv\u00e1 \u0161\u00eddlo, kter\u00e9 se pou\u017e\u00edv\u00e1 p\u0159i v\u00fdrob\u011b ko\u017een\u00fdch v\u00fdrobk\u016f, v\u00fdrobk\u016f podobn\u00fdch k\u016f\u017ei nebo siln\u011bj\u0161\u00edch tkanin.<\/span><\/span><\/span><\/span><\/h1>\n<h1><span><span><span><span><span><span><span>\u0160\u00eddlo m\u00e1 d\u0159ev\u011bnou rukoje\u0165, ke kter\u00e9 je trvale p\u0159ipevn\u011bna jehla.<\/span><\/span><\/span><\/span><\/span><\/span><\/span><\/h1>\n<h1><span><span><span><span><span><span><span>Celkov\u00e1 d\u00e9lka: 13,5 cm<\/span><\/span><\/span><\/span><\/span><\/span><\/span><\/h1>\n<h1><span><span><span><span><span><span><span>D\u00e9lka jehly: 6 cm<\/span><\/span><\/span><\/span><\/span><\/span><\/span><\/h1>\n<h1><span><span><span><span><span><span><span>Pr\u016fm\u011br jehly: 2 mm<\/span><\/span><\/span><\/span><\/span><\/span><\/span><\/h1>\n<h1><span><span><span><span><span><span><span>Pr\u016fm\u011br rukojeti: 21 mm<\/span><\/span><\/span><\/span><\/span><\/span><\/span><\/h1>\n","protected":false},"excerpt":{"rendered":"<p>\u0160\u00eddlo pou\u017e\u00edvan\u00e9 p\u0159i v\u00fdrob\u011b v\u00fdrobk\u016f z k\u016f\u017ee, v\u00fdrobk\u016f podobn\u00fdch k\u016f\u017ei nebo siln\u011bj\u0161\u00edch tkanin, pou\u017e\u00edv\u00e1 se k d\u011brov\u00e1n\u00ed.<\/p>\n","protected":false},"featured_media":14694,"comment_status":"open","ping_status":"closed","template":"","meta":[],"product_brand":[],"product_cat":[371],"product_tag":[],"class_list":{"0":"post-16529","1":"product","2":"type-product","3":"status-publish","4":"has-post-thumbnail","6":"product_cat-narzedzia-i-akcesoria","8":"first","9":"outofstock","10":"taxable","11":"shipping-taxable","12":"purchasable","13":"product-type-simple"},"_links":{"self":[{"href":"https:\/\/gltestm.webology.pl\/cs\/wp-json\/wp\/v2\/product\/16529","targetHints":{"allow":["GET"]}}],"collection":[{"href":"https:\/\/gltestm.webology.pl\/cs\/wp-json\/wp\/v2\/product"}],"about":[{"href":"https:\/\/gltestm.webology.pl\/cs\/wp-json\/wp\/v2\/types\/product"}],"replies":[{"embeddable":true,"href":"https:\/\/gltestm.webology.pl\/cs\/wp-json\/wp\/v2\/comments?post=16529"}],"version-history":[{"count":0,"href":"https:\/\/gltestm.webology.pl\/cs\/wp-json\/wp\/v2\/product\/16529\/revisions"}],"wp:featuredmedia":[{"embeddable":true,"href":"https:\/\/gltestm.webology.pl\/cs\/wp-json\/wp\/v2\/media\/14694"}],"wp:attachment":[{"href":"https:\/\/gltestm.webology.pl\/cs\/wp-json\/wp\/v2\/media?parent=16529"}],"wp:term":[{"taxonomy":"product_brand","embeddable":true,"href":"https:\/\/gltestm.webology.pl\/cs\/wp-json\/wp\/v2\/product_brand?post=16529"},{"taxonomy":"product_cat","embeddable":true,"href":"https:\/\/gltestm.webology.pl\/cs\/wp-json\/wp\/v2\/product_cat?post=16529"},{"taxonomy":"product_tag","embeddable":true,"href":"https:\/\/gltestm.webology.pl\/cs\/wp-json\/wp\/v2\/product_tag?post=16529"}],"curies":[{"name":"wp","href":"https:\/\/api.w.org\/{rel}","templated":true}]}}