{"id":16525,"date":"2026-03-18T22:03:43","date_gmt":"2026-03-18T21:03:43","guid":{"rendered":"https:\/\/gltestm.webology.pl\/produkt\/kovove-krejcovske-otocne-kolecko\/"},"modified":"2026-03-22T21:48:01","modified_gmt":"2026-03-22T20:48:01","slug":"kovove-krejcovske-otocne-kolecko","status":"publish","type":"product","link":"https:\/\/gltestm.webology.pl\/cs\/produkt\/kovove-krejcovske-otocne-kolecko\/","title":{"rendered":"Kovov\u00e9 krej\u010dovsk\u00e9 oto\u010dn\u00e9 kole\u010dko"},"content":{"rendered":"<p>Jedn\u00edm z jeho vyu\u017eit\u00ed je mo\u017enost<strong> ozna\u010dit na l\u00e1tce m\u00edsto \u0159ezu<\/strong>. Hod\u00ed se tak\u00e9 k <strong>p\u0159en\u00e1\u0161en\u00ed vzor\u016f z polotovar\u016f<\/strong> na l\u00e1tku.<\/p>\n<p>Sek\u00e1\u010dek m\u00e1 d\u0159ev\u011bnou rukoje\u0165, ostr\u00e9 hrany na kole\u010dku o pr\u016fm\u011bru 19 mm a celkov\u00e1 d\u00e9lka p\u0159\u00edstroje je 15 cm<\/p>\n","protected":false},"excerpt":{"rendered":"<p>Kovov\u00fd krej\u010dovsk\u00fd knofl\u00edk s d\u0159ev\u011bnou rukojet\u00ed 150 mm<\/p>\n","protected":false},"featured_media":15148,"comment_status":"open","ping_status":"closed","template":"","meta":[],"product_brand":[],"product_cat":[746],"product_tag":[],"class_list":{"0":"post-16525","1":"product","2":"type-product","3":"status-publish","4":"has-post-thumbnail","6":"product_cat-mydelka-krawieckie-i-ich-zamienniki","8":"first","9":"instock","10":"taxable","11":"shipping-taxable","12":"purchasable","13":"product-type-simple"},"_links":{"self":[{"href":"https:\/\/gltestm.webology.pl\/cs\/wp-json\/wp\/v2\/product\/16525","targetHints":{"allow":["GET"]}}],"collection":[{"href":"https:\/\/gltestm.webology.pl\/cs\/wp-json\/wp\/v2\/product"}],"about":[{"href":"https:\/\/gltestm.webology.pl\/cs\/wp-json\/wp\/v2\/types\/product"}],"replies":[{"embeddable":true,"href":"https:\/\/gltestm.webology.pl\/cs\/wp-json\/wp\/v2\/comments?post=16525"}],"version-history":[{"count":0,"href":"https:\/\/gltestm.webology.pl\/cs\/wp-json\/wp\/v2\/product\/16525\/revisions"}],"wp:featuredmedia":[{"embeddable":true,"href":"https:\/\/gltestm.webology.pl\/cs\/wp-json\/wp\/v2\/media\/15148"}],"wp:attachment":[{"href":"https:\/\/gltestm.webology.pl\/cs\/wp-json\/wp\/v2\/media?parent=16525"}],"wp:term":[{"taxonomy":"product_brand","embeddable":true,"href":"https:\/\/gltestm.webology.pl\/cs\/wp-json\/wp\/v2\/product_brand?post=16525"},{"taxonomy":"product_cat","embeddable":true,"href":"https:\/\/gltestm.webology.pl\/cs\/wp-json\/wp\/v2\/product_cat?post=16525"},{"taxonomy":"product_tag","embeddable":true,"href":"https:\/\/gltestm.webology.pl\/cs\/wp-json\/wp\/v2\/product_tag?post=16525"}],"curies":[{"name":"wp","href":"https:\/\/api.w.org\/{rel}","templated":true}]}}