{"id":16521,"date":"2026-03-18T22:03:42","date_gmt":"2026-03-18T21:03:42","guid":{"rendered":"https:\/\/gltestm.webology.pl\/produkt\/velke-dlato\/"},"modified":"2026-03-22T21:47:48","modified_gmt":"2026-03-22T20:47:48","slug":"velke-dlato","status":"publish","type":"product","link":"https:\/\/gltestm.webology.pl\/cs\/produkt\/velke-dlato\/","title":{"rendered":"Velk\u00e9 dl\u00e1to"},"content":{"rendered":"<h2>Dl\u00e1to &#8211; nepostradateln\u00fd pomocn\u00edk krej\u010d\u00edho<\/h2>\n<p>Velk\u00e9 kovov\u00e9 dl\u00e1to n\u00e1m usnadn\u00ed o\u0159ez\u00e1v\u00e1n\u00ed \u0161v\u016f, ale tak\u00e9 d\u011bl\u00e1n\u00ed otvor\u016f\/v\u00fdst\u0159ih\u016f v l\u00e1tce. Jedn\u00e1 se o velmi \u0161ikovn\u00fd n\u00e1stroj, kter\u00fd je nepostradateln\u00fd v ka\u017ed\u00e9m krej\u010dovsk\u00e9m koutku.<\/p>\n<p>S jeho pomoc\u00ed tak\u00e9 bez n\u00e1mahy odlep\u00edme visa\u010dky, kter\u00e9 n\u00e1s p\u0159i no\u0161en\u00ed oble\u010den\u00ed \u0161kr\u00e1bou. Pouh\u00e9 odst\u0159i\u017een\u00ed visa\u010dky n\u011bkdy mnoho nezm\u016f\u017ee, zat\u00edmco kdy\u017e pou\u017eijeme prujku, m\u016f\u017eeme ji odstranit \u00fapln\u011b.<\/p>\n<h2>Zpracov\u00e1n\u00ed a rozm\u011bry<\/h2>\n<p>Pr\u016fbojn\u00edk m\u00e1 z\u00e1tku \u010depele vyrobenou z pr\u016fhledn\u00e9ho plastu. Rukoje\u0165 je naopak plastov\u00e1, kter\u00e1 imituje d\u0159evo.<\/p>\n<p>D\u00e9lka dl\u00e1ta je 130 mm. Pokud hled\u00e1te men\u0161\u00ed a p\u0159esn\u011bj\u0161\u00ed <a href=\"https:\/\/galerialucznik.pl\/pl\/products\/przybory-do-szycia\/akcesoria-krawieckie\/noze-noze-krazkowe-i-przecinaki\/prujka-dlugosc-120-mm-251.html?query_id=1\" target=\"_blank\" rel=\"noopener\">dl\u00e1to<\/a>, najdete ho na na\u0161ich webov\u00fdch str\u00e1nk\u00e1ch.<\/p>\n","protected":false},"excerpt":{"rendered":"<p>Rozp\u00edna\u010d \u0161v\u016f s kovov\u00fdm koncem, 130 mm<\/p>\n","protected":false},"featured_media":14930,"comment_status":"open","ping_status":"closed","template":"","meta":[],"product_brand":[],"product_cat":[761],"product_tag":[],"class_list":{"0":"post-16521","1":"product","2":"type-product","3":"status-publish","4":"has-post-thumbnail","6":"product_cat-noze-noze-krazkowe-i-przecinaki","8":"first","9":"instock","10":"taxable","11":"shipping-taxable","12":"purchasable","13":"product-type-simple"},"_links":{"self":[{"href":"https:\/\/gltestm.webology.pl\/cs\/wp-json\/wp\/v2\/product\/16521","targetHints":{"allow":["GET"]}}],"collection":[{"href":"https:\/\/gltestm.webology.pl\/cs\/wp-json\/wp\/v2\/product"}],"about":[{"href":"https:\/\/gltestm.webology.pl\/cs\/wp-json\/wp\/v2\/types\/product"}],"replies":[{"embeddable":true,"href":"https:\/\/gltestm.webology.pl\/cs\/wp-json\/wp\/v2\/comments?post=16521"}],"version-history":[{"count":0,"href":"https:\/\/gltestm.webology.pl\/cs\/wp-json\/wp\/v2\/product\/16521\/revisions"}],"wp:featuredmedia":[{"embeddable":true,"href":"https:\/\/gltestm.webology.pl\/cs\/wp-json\/wp\/v2\/media\/14930"}],"wp:attachment":[{"href":"https:\/\/gltestm.webology.pl\/cs\/wp-json\/wp\/v2\/media?parent=16521"}],"wp:term":[{"taxonomy":"product_brand","embeddable":true,"href":"https:\/\/gltestm.webology.pl\/cs\/wp-json\/wp\/v2\/product_brand?post=16521"},{"taxonomy":"product_cat","embeddable":true,"href":"https:\/\/gltestm.webology.pl\/cs\/wp-json\/wp\/v2\/product_cat?post=16521"},{"taxonomy":"product_tag","embeddable":true,"href":"https:\/\/gltestm.webology.pl\/cs\/wp-json\/wp\/v2\/product_tag?post=16521"}],"curies":[{"name":"wp","href":"https:\/\/api.w.org\/{rel}","templated":true}]}}