{"id":16517,"date":"2026-03-18T22:03:42","date_gmt":"2026-03-18T21:03:42","guid":{"rendered":"https:\/\/gltestm.webology.pl\/produkt\/polstar-na-jehly\/"},"modified":"2026-03-22T21:47:47","modified_gmt":"2026-03-22T20:47:47","slug":"polstar-na-jehly","status":"publish","type":"product","link":"https:\/\/gltestm.webology.pl\/cs\/produkt\/polstar-na-jehly\/","title":{"rendered":"Pol\u0161t\u00e1\u0159 na jehly"},"content":{"rendered":"<h2><strong>Vytv\u00e1\u0159en\u00ed str\u00e1nek<\/strong><\/h2>\n<p>Praktick\u00fd pol\u0161t\u00e1\u0159ek na jehly a \u0161pendl\u00edky je vyroben z \u010dervenob\u00edl\u00e9 kostkovan\u00e9 l\u00e1tky. Uprost\u0159ed je polystyren a z\u00e1kladna, d\u00edky n\u00ed\u017e pol\u0161t\u00e1\u0159ek pevn\u011b stoj\u00ed, je vyrobena ze d\u0159eva.<\/p>\n<h2><strong>Pol\u0161t\u00e1\u0159ek na hl\u00edd\u00e1n\u00ed po\u0159\u00e1dku<\/strong><\/h2>\n<p>Pol\u0161t\u00e1\u0159ek n\u00e1m umo\u017e\u0148uje udr\u017eovat po\u0159\u00e1dek na pracovi\u0161ti, m\u016f\u017eeme do n\u011bj opakovan\u011b zapichovat \u0161pendl\u00edky a jehly. D\u00edky tomu zabr\u00e1n\u00edme tomu, abychom se p\u00edchli upu\u0161t\u011bn\u00fdm \u0161pendl\u00edkem nebo ztratili jehlu.<\/p>\n<p>Dod\u00e1v\u00e1 se pouze v jednom barevn\u00e9m proveden\u00ed.<\/p>\n<p>Z\u00e1kladna pol\u0161t\u00e1\u0159ku m\u00e1 pr\u016fm\u011br 7 cm.<\/p>\n","protected":false},"excerpt":{"rendered":"<p>Kostkovan\u00e1 jehla a pol\u0161t\u00e1\u0159ek na \u0161pendl\u00edky.<\/p>\n","protected":false},"featured_media":14582,"comment_status":"open","ping_status":"closed","template":"","meta":[],"product_brand":[],"product_cat":[741],"product_tag":[],"class_list":{"0":"post-16517","1":"product","2":"type-product","3":"status-publish","4":"has-post-thumbnail","6":"product_cat-szpilki-agrafki-i-poduszeczki","8":"first","9":"instock","10":"taxable","11":"shipping-taxable","12":"purchasable","13":"product-type-simple"},"_links":{"self":[{"href":"https:\/\/gltestm.webology.pl\/cs\/wp-json\/wp\/v2\/product\/16517","targetHints":{"allow":["GET"]}}],"collection":[{"href":"https:\/\/gltestm.webology.pl\/cs\/wp-json\/wp\/v2\/product"}],"about":[{"href":"https:\/\/gltestm.webology.pl\/cs\/wp-json\/wp\/v2\/types\/product"}],"replies":[{"embeddable":true,"href":"https:\/\/gltestm.webology.pl\/cs\/wp-json\/wp\/v2\/comments?post=16517"}],"version-history":[{"count":0,"href":"https:\/\/gltestm.webology.pl\/cs\/wp-json\/wp\/v2\/product\/16517\/revisions"}],"wp:featuredmedia":[{"embeddable":true,"href":"https:\/\/gltestm.webology.pl\/cs\/wp-json\/wp\/v2\/media\/14582"}],"wp:attachment":[{"href":"https:\/\/gltestm.webology.pl\/cs\/wp-json\/wp\/v2\/media?parent=16517"}],"wp:term":[{"taxonomy":"product_brand","embeddable":true,"href":"https:\/\/gltestm.webology.pl\/cs\/wp-json\/wp\/v2\/product_brand?post=16517"},{"taxonomy":"product_cat","embeddable":true,"href":"https:\/\/gltestm.webology.pl\/cs\/wp-json\/wp\/v2\/product_cat?post=16517"},{"taxonomy":"product_tag","embeddable":true,"href":"https:\/\/gltestm.webology.pl\/cs\/wp-json\/wp\/v2\/product_tag?post=16517"}],"curies":[{"name":"wp","href":"https:\/\/api.w.org\/{rel}","templated":true}]}}