{"id":16513,"date":"2026-03-18T22:03:42","date_gmt":"2026-03-18T21:03:42","guid":{"rendered":"https:\/\/gltestm.webology.pl\/produkt\/navlekac\/"},"modified":"2026-03-22T21:47:35","modified_gmt":"2026-03-22T20:47:35","slug":"navlekac","status":"publish","type":"product","link":"https:\/\/gltestm.webology.pl\/cs\/produkt\/navlekac\/","title":{"rendered":"Navl\u00e9ka\u010d"},"content":{"rendered":"<h2><strong>Pou\u017eit\u00ed navl\u00e9ka\u010de<\/strong><\/h2>\n<p>Je nepostradateln\u00fd pro navl\u00e9k\u00e1n\u00ed nit\u00ed p\u0159i ru\u010dn\u00edm \u0161it\u00ed i v \u0161ic\u00edch stroj\u00edch. D\u00edky n\u011bmu navl\u00e9kneme nit na jehlu rychle a bez zbyte\u010dn\u00fdch komplikac\u00ed.<\/p>\n<h2><strong>Rozm\u011bry navl\u00e9ka\u010de<\/strong><\/h2>\n<p>Navl\u00e9ka\u010d je kovov\u00e1 desti\u010dka s tenk\u00fdm dr\u00e1tkem uspo\u0159\u00e1dan\u00fdm do ou\u0161ka. Jeho rozm\u011bry jsou:<\/p>\n<p>\u0160\u00ed\u0159ka: 2 cm D\u00e9lka: 5,2 cm Rozm\u011br ou\u0161ka: 0,4 x 1,5 cm<\/p>\n<h2><strong>Jak si s t\u00edmto v\u00fdrobkem usnadnit navl\u00e9k\u00e1n\u00ed<\/strong><\/h2>\n<p>Chcete-li navl\u00e9knout nit na jehlu, nejprve vlo\u017ete ou\u0161ko do o\u010dka jehly. Pot\u00e9 prot\u00e1hn\u011bte nit o\u010dkem a nakonec vyt\u00e1hn\u011bte o\u010dko spole\u010dn\u011b s nit\u00ed z o\u010dka jehly. Hotovo!<\/p>\n","protected":false},"excerpt":{"rendered":"<p>Kovov\u00fd z\u00e1vitn\u00edk. Usnad\u0148uje provl\u00e9k\u00e1n\u00ed nit\u011b o\u010dkem jehly.<\/p>\n","protected":false},"featured_media":15100,"comment_status":"open","ping_status":"closed","template":"","meta":[],"product_brand":[],"product_cat":[776],"product_tag":[],"class_list":{"0":"post-16513","1":"product","2":"type-product","3":"status-publish","4":"has-post-thumbnail","6":"product_cat-inne-narzedzia-i-akcesoria","8":"first","9":"instock","10":"taxable","11":"shipping-taxable","12":"purchasable","13":"product-type-simple"},"_links":{"self":[{"href":"https:\/\/gltestm.webology.pl\/cs\/wp-json\/wp\/v2\/product\/16513","targetHints":{"allow":["GET"]}}],"collection":[{"href":"https:\/\/gltestm.webology.pl\/cs\/wp-json\/wp\/v2\/product"}],"about":[{"href":"https:\/\/gltestm.webology.pl\/cs\/wp-json\/wp\/v2\/types\/product"}],"replies":[{"embeddable":true,"href":"https:\/\/gltestm.webology.pl\/cs\/wp-json\/wp\/v2\/comments?post=16513"}],"version-history":[{"count":0,"href":"https:\/\/gltestm.webology.pl\/cs\/wp-json\/wp\/v2\/product\/16513\/revisions"}],"wp:featuredmedia":[{"embeddable":true,"href":"https:\/\/gltestm.webology.pl\/cs\/wp-json\/wp\/v2\/media\/15100"}],"wp:attachment":[{"href":"https:\/\/gltestm.webology.pl\/cs\/wp-json\/wp\/v2\/media?parent=16513"}],"wp:term":[{"taxonomy":"product_brand","embeddable":true,"href":"https:\/\/gltestm.webology.pl\/cs\/wp-json\/wp\/v2\/product_brand?post=16513"},{"taxonomy":"product_cat","embeddable":true,"href":"https:\/\/gltestm.webology.pl\/cs\/wp-json\/wp\/v2\/product_cat?post=16513"},{"taxonomy":"product_tag","embeddable":true,"href":"https:\/\/gltestm.webology.pl\/cs\/wp-json\/wp\/v2\/product_tag?post=16513"}],"curies":[{"name":"wp","href":"https:\/\/api.w.org\/{rel}","templated":true}]}}