{"id":16501,"date":"2026-03-18T22:03:41","date_gmt":"2026-03-18T21:03:41","guid":{"rendered":"https:\/\/gltestm.webology.pl\/produkt\/kovovy-naprstek\/"},"modified":"2026-03-22T21:47:33","modified_gmt":"2026-03-22T20:47:33","slug":"kovovy-naprstek","status":"publish","type":"product","link":"https:\/\/gltestm.webology.pl\/cs\/produkt\/kovovy-naprstek\/","title":{"rendered":"Kovov\u00fd n\u00e1prstek"},"content":{"rendered":"<p>Ochrann\u00e1 \u010depi\u010dka nasazen\u00e1 na prst b\u011bhem \u0161it\u00ed. Chr\u00e1n\u00ed p\u0159ed p\u00edchnut\u00edm jehlou p\u0159i zaj\u00ed\u017ed\u011bn\u00ed do tvrd\u00e9ho materi\u00e1lu.<\/p>\n","protected":false},"excerpt":{"rendered":"<p>N\u00e1prstek slou\u017e\u00ed jako ochrana prst\u016f p\u0159i ru\u010dn\u00edm \u0161it\u00ed<\/p>\n","protected":false},"featured_media":13859,"comment_status":"open","ping_status":"closed","template":"","meta":[],"product_brand":[],"product_cat":[346],"product_tag":[],"class_list":{"0":"post-16501","1":"product","2":"type-product","3":"status-publish","4":"has-post-thumbnail","6":"product_cat-naparstki","8":"first","9":"instock","10":"taxable","11":"shipping-taxable","12":"purchasable","13":"product-type-simple"},"_links":{"self":[{"href":"https:\/\/gltestm.webology.pl\/cs\/wp-json\/wp\/v2\/product\/16501","targetHints":{"allow":["GET"]}}],"collection":[{"href":"https:\/\/gltestm.webology.pl\/cs\/wp-json\/wp\/v2\/product"}],"about":[{"href":"https:\/\/gltestm.webology.pl\/cs\/wp-json\/wp\/v2\/types\/product"}],"replies":[{"embeddable":true,"href":"https:\/\/gltestm.webology.pl\/cs\/wp-json\/wp\/v2\/comments?post=16501"}],"version-history":[{"count":0,"href":"https:\/\/gltestm.webology.pl\/cs\/wp-json\/wp\/v2\/product\/16501\/revisions"}],"wp:featuredmedia":[{"embeddable":true,"href":"https:\/\/gltestm.webology.pl\/cs\/wp-json\/wp\/v2\/media\/13859"}],"wp:attachment":[{"href":"https:\/\/gltestm.webology.pl\/cs\/wp-json\/wp\/v2\/media?parent=16501"}],"wp:term":[{"taxonomy":"product_brand","embeddable":true,"href":"https:\/\/gltestm.webology.pl\/cs\/wp-json\/wp\/v2\/product_brand?post=16501"},{"taxonomy":"product_cat","embeddable":true,"href":"https:\/\/gltestm.webology.pl\/cs\/wp-json\/wp\/v2\/product_cat?post=16501"},{"taxonomy":"product_tag","embeddable":true,"href":"https:\/\/gltestm.webology.pl\/cs\/wp-json\/wp\/v2\/product_tag?post=16501"}],"curies":[{"name":"wp","href":"https:\/\/api.w.org\/{rel}","templated":true}]}}