{"id":16497,"date":"2026-03-18T22:03:41","date_gmt":"2026-03-18T21:03:41","guid":{"rendered":"https:\/\/gltestm.webology.pl\/produkt\/spinaci-spendliky-sada-12-kusu\/"},"modified":"2026-03-22T21:47:30","modified_gmt":"2026-03-22T20:47:30","slug":"spinaci-spendliky-sada-12-kusu","status":"publish","type":"product","link":"https:\/\/gltestm.webology.pl\/cs\/produkt\/spinaci-spendliky-sada-12-kusu\/","title":{"rendered":"Sp\u00ednac\u00ed \u0161pendl\u00edky sada 12 kus\u016f"},"content":{"rendered":"<h2><strong>Sp\u00ednac\u00ed \u0161pendl\u00edky &#8211; nepostradateln\u00fd v\u00fdrobek <\/strong><\/h2>\n<p>Jedn\u00e1 se o nepostradateln\u00fd v\u00fdrobek v ka\u017ed\u00e9 dom\u00e1cnosti. Poslou\u017e\u00ed n\u00e1m k rychl\u00e9mu spojen\u00ed dvou kus\u016f l\u00e1tky a k p\u0159ipevn\u011bn\u00ed r\u016fzn\u00fdch prvk\u016f k oble\u010den\u00ed a dekorac\u00edm. M\u016f\u017eeme s nimi tak\u00e9 upevnit obvazy a troj\u00faheln\u00edkov\u00e9 \u0161\u00e1tky.<\/p>\n<h2><strong>Pou\u017eit\u00ed v krej\u010dovstv\u00ed<\/strong><\/h2>\n<p>V krej\u010dovstv\u00ed se \u010dasto pou\u017e\u00edvaj\u00ed ke sta\u017een\u00ed prov\u00e1zku, stuhy do p\u0159edem u\u0161it\u00e9ho tunelu &#8211; u mikin mikin, batoh\u016f nebo nejr\u016fzn\u011bj\u0161\u00edch ta\u0161ek.<\/p>\n<h2><strong>Obsah sady<\/strong><\/h2>\n<p>Sada obsahuje 12 kus\u016f sp\u00ednac\u00edch \u0161pendl\u00edk\u016f v jedn\u00e9 velikosti &#8211; 28 mm. Ka\u017ed\u00fd z nich je vyroben z kalen\u00e9 oceli, kter\u00e1 zaji\u0161\u0165uje vy\u0161\u0161\u00ed pevnost p\u0159i pr\u00e1ci.<\/p>\n","protected":false},"excerpt":{"rendered":"<p>Sada 12 kus\u016f zav\u00edrac\u00edch \u0161pendl\u00edk\u016f o velikosti 28 mm.<\/p>\n","protected":false},"featured_media":15023,"comment_status":"open","ping_status":"closed","template":"","meta":[],"product_brand":[],"product_cat":[741],"product_tag":[],"class_list":{"0":"post-16497","1":"product","2":"type-product","3":"status-publish","4":"has-post-thumbnail","6":"product_cat-szpilki-agrafki-i-poduszeczki","8":"first","9":"instock","10":"taxable","11":"shipping-taxable","12":"purchasable","13":"product-type-simple"},"_links":{"self":[{"href":"https:\/\/gltestm.webology.pl\/cs\/wp-json\/wp\/v2\/product\/16497","targetHints":{"allow":["GET"]}}],"collection":[{"href":"https:\/\/gltestm.webology.pl\/cs\/wp-json\/wp\/v2\/product"}],"about":[{"href":"https:\/\/gltestm.webology.pl\/cs\/wp-json\/wp\/v2\/types\/product"}],"replies":[{"embeddable":true,"href":"https:\/\/gltestm.webology.pl\/cs\/wp-json\/wp\/v2\/comments?post=16497"}],"version-history":[{"count":0,"href":"https:\/\/gltestm.webology.pl\/cs\/wp-json\/wp\/v2\/product\/16497\/revisions"}],"wp:featuredmedia":[{"embeddable":true,"href":"https:\/\/gltestm.webology.pl\/cs\/wp-json\/wp\/v2\/media\/15023"}],"wp:attachment":[{"href":"https:\/\/gltestm.webology.pl\/cs\/wp-json\/wp\/v2\/media?parent=16497"}],"wp:term":[{"taxonomy":"product_brand","embeddable":true,"href":"https:\/\/gltestm.webology.pl\/cs\/wp-json\/wp\/v2\/product_brand?post=16497"},{"taxonomy":"product_cat","embeddable":true,"href":"https:\/\/gltestm.webology.pl\/cs\/wp-json\/wp\/v2\/product_cat?post=16497"},{"taxonomy":"product_tag","embeddable":true,"href":"https:\/\/gltestm.webology.pl\/cs\/wp-json\/wp\/v2\/product_tag?post=16497"}],"curies":[{"name":"wp","href":"https:\/\/api.w.org\/{rel}","templated":true}]}}