{"id":16493,"date":"2026-03-18T22:03:40","date_gmt":"2026-03-18T21:03:40","guid":{"rendered":"https:\/\/gltestm.webology.pl\/produkt\/krejcovsky-metr-mix-samonavijeci\/"},"modified":"2026-03-22T21:47:25","modified_gmt":"2026-03-22T20:47:25","slug":"krejcovsky-metr-mix-samonavijeci","status":"publish","type":"product","link":"https:\/\/gltestm.webology.pl\/cs\/produkt\/krejcovsky-metr-mix-samonavijeci\/","title":{"rendered":"Krej\u010dovsk\u00fd metr MIX samonav\u00edjec\u00ed"},"content":{"rendered":"<h2><strong>M\u011b\u0159\u00edc\u00ed stupnice<\/strong><\/h2>\n<p>Centimetr lze rozvinout na d\u00e9lku 150 cm. M\u00edra je oboustrann\u00e1, na jedn\u00e9 stran\u011b je m\u00edra uvedena v centimetrech a na druh\u00e9 stran\u011b v palc\u00edch.<\/p>\n<h2><strong>Co m\u016f\u017eeme m\u011b\u0159it?<\/strong><\/h2>\n<p>Oboustrann\u00fd krej\u010dovsk\u00fd metr je nepostradateln\u00fdm pomocn\u00edkem nejen p\u0159i \u0161it\u00ed a tvorb\u011b polotovar\u016f, ale i v b\u011b\u017en\u00e9m \u017eivot\u011b, kdy\u017e pot\u0159ebujeme n\u011bco rychle zm\u011b\u0159it.<\/p>\n<p>D\u00edky centimetru m\u016f\u017eeme snadno zm\u011b\u0159it i rozm\u011bry postavy.<\/p>\n<p>Samonav\u00edjec\u00ed metr je vyroben z pru\u017en\u00e9ho plastu, tak\u017ee se snadno p\u0159izp\u016fsob\u00ed m\u011b\u0159en\u00e9mu tvaru.<\/p>\n<p>Centimetr se dod\u00e1v\u00e1 ve t\u0159ech barv\u00e1ch: \u010derven\u00e9, \u017elut\u00e9 a modr\u00e9. Nab\u00eddka se vztahuje na jeden kus. Barvu zas\u00edl\u00e1me n\u00e1hodn\u011b!<\/p>\n","protected":false},"excerpt":{"rendered":"<p>Samonav\u00edjec\u00ed krej\u010dovsk\u00fd metr o d\u00e9lce 150 cm. Dod\u00e1v\u00e1 se ve t\u0159ech barv\u00e1ch: \u010derven\u00e9, modr\u00e9 a \u017elut\u00e9.<\/p>\n","protected":false},"featured_media":15906,"comment_status":"open","ping_status":"closed","template":"","meta":[],"product_brand":[],"product_cat":[756],"product_tag":[],"class_list":{"0":"post-16493","1":"product","2":"type-product","3":"status-publish","4":"has-post-thumbnail","6":"product_cat-miary-linijki-i-cyrkle","8":"first","9":"instock","10":"taxable","11":"shipping-taxable","12":"purchasable","13":"product-type-simple"},"_links":{"self":[{"href":"https:\/\/gltestm.webology.pl\/cs\/wp-json\/wp\/v2\/product\/16493","targetHints":{"allow":["GET"]}}],"collection":[{"href":"https:\/\/gltestm.webology.pl\/cs\/wp-json\/wp\/v2\/product"}],"about":[{"href":"https:\/\/gltestm.webology.pl\/cs\/wp-json\/wp\/v2\/types\/product"}],"replies":[{"embeddable":true,"href":"https:\/\/gltestm.webology.pl\/cs\/wp-json\/wp\/v2\/comments?post=16493"}],"version-history":[{"count":0,"href":"https:\/\/gltestm.webology.pl\/cs\/wp-json\/wp\/v2\/product\/16493\/revisions"}],"wp:featuredmedia":[{"embeddable":true,"href":"https:\/\/gltestm.webology.pl\/cs\/wp-json\/wp\/v2\/media\/15906"}],"wp:attachment":[{"href":"https:\/\/gltestm.webology.pl\/cs\/wp-json\/wp\/v2\/media?parent=16493"}],"wp:term":[{"taxonomy":"product_brand","embeddable":true,"href":"https:\/\/gltestm.webology.pl\/cs\/wp-json\/wp\/v2\/product_brand?post=16493"},{"taxonomy":"product_cat","embeddable":true,"href":"https:\/\/gltestm.webology.pl\/cs\/wp-json\/wp\/v2\/product_cat?post=16493"},{"taxonomy":"product_tag","embeddable":true,"href":"https:\/\/gltestm.webology.pl\/cs\/wp-json\/wp\/v2\/product_tag?post=16493"}],"curies":[{"name":"wp","href":"https:\/\/api.w.org\/{rel}","templated":true}]}}