{"id":16481,"date":"2026-03-18T22:03:40","date_gmt":"2026-03-18T21:03:40","guid":{"rendered":"https:\/\/gltestm.webology.pl\/produkt\/koliky-se-sklenenou-hlavou-delky-48-mm\/"},"modified":"2026-03-22T21:47:18","modified_gmt":"2026-03-22T20:47:18","slug":"koliky-se-sklenenou-hlavou-delky-48-mm","status":"publish","type":"product","link":"https:\/\/gltestm.webology.pl\/cs\/produkt\/koliky-se-sklenenou-hlavou-delky-48-mm\/","title":{"rendered":"Kol\u00edky se sklen\u011bnou hlavou d\u00e9lky 48 mm"},"content":{"rendered":"<p>Krej\u010dovsk\u00e9 \u0161pendl\u00edky se sklen\u011bnou hlavi\u010dkou jsou dob\u0159e vid\u011bt, pronikaj\u00ed a dob\u0159e dr\u017e\u00ed. \u0160pendl\u00edky jsou kvalitn\u00ed, nel\u00e1mav\u00e9 a ve srovn\u00e1n\u00ed s kovov\u00fdmi \u0161pendl\u00edky jsou pon\u011bkud pru\u017en\u00e9. \u0160pendl\u00edky jsou baleny v plastov\u00e9 krabi\u010dce.<\/p>\n<p>Hmotnost: 30 g<\/p>\n<p>Obsah balen\u00ed: asi 140 kus\u016f<\/p>\n","protected":false},"excerpt":{"rendered":"<p>Kol\u00edky se sklen\u011bnou hlavou d\u00e9lky 48 mm<\/p>\n","protected":false},"featured_media":13831,"comment_status":"open","ping_status":"closed","template":"","meta":[],"product_brand":[],"product_cat":[741],"product_tag":[],"class_list":{"0":"post-16481","1":"product","2":"type-product","3":"status-publish","4":"has-post-thumbnail","6":"product_cat-szpilki-agrafki-i-poduszeczki","8":"first","9":"instock","10":"taxable","11":"shipping-taxable","12":"purchasable","13":"product-type-simple"},"_links":{"self":[{"href":"https:\/\/gltestm.webology.pl\/cs\/wp-json\/wp\/v2\/product\/16481","targetHints":{"allow":["GET"]}}],"collection":[{"href":"https:\/\/gltestm.webology.pl\/cs\/wp-json\/wp\/v2\/product"}],"about":[{"href":"https:\/\/gltestm.webology.pl\/cs\/wp-json\/wp\/v2\/types\/product"}],"replies":[{"embeddable":true,"href":"https:\/\/gltestm.webology.pl\/cs\/wp-json\/wp\/v2\/comments?post=16481"}],"version-history":[{"count":0,"href":"https:\/\/gltestm.webology.pl\/cs\/wp-json\/wp\/v2\/product\/16481\/revisions"}],"wp:featuredmedia":[{"embeddable":true,"href":"https:\/\/gltestm.webology.pl\/cs\/wp-json\/wp\/v2\/media\/13831"}],"wp:attachment":[{"href":"https:\/\/gltestm.webology.pl\/cs\/wp-json\/wp\/v2\/media?parent=16481"}],"wp:term":[{"taxonomy":"product_brand","embeddable":true,"href":"https:\/\/gltestm.webology.pl\/cs\/wp-json\/wp\/v2\/product_brand?post=16481"},{"taxonomy":"product_cat","embeddable":true,"href":"https:\/\/gltestm.webology.pl\/cs\/wp-json\/wp\/v2\/product_cat?post=16481"},{"taxonomy":"product_tag","embeddable":true,"href":"https:\/\/gltestm.webology.pl\/cs\/wp-json\/wp\/v2\/product_tag?post=16481"}],"curies":[{"name":"wp","href":"https:\/\/api.w.org\/{rel}","templated":true}]}}