{"id":16477,"date":"2026-03-18T22:03:39","date_gmt":"2026-03-18T21:03:39","guid":{"rendered":"https:\/\/gltestm.webology.pl\/produkt\/prujka-delka-120-mm\/"},"modified":"2026-03-22T21:47:11","modified_gmt":"2026-03-22T20:47:11","slug":"prujka-delka-120-mm","status":"publish","type":"product","link":"https:\/\/gltestm.webology.pl\/cs\/produkt\/prujka-delka-120-mm\/","title":{"rendered":"Prujka d\u00e9lka 120 mm"},"content":{"rendered":"<p>\u0158eza\u010dka je ide\u00e1ln\u00ed pro lemov\u00e1n\u00ed \u0161v\u016f, \u0161t\u00edtk\u016f a st\u0159\u00edh\u00e1n\u00ed knofl\u00edkov\u00fdch d\u00edrek. Dod\u00e1v\u00e1 se s ochrannou plastovou z\u00e1tkou.<\/p>\n","protected":false},"excerpt":{"rendered":"<p>\u0160vestka ide\u00e1ln\u00ed pro \u0161vy potrub\u00ed<\/p>\n","protected":false},"featured_media":14259,"comment_status":"open","ping_status":"closed","template":"","meta":[],"product_brand":[],"product_cat":[776],"product_tag":[],"class_list":{"0":"post-16477","1":"product","2":"type-product","3":"status-publish","4":"has-post-thumbnail","6":"product_cat-inne-narzedzia-i-akcesoria","8":"first","9":"instock","10":"taxable","11":"shipping-taxable","12":"purchasable","13":"product-type-simple"},"_links":{"self":[{"href":"https:\/\/gltestm.webology.pl\/cs\/wp-json\/wp\/v2\/product\/16477","targetHints":{"allow":["GET"]}}],"collection":[{"href":"https:\/\/gltestm.webology.pl\/cs\/wp-json\/wp\/v2\/product"}],"about":[{"href":"https:\/\/gltestm.webology.pl\/cs\/wp-json\/wp\/v2\/types\/product"}],"replies":[{"embeddable":true,"href":"https:\/\/gltestm.webology.pl\/cs\/wp-json\/wp\/v2\/comments?post=16477"}],"version-history":[{"count":0,"href":"https:\/\/gltestm.webology.pl\/cs\/wp-json\/wp\/v2\/product\/16477\/revisions"}],"wp:featuredmedia":[{"embeddable":true,"href":"https:\/\/gltestm.webology.pl\/cs\/wp-json\/wp\/v2\/media\/14259"}],"wp:attachment":[{"href":"https:\/\/gltestm.webology.pl\/cs\/wp-json\/wp\/v2\/media?parent=16477"}],"wp:term":[{"taxonomy":"product_brand","embeddable":true,"href":"https:\/\/gltestm.webology.pl\/cs\/wp-json\/wp\/v2\/product_brand?post=16477"},{"taxonomy":"product_cat","embeddable":true,"href":"https:\/\/gltestm.webology.pl\/cs\/wp-json\/wp\/v2\/product_cat?post=16477"},{"taxonomy":"product_tag","embeddable":true,"href":"https:\/\/gltestm.webology.pl\/cs\/wp-json\/wp\/v2\/product_tag?post=16477"}],"curies":[{"name":"wp","href":"https:\/\/api.w.org\/{rel}","templated":true}]}}