{"id":16453,"date":"2026-03-18T22:03:38","date_gmt":"2026-03-18T21:03:38","guid":{"rendered":"https:\/\/gltestm.webology.pl\/produkt\/28mm-rezacka-materialu\/"},"modified":"2026-03-22T21:47:08","modified_gmt":"2026-03-22T20:47:08","slug":"28mm-rezacka-materialu","status":"publish","type":"product","link":"https:\/\/gltestm.webology.pl\/cs\/produkt\/28mm-rezacka-materialu\/","title":{"rendered":"28mm \u0159eza\u010dka materi\u00e1lu"},"content":{"rendered":"<h2>Kruhov\u00fd n\u016f\u017e na \u0159ez\u00e1n\u00ed l\u00e1tky<\/h2>\n<p>N\u016f\u017e s rota\u010dn\u00edm ost\u0159\u00edm o pr\u016fm\u011bru 28 mm pro \u0159ez\u00e1n\u00ed l\u00e1tky pod\u00e9l rovn\u00fdch lini\u00ed i pod\u00e9l k\u0159ivek. Snadno si porad\u00ed s v\u00edce vrstvami l\u00e1tky. Mal\u00fd pr\u016fm\u011br \u010depele, pom\u00e1h\u00e1 p\u0159i p\u0159esn\u011bj\u0161\u00edch \u010d\u00e1stech \u0159ezu a usnad\u0148uje \u0159ez\u00e1n\u00ed k\u0159ivek.<\/p>\n<h2>Pou\u017eit\u00ed v dal\u0161\u00edch technik\u00e1ch<\/h2>\n<p>Skv\u011ble poslou\u017e\u00ed i p\u0159i dal\u0161\u00edch technik\u00e1ch, jako je scrapbooking, quilling a patchwork. Snadno jej mohou pou\u017e\u00edvat i lev\u00e1ci &#8211; sta\u010d\u00ed p\u0159ehodit \u010depel na druhou stranu. Rota\u010dn\u00ed n\u016f\u017e doporu\u010dujeme profesion\u00e1l\u016fm i pokro\u010dil\u00fdm amat\u00e9r\u016fm.<\/p>\n<h2>Bezpe\u010dn\u00e9 pou\u017e\u00edv\u00e1n\u00ed rota\u010dn\u00edho no\u017ee<\/h2>\n<p>\u0158ez\u00e1n\u00ed rota\u010dn\u00edm no\u017eem je mo\u017en\u00e9 pouze na podlo\u017ece. \u010cepel je vyrobena z tvrd\u00e9 wolframov\u00e9 oceli a pokus o \u0159ez\u00e1n\u00ed na jin\u00e9m povrchu ji rychle po\u0161kod\u00ed.<\/p>\n<p>\u010cepel je zasouvac\u00ed, tak\u017ee ji m\u016f\u017eeme rychle zajistit, kdy\u017e v\u00fdrobek nepou\u017e\u00edv\u00e1me. N\u00e1hradn\u00ed <a href=\"https:\/\/galerialucznik.pl\/pl\/products\/przybory-do-szycia\/akcesoria-krawieckie\/noze-noze-krazkowe-i-przecinaki\/ostrze-do-noza-krazkowego-28-mm-proste-1092.html\" target=\"_blank\" rel=\"noopener\">\u010depele<\/a> m\u016f\u017eete zakoupit na na\u0161ich webov\u00fdch str\u00e1nk\u00e1ch.<\/p>\n","protected":false},"excerpt":{"rendered":"<p>V\u00e1le\u010dkov\u00e1 fr\u00e9za s rotuj\u00edc\u00edm no\u017eem o pr\u016fm\u011bru 28 mm<\/p>\n","protected":false},"featured_media":14230,"comment_status":"open","ping_status":"closed","template":"","meta":[],"product_brand":[],"product_cat":[761],"product_tag":[],"class_list":{"0":"post-16453","1":"product","2":"type-product","3":"status-publish","4":"has-post-thumbnail","6":"product_cat-noze-noze-krazkowe-i-przecinaki","8":"first","9":"instock","10":"taxable","11":"shipping-taxable","12":"purchasable","13":"product-type-simple"},"_links":{"self":[{"href":"https:\/\/gltestm.webology.pl\/cs\/wp-json\/wp\/v2\/product\/16453","targetHints":{"allow":["GET"]}}],"collection":[{"href":"https:\/\/gltestm.webology.pl\/cs\/wp-json\/wp\/v2\/product"}],"about":[{"href":"https:\/\/gltestm.webology.pl\/cs\/wp-json\/wp\/v2\/types\/product"}],"replies":[{"embeddable":true,"href":"https:\/\/gltestm.webology.pl\/cs\/wp-json\/wp\/v2\/comments?post=16453"}],"version-history":[{"count":0,"href":"https:\/\/gltestm.webology.pl\/cs\/wp-json\/wp\/v2\/product\/16453\/revisions"}],"wp:featuredmedia":[{"embeddable":true,"href":"https:\/\/gltestm.webology.pl\/cs\/wp-json\/wp\/v2\/media\/14230"}],"wp:attachment":[{"href":"https:\/\/gltestm.webology.pl\/cs\/wp-json\/wp\/v2\/media?parent=16453"}],"wp:term":[{"taxonomy":"product_brand","embeddable":true,"href":"https:\/\/gltestm.webology.pl\/cs\/wp-json\/wp\/v2\/product_brand?post=16453"},{"taxonomy":"product_cat","embeddable":true,"href":"https:\/\/gltestm.webology.pl\/cs\/wp-json\/wp\/v2\/product_cat?post=16453"},{"taxonomy":"product_tag","embeddable":true,"href":"https:\/\/gltestm.webology.pl\/cs\/wp-json\/wp\/v2\/product_tag?post=16453"}],"curies":[{"name":"wp","href":"https:\/\/api.w.org\/{rel}","templated":true}]}}