{"id":16429,"date":"2026-03-18T22:03:37","date_gmt":"2026-03-18T21:03:37","guid":{"rendered":"https:\/\/gltestm.webology.pl\/produkt\/magneticka-podlozka-pro-jehly-a-spendliky\/"},"modified":"2026-03-22T21:47:04","modified_gmt":"2026-03-22T20:47:04","slug":"magneticka-podlozka-pro-jehly-a-spendliky","status":"publish","type":"product","link":"https:\/\/gltestm.webology.pl\/cs\/produkt\/magneticka-podlozka-pro-jehly-a-spendliky\/","title":{"rendered":"Magnetick\u00e1 podlo\u017eka pro jehly a \u0161pendl\u00edky"},"content":{"rendered":"<h2>Magnetick\u00e1 podlo\u017eka<\/h2>\n<p>Jedn\u00e1 se o plastovou podlo\u017eku, kter\u00e1 m\u00e1 uvnit\u0159 magnet, tak\u017ee p\u0159itahuje v\u0161echny mal\u00e9 kovov\u00e9 d\u00edly. D\u00edky ov\u00e1ln\u00e9mu tvaru podlo\u017eka dokonale padne do ruky. Skv\u011ble poslou\u017e\u00ed jako podlo\u017eka pod jehly, \u0161pendl\u00edky, kancel\u00e1\u0159sk\u00e9 sponky a dal\u0161\u00ed kovov\u00e9 \u0161ic\u00ed p\u0159edm\u011bty.<\/p>\n<p>Je pevn\u011b vyroben\u00e1 a mimo\u0159\u00e1dn\u011b praktick\u00e1. D\u00edky podlo\u017ece zapomenete na ztracen\u00e9 \u0161pendl\u00edky a vytvo\u0159\u00edte si \u010dist\u00fd a bezpe\u010dn\u00fd pracovn\u00ed prostor.<\/p>\n","protected":false},"excerpt":{"rendered":"<p>Velmi u\u017eite\u010dn\u00e1 magnetick\u00e1 podlo\u017eka na jehly a \u0161pendl\u00edky, kter\u00e1 zabra\u0148uje n\u00e1hodn\u00e9mu vysyp\u00e1n\u00ed jehel, \u0161pendl\u00edk\u016f nebo sp\u00ednac\u00edch \u0161pendl\u00edk\u016f<\/p>\n","protected":false},"featured_media":13524,"comment_status":"open","ping_status":"closed","template":"","meta":[],"product_brand":[],"product_cat":[741],"product_tag":[],"class_list":{"0":"post-16429","1":"product","2":"type-product","3":"status-publish","4":"has-post-thumbnail","6":"product_cat-szpilki-agrafki-i-poduszeczki","8":"first","9":"instock","10":"taxable","11":"shipping-taxable","12":"purchasable","13":"product-type-simple"},"_links":{"self":[{"href":"https:\/\/gltestm.webology.pl\/cs\/wp-json\/wp\/v2\/product\/16429","targetHints":{"allow":["GET"]}}],"collection":[{"href":"https:\/\/gltestm.webology.pl\/cs\/wp-json\/wp\/v2\/product"}],"about":[{"href":"https:\/\/gltestm.webology.pl\/cs\/wp-json\/wp\/v2\/types\/product"}],"replies":[{"embeddable":true,"href":"https:\/\/gltestm.webology.pl\/cs\/wp-json\/wp\/v2\/comments?post=16429"}],"version-history":[{"count":0,"href":"https:\/\/gltestm.webology.pl\/cs\/wp-json\/wp\/v2\/product\/16429\/revisions"}],"wp:featuredmedia":[{"embeddable":true,"href":"https:\/\/gltestm.webology.pl\/cs\/wp-json\/wp\/v2\/media\/13524"}],"wp:attachment":[{"href":"https:\/\/gltestm.webology.pl\/cs\/wp-json\/wp\/v2\/media?parent=16429"}],"wp:term":[{"taxonomy":"product_brand","embeddable":true,"href":"https:\/\/gltestm.webology.pl\/cs\/wp-json\/wp\/v2\/product_brand?post=16429"},{"taxonomy":"product_cat","embeddable":true,"href":"https:\/\/gltestm.webology.pl\/cs\/wp-json\/wp\/v2\/product_cat?post=16429"},{"taxonomy":"product_tag","embeddable":true,"href":"https:\/\/gltestm.webology.pl\/cs\/wp-json\/wp\/v2\/product_tag?post=16429"}],"curies":[{"name":"wp","href":"https:\/\/api.w.org\/{rel}","templated":true}]}}