{"id":16421,"date":"2026-03-18T22:03:37","date_gmt":"2026-03-18T21:03:37","guid":{"rendered":"https:\/\/gltestm.webology.pl\/produkt\/pravitko-na-mereni-stehu\/"},"modified":"2026-03-22T21:46:58","modified_gmt":"2026-03-22T20:46:58","slug":"pravitko-na-mereni-stehu","status":"publish","type":"product","link":"https:\/\/gltestm.webology.pl\/cs\/produkt\/pravitko-na-mereni-stehu\/","title":{"rendered":"Prav\u00edtko na m\u011b\u0159en\u00ed steh\u016f"},"content":{"rendered":"<h2>Pou\u017eit\u00ed<\/h2>\n<p>Praktick\u00fd krej\u010dovsk\u00fd metr s po\u010d\u00edtadlem steh\u016f a vroubkovan\u00fdmi okraji bude nepostradateln\u00fdm pomocn\u00edkem v ka\u017ed\u00e9m \u0161ic\u00edm ateli\u00e9ru. Skv\u011ble poslou\u017e\u00ed k ozna\u010dov\u00e1n\u00ed, tvorb\u011b z\u00e1lo\u017eek a dokon\u010dov\u00e1n\u00ed okraj\u016f. D\u00edky z\u00e1\u0159ez\u016fm na centimetrov\u00e9 stupnici je ide\u00e1ln\u00ed k vyzna\u010den\u00ed d\u00e9lky stehu i k vyzna\u010den\u00ed z\u00e1\u0159ez\u016f na l\u00e1tce. Snadno s n\u00edm ur\u010d\u00edte p\u0159\u00eddavek na \u0161ev p\u0159i obkreslov\u00e1n\u00ed vzoru, zm\u011b\u0159\u00edte velikost knofl\u00edkov\u00e9 d\u00edrky nebo ozna\u010d\u00edte vzor. Je ide\u00e1ln\u00ed pro vylo\u017een\u00ed lem\u016f a z\u00e1hyb\u016f.<\/p>\n<h2>M\u011b\u0159\u00edtko m\u011b\u0159idla<\/h2>\n<p>Ozna\u010dovac\u00ed prav\u00edtko m\u00e1<strong> na <\/strong>obou stran\u00e1ch p\u0159ehlednou a p\u0159esnou stupnici a\u017e do <strong>20 cm<\/strong>. Nem\u00e1 okraj, tak\u017ee m\u00edra za\u010d\u00edn\u00e1 sou\u010dasn\u011b se za\u010d\u00e1tkem prav\u00edtka.<\/p>\n<p>Je vyrobeno z pru\u017en\u00e9ho plastu.<\/p>\n","protected":false},"excerpt":{"rendered":"<p>Krej\u010dovsk\u00fd metr pro zna\u010den\u00ed o d\u00e9lce 20 cm<\/p>\n","protected":false},"featured_media":13177,"comment_status":"open","ping_status":"closed","template":"","meta":[],"product_brand":[],"product_cat":[756],"product_tag":[],"class_list":{"0":"post-16421","1":"product","2":"type-product","3":"status-publish","4":"has-post-thumbnail","6":"product_cat-miary-linijki-i-cyrkle","8":"first","9":"instock","10":"taxable","11":"shipping-taxable","12":"purchasable","13":"product-type-simple"},"_links":{"self":[{"href":"https:\/\/gltestm.webology.pl\/cs\/wp-json\/wp\/v2\/product\/16421","targetHints":{"allow":["GET"]}}],"collection":[{"href":"https:\/\/gltestm.webology.pl\/cs\/wp-json\/wp\/v2\/product"}],"about":[{"href":"https:\/\/gltestm.webology.pl\/cs\/wp-json\/wp\/v2\/types\/product"}],"replies":[{"embeddable":true,"href":"https:\/\/gltestm.webology.pl\/cs\/wp-json\/wp\/v2\/comments?post=16421"}],"version-history":[{"count":0,"href":"https:\/\/gltestm.webology.pl\/cs\/wp-json\/wp\/v2\/product\/16421\/revisions"}],"wp:featuredmedia":[{"embeddable":true,"href":"https:\/\/gltestm.webology.pl\/cs\/wp-json\/wp\/v2\/media\/13177"}],"wp:attachment":[{"href":"https:\/\/gltestm.webology.pl\/cs\/wp-json\/wp\/v2\/media?parent=16421"}],"wp:term":[{"taxonomy":"product_brand","embeddable":true,"href":"https:\/\/gltestm.webology.pl\/cs\/wp-json\/wp\/v2\/product_brand?post=16421"},{"taxonomy":"product_cat","embeddable":true,"href":"https:\/\/gltestm.webology.pl\/cs\/wp-json\/wp\/v2\/product_cat?post=16421"},{"taxonomy":"product_tag","embeddable":true,"href":"https:\/\/gltestm.webology.pl\/cs\/wp-json\/wp\/v2\/product_tag?post=16421"}],"curies":[{"name":"wp","href":"https:\/\/api.w.org\/{rel}","templated":true}]}}