{"id":16381,"date":"2026-03-18T22:03:35","date_gmt":"2026-03-18T21:03:35","guid":{"rendered":"https:\/\/gltestm.webology.pl\/produkt\/jetel-dvourady-jehlice\/"},"modified":"2026-03-22T21:08:47","modified_gmt":"2026-03-22T20:08:47","slug":"jetel-dvourady-jehlice","status":"publish","type":"product","link":"https:\/\/gltestm.webology.pl\/cs\/produkt\/jetel-dvourady-jehlice\/","title":{"rendered":"Jetel dvou\u0159ad\u00fd jehlice"},"content":{"rendered":"<p><span><span><span><span><strong>Ru\u010dn\u00ed jehly na navl\u00e9k\u00e1n\u00ed s dvojit\u00fdmi ou\u0161ky.<\/strong><\/span><\/span><\/span><\/span><\/p>\n<p><span><span><span><span><span><span><span><span><span><strong>Balen\u00ed<\/strong><\/span><\/span><\/span><\/span><\/span><\/span><\/span><\/span> obsahuje<span><span><span><span><span><span><span><span><strong> jehly<\/strong><\/span><\/span><\/span><\/span><\/span><\/span><\/span><\/span><span><span><span><span><span><span><span><span><strong>:<\/strong><\/span><\/span><\/span><\/span><\/span><\/span><\/span><\/span><\/span><\/p>\n<p><span><span><span><span><span><span><span>\u010d. 15 1,80 x 60,0 mm<br \/> \u010d. 17 1,35 x 54,6 mm<br \/> \u010d. 201 <\/span><\/span><\/span><\/span><\/span><\/span><\/span><span><span><span><span><span><span><span>1,<\/span><\/span><\/span><\/span><\/span><\/span><\/span><span><span><span><span><span><span><span>7 x 45,5 mm<\/span><\/span><\/span><\/span><\/span><\/span><\/span><\/p>\n","protected":false},"excerpt":{"rendered":"<p>Sada ostr\u00fdch a tup\u00fdch vy\u0161\u00edvac\u00edch jehel s dvojit\u00fdmi o\u010dky (siln\u00e1)<\/p>\n","protected":false},"featured_media":15401,"comment_status":"open","ping_status":"closed","template":"","meta":[],"product_brand":[],"product_cat":[361],"product_tag":[],"class_list":{"0":"post-16381","1":"product","2":"type-product","3":"status-publish","4":"has-post-thumbnail","6":"product_cat-igly","8":"first","9":"instock","10":"taxable","11":"shipping-taxable","12":"purchasable","13":"product-type-simple"},"_links":{"self":[{"href":"https:\/\/gltestm.webology.pl\/cs\/wp-json\/wp\/v2\/product\/16381","targetHints":{"allow":["GET"]}}],"collection":[{"href":"https:\/\/gltestm.webology.pl\/cs\/wp-json\/wp\/v2\/product"}],"about":[{"href":"https:\/\/gltestm.webology.pl\/cs\/wp-json\/wp\/v2\/types\/product"}],"replies":[{"embeddable":true,"href":"https:\/\/gltestm.webology.pl\/cs\/wp-json\/wp\/v2\/comments?post=16381"}],"version-history":[{"count":0,"href":"https:\/\/gltestm.webology.pl\/cs\/wp-json\/wp\/v2\/product\/16381\/revisions"}],"wp:featuredmedia":[{"embeddable":true,"href":"https:\/\/gltestm.webology.pl\/cs\/wp-json\/wp\/v2\/media\/15401"}],"wp:attachment":[{"href":"https:\/\/gltestm.webology.pl\/cs\/wp-json\/wp\/v2\/media?parent=16381"}],"wp:term":[{"taxonomy":"product_brand","embeddable":true,"href":"https:\/\/gltestm.webology.pl\/cs\/wp-json\/wp\/v2\/product_brand?post=16381"},{"taxonomy":"product_cat","embeddable":true,"href":"https:\/\/gltestm.webology.pl\/cs\/wp-json\/wp\/v2\/product_cat?post=16381"},{"taxonomy":"product_tag","embeddable":true,"href":"https:\/\/gltestm.webology.pl\/cs\/wp-json\/wp\/v2\/product_tag?post=16381"}],"curies":[{"name":"wp","href":"https:\/\/api.w.org\/{rel}","templated":true}]}}