{"id":16365,"date":"2026-03-18T22:03:35","date_gmt":"2026-03-18T21:03:35","guid":{"rendered":"https:\/\/gltestm.webology.pl\/produkt\/havajske-quiltovaci-jehly-2007\/"},"modified":"2026-03-22T21:08:43","modified_gmt":"2026-03-22T20:08:43","slug":"havajske-quiltovaci-jehly-2007","status":"publish","type":"product","link":"https:\/\/gltestm.webology.pl\/cs\/produkt\/havajske-quiltovaci-jehly-2007\/","title":{"rendered":"Havajsk\u00e9 quiltovac\u00ed jehly 2007"},"content":{"rendered":"<p>Blistr obsahuje jehly:<\/p>\n<p>0.69&#215;46,8 mm &#8211; 2 kusy pro upevn\u011bn\u00ed<\/p>\n<p>0.46&#215;28,8 mm &#8211; 2 kusy pro aplikaci<\/p>\n<p>0,53&#215;27 mm &#8211; 2 ks pro pro\u0161\u00edv\u00e1n\u00ed<\/p>\n<p>0.51&#215;22,7 mm &#8211; 2 kusy pro pro\u0161\u00edv\u00e1n\u00ed<\/p>\n<h1><span><span><span><span><span><strong>Pro\u0161\u00edv\u00e1n\u00ed<\/strong><\/span><\/span><\/span><\/span><\/span><\/h1>\n<h1><span><span><span><span><span>Americk\u00fd patchwork, naz\u00fdvan\u00fd &#8222;quilt<\/span>&#8220; (<span><strong>quilting <\/strong><\/span><span><strong>-quiltov\u00e1n\u00ed <\/strong><\/span><span>), se se\u0161\u00edv\u00e1 z drobn\u00fdch kousk\u016f l\u00e1tek, nap\u0159\u00edklad zbytk\u016f star\u00e9ho oble\u010den\u00ed, a vytv\u00e1\u0159\u00ed tak men\u0161\u00ed \u010di v\u011bt\u0161\u00ed plo\u0161ky, z nich\u017e se st\u00e1vaj\u00ed deky, p\u0159ehozy, pol\u0161t\u00e1\u0159e a nejr\u016fzn\u011bj\u0161\u00ed ozdobn\u00e9 l\u00e1tkov\u00e9 drobnosti.<\/span><\/span><\/span><\/span><\/span><\/h1>\n","protected":false},"excerpt":{"rendered":"<p>Havajsk\u00e9 ru\u010dn\u00ed quiltovac\u00ed jehly (sashico)<\/p>\n","protected":false},"featured_media":13569,"comment_status":"open","ping_status":"closed","template":"","meta":[],"product_brand":[],"product_cat":[361],"product_tag":[],"class_list":{"0":"post-16365","1":"product","2":"type-product","3":"status-publish","4":"has-post-thumbnail","6":"product_cat-igly","8":"first","9":"instock","10":"taxable","11":"shipping-taxable","12":"purchasable","13":"product-type-simple"},"_links":{"self":[{"href":"https:\/\/gltestm.webology.pl\/cs\/wp-json\/wp\/v2\/product\/16365","targetHints":{"allow":["GET"]}}],"collection":[{"href":"https:\/\/gltestm.webology.pl\/cs\/wp-json\/wp\/v2\/product"}],"about":[{"href":"https:\/\/gltestm.webology.pl\/cs\/wp-json\/wp\/v2\/types\/product"}],"replies":[{"embeddable":true,"href":"https:\/\/gltestm.webology.pl\/cs\/wp-json\/wp\/v2\/comments?post=16365"}],"version-history":[{"count":0,"href":"https:\/\/gltestm.webology.pl\/cs\/wp-json\/wp\/v2\/product\/16365\/revisions"}],"wp:featuredmedia":[{"embeddable":true,"href":"https:\/\/gltestm.webology.pl\/cs\/wp-json\/wp\/v2\/media\/13569"}],"wp:attachment":[{"href":"https:\/\/gltestm.webology.pl\/cs\/wp-json\/wp\/v2\/media?parent=16365"}],"wp:term":[{"taxonomy":"product_brand","embeddable":true,"href":"https:\/\/gltestm.webology.pl\/cs\/wp-json\/wp\/v2\/product_brand?post=16365"},{"taxonomy":"product_cat","embeddable":true,"href":"https:\/\/gltestm.webology.pl\/cs\/wp-json\/wp\/v2\/product_cat?post=16365"},{"taxonomy":"product_tag","embeddable":true,"href":"https:\/\/gltestm.webology.pl\/cs\/wp-json\/wp\/v2\/product_tag?post=16365"}],"curies":[{"name":"wp","href":"https:\/\/api.w.org\/{rel}","templated":true}]}}