{"id":16345,"date":"2026-03-18T22:03:33","date_gmt":"2026-03-18T21:03:33","guid":{"rendered":"https:\/\/gltestm.webology.pl\/produkt\/patchworkove-jehly-468-12\/"},"modified":"2026-03-22T21:08:35","modified_gmt":"2026-03-22T20:08:35","slug":"patchworkove-jehly-468-12","status":"publish","type":"product","link":"https:\/\/gltestm.webology.pl\/cs\/produkt\/patchworkove-jehly-468-12\/","title":{"rendered":"Patchworkov\u00e9 jehly 468\/12"},"content":{"rendered":"<h1><span><span><span><span>Blistr obsahuje 15 jehel o velikosti 0,51 x 22,7 mm <\/span><\/span><\/span><\/span><\/h1>\n","protected":false},"excerpt":{"rendered":"<p>Jehly na patchwork a ru\u010dn\u00ed quiltov\u00e1n\u00ed.<\/p>\n","protected":false},"featured_media":14210,"comment_status":"open","ping_status":"closed","template":"","meta":[],"product_brand":[],"product_cat":[361],"product_tag":[],"class_list":{"0":"post-16345","1":"product","2":"type-product","3":"status-publish","4":"has-post-thumbnail","6":"product_cat-igly","8":"first","9":"instock","10":"taxable","11":"shipping-taxable","12":"purchasable","13":"product-type-simple"},"_links":{"self":[{"href":"https:\/\/gltestm.webology.pl\/cs\/wp-json\/wp\/v2\/product\/16345","targetHints":{"allow":["GET"]}}],"collection":[{"href":"https:\/\/gltestm.webology.pl\/cs\/wp-json\/wp\/v2\/product"}],"about":[{"href":"https:\/\/gltestm.webology.pl\/cs\/wp-json\/wp\/v2\/types\/product"}],"replies":[{"embeddable":true,"href":"https:\/\/gltestm.webology.pl\/cs\/wp-json\/wp\/v2\/comments?post=16345"}],"version-history":[{"count":0,"href":"https:\/\/gltestm.webology.pl\/cs\/wp-json\/wp\/v2\/product\/16345\/revisions"}],"wp:featuredmedia":[{"embeddable":true,"href":"https:\/\/gltestm.webology.pl\/cs\/wp-json\/wp\/v2\/media\/14210"}],"wp:attachment":[{"href":"https:\/\/gltestm.webology.pl\/cs\/wp-json\/wp\/v2\/media?parent=16345"}],"wp:term":[{"taxonomy":"product_brand","embeddable":true,"href":"https:\/\/gltestm.webology.pl\/cs\/wp-json\/wp\/v2\/product_brand?post=16345"},{"taxonomy":"product_cat","embeddable":true,"href":"https:\/\/gltestm.webology.pl\/cs\/wp-json\/wp\/v2\/product_cat?post=16345"},{"taxonomy":"product_tag","embeddable":true,"href":"https:\/\/gltestm.webology.pl\/cs\/wp-json\/wp\/v2\/product_tag?post=16345"}],"curies":[{"name":"wp","href":"https:\/\/api.w.org\/{rel}","templated":true}]}}