{"id":16341,"date":"2026-03-18T22:03:33","date_gmt":"2026-03-18T21:03:33","guid":{"rendered":"https:\/\/gltestm.webology.pl\/produkt\/vysivaci-jehly-bez-spicky-tenke\/"},"modified":"2026-03-22T21:08:34","modified_gmt":"2026-03-22T20:08:34","slug":"vysivaci-jehly-bez-spicky-tenke","status":"publish","type":"product","link":"https:\/\/gltestm.webology.pl\/cs\/produkt\/vysivaci-jehly-bez-spicky-tenke\/","title":{"rendered":"Vy\u0161\u00edvac\u00ed jehly bez \u0161pi\u010dky &#8211; tenk\u00e9"},"content":{"rendered":"<p>Sada zahrnuje: <\/p>\n<p>0.53 x 42,9 mm &#8211; 2 jehly<\/p>\n<p>0.46 x 40,5 mm &#8211; 2 jehly<\/p>\n<p>0.53 x 34,9 mm &#8211; 2 jehly<\/p>\n<p>0.46 x 33,3 mm &#8211; 2 jehly <\/p>\n","protected":false},"excerpt":{"rendered":"<p>Po\u010d\u00edtan\u00e9 vy\u0161\u00edvac\u00ed jehly bez \u0161pi\u010dky tup\u00e9 jehly<\/p>\n","protected":false},"featured_media":14309,"comment_status":"open","ping_status":"closed","template":"","meta":[],"product_brand":[],"product_cat":[361],"product_tag":[],"class_list":{"0":"post-16341","1":"product","2":"type-product","3":"status-publish","4":"has-post-thumbnail","6":"product_cat-igly","8":"first","9":"instock","10":"taxable","11":"shipping-taxable","12":"purchasable","13":"product-type-simple"},"_links":{"self":[{"href":"https:\/\/gltestm.webology.pl\/cs\/wp-json\/wp\/v2\/product\/16341","targetHints":{"allow":["GET"]}}],"collection":[{"href":"https:\/\/gltestm.webology.pl\/cs\/wp-json\/wp\/v2\/product"}],"about":[{"href":"https:\/\/gltestm.webology.pl\/cs\/wp-json\/wp\/v2\/types\/product"}],"replies":[{"embeddable":true,"href":"https:\/\/gltestm.webology.pl\/cs\/wp-json\/wp\/v2\/comments?post=16341"}],"version-history":[{"count":0,"href":"https:\/\/gltestm.webology.pl\/cs\/wp-json\/wp\/v2\/product\/16341\/revisions"}],"wp:featuredmedia":[{"embeddable":true,"href":"https:\/\/gltestm.webology.pl\/cs\/wp-json\/wp\/v2\/media\/14309"}],"wp:attachment":[{"href":"https:\/\/gltestm.webology.pl\/cs\/wp-json\/wp\/v2\/media?parent=16341"}],"wp:term":[{"taxonomy":"product_brand","embeddable":true,"href":"https:\/\/gltestm.webology.pl\/cs\/wp-json\/wp\/v2\/product_brand?post=16341"},{"taxonomy":"product_cat","embeddable":true,"href":"https:\/\/gltestm.webology.pl\/cs\/wp-json\/wp\/v2\/product_cat?post=16341"},{"taxonomy":"product_tag","embeddable":true,"href":"https:\/\/gltestm.webology.pl\/cs\/wp-json\/wp\/v2\/product_tag?post=16341"}],"curies":[{"name":"wp","href":"https:\/\/api.w.org\/{rel}","templated":true}]}}