{"id":16313,"date":"2026-03-18T22:03:31","date_gmt":"2026-03-18T21:03:31","guid":{"rendered":"https:\/\/gltestm.webology.pl\/produkt\/jehly-pro-sashiko-2009\/"},"modified":"2026-03-22T21:08:27","modified_gmt":"2026-03-22T20:08:27","slug":"jehly-pro-sashiko-2009","status":"publish","type":"product","link":"https:\/\/gltestm.webology.pl\/cs\/produkt\/jehly-pro-sashiko-2009\/","title":{"rendered":"Jehly pro &#8222;Sashiko&#8220; 2009"},"content":{"rendered":"<h1><span><span><span><span><span>Sashiko poch\u00e1z\u00ed z Japonska a znamen\u00e1 &#8222;po\u0161ta&#8220;.<\/span><span>Jedn\u00e1 se o rychlo\u0161\u0148\u016fru nebo steh p\u0159ed jehlou, kter\u00fdm vy\u0161\u00edv\u00e1me v\u0161echny motivy<\/span>. jsou<span>jednoduch\u00e9, geometrick\u00e9 a opakuj\u00edc\u00ed se.<\/span> <\/span><\/span><\/span><\/span><\/h1>\n<p><span><span><span><span>Sou\u010d\u00e1st\u00ed blistru jsou jehly:<\/span><\/span><\/span><\/span><\/p>\n<p><span><span><span>1,14&#215;69,8 mm<\/span><\/span><\/span><\/p>\n<p><span><span><span>1,14&#215;60,3 mm<\/span><\/span><\/span><\/p>\n<p><span><span><span>1,07&#215;57,2 mm<\/span><\/span><\/span><\/p>\n","protected":false},"excerpt":{"rendered":"<p>Jehly Sashiko<\/p>\n","protected":false},"featured_media":13840,"comment_status":"open","ping_status":"closed","template":"","meta":[],"product_brand":[],"product_cat":[361],"product_tag":[],"class_list":{"0":"post-16313","1":"product","2":"type-product","3":"status-publish","4":"has-post-thumbnail","6":"product_cat-igly","8":"first","9":"instock","10":"taxable","11":"shipping-taxable","12":"purchasable","13":"product-type-simple"},"_links":{"self":[{"href":"https:\/\/gltestm.webology.pl\/cs\/wp-json\/wp\/v2\/product\/16313","targetHints":{"allow":["GET"]}}],"collection":[{"href":"https:\/\/gltestm.webology.pl\/cs\/wp-json\/wp\/v2\/product"}],"about":[{"href":"https:\/\/gltestm.webology.pl\/cs\/wp-json\/wp\/v2\/types\/product"}],"replies":[{"embeddable":true,"href":"https:\/\/gltestm.webology.pl\/cs\/wp-json\/wp\/v2\/comments?post=16313"}],"version-history":[{"count":0,"href":"https:\/\/gltestm.webology.pl\/cs\/wp-json\/wp\/v2\/product\/16313\/revisions"}],"wp:featuredmedia":[{"embeddable":true,"href":"https:\/\/gltestm.webology.pl\/cs\/wp-json\/wp\/v2\/media\/13840"}],"wp:attachment":[{"href":"https:\/\/gltestm.webology.pl\/cs\/wp-json\/wp\/v2\/media?parent=16313"}],"wp:term":[{"taxonomy":"product_brand","embeddable":true,"href":"https:\/\/gltestm.webology.pl\/cs\/wp-json\/wp\/v2\/product_brand?post=16313"},{"taxonomy":"product_cat","embeddable":true,"href":"https:\/\/gltestm.webology.pl\/cs\/wp-json\/wp\/v2\/product_cat?post=16313"},{"taxonomy":"product_tag","embeddable":true,"href":"https:\/\/gltestm.webology.pl\/cs\/wp-json\/wp\/v2\/product_tag?post=16313"}],"curies":[{"name":"wp","href":"https:\/\/api.w.org\/{rel}","templated":true}]}}