{"id":16281,"date":"2026-03-18T22:03:30","date_gmt":"2026-03-18T21:03:30","guid":{"rendered":"https:\/\/gltestm.webology.pl\/produkt\/grofes-polske-koliky-075x50\/"},"modified":"2026-03-22T21:46:50","modified_gmt":"2026-03-22T20:46:50","slug":"grofes-polske-koliky-075x50","status":"publish","type":"product","link":"https:\/\/gltestm.webology.pl\/cs\/produkt\/grofes-polske-koliky-075x50\/","title":{"rendered":"GROFES Polsk\u00e9 kol\u00edky 0,75&#215;50"},"content":{"rendered":"<p>Krej\u010dovsk\u00e9 \u0161pendl\u00edky vyr\u00e1b\u00edme od roku 1982. M\u00e1me vlastn\u00ed strojn\u00ed za\u0159\u00edzen\u00ed navr\u017een\u00e9 technick\u00fdmi pracovn\u00edky spole\u010dnosti Grofes. Na\u0161e kol\u00ed\u010dky oce\u0148uj\u00ed z\u00e1kazn\u00edci z cel\u00e9 Evropy.<\/p>\n<p><span>V\u011bd\u011bli jste, \u017ee p\u0159i v\u00fdrob\u011b \u0161pendl\u00edk\u016f se sklen\u011bnou hlavi\u010dkou prov\u00e1d\u00edme a\u017e 16 operac\u00ed ? Po\u010d\u00ednaje \u0159ez\u00e1n\u00edm dr\u00e1tu p\u0159es kalen\u00ed, popou\u0161t\u011bn\u00ed, \u010di\u0161t\u011bn\u00ed, le\u0161t\u011bn\u00ed a\u017e po nan\u00e1\u0161en\u00ed hlavic. Sklo, z n\u011bho\u017e se hlavice vyr\u00e1b\u00ed, je pro n\u00e1s p\u0159ipravov\u00e1no na speci\u00e1ln\u00ed objedn\u00e1vku.<\/span><\/p>\n<p>Kdy\u017e krej\u010dovsk\u00fd kol\u00edk vyjmete z na\u0161eho balen\u00ed, m\u00e1te jistotu, \u017ee ka\u017ed\u00fd kus je dob\u0159e nabrou\u0161en\u00fd a m\u016f\u017eete ho jen pou\u017e\u00edvat.<\/p>\n<p><strong>V balen\u00ed je 50 \u0161pendl\u00edk\u016f.<\/strong><\/p>\n","protected":false},"excerpt":{"rendered":"<p>Krej\u010dovsk\u00e9 kol\u00edky z kalen\u00e9 oceli s barevn\u00fdmi sklen\u011bn\u00fdmi hlavami z dr\u00e1tu z polsk\u00fdch ocel\u00e1ren.<\/p>\n","protected":false},"featured_media":14444,"comment_status":"open","ping_status":"closed","template":"","meta":[],"product_brand":[],"product_cat":[741],"product_tag":[],"class_list":{"0":"post-16281","1":"product","2":"type-product","3":"status-publish","4":"has-post-thumbnail","6":"product_cat-szpilki-agrafki-i-poduszeczki","8":"first","9":"instock","10":"taxable","11":"shipping-taxable","12":"purchasable","13":"product-type-simple"},"_links":{"self":[{"href":"https:\/\/gltestm.webology.pl\/cs\/wp-json\/wp\/v2\/product\/16281","targetHints":{"allow":["GET"]}}],"collection":[{"href":"https:\/\/gltestm.webology.pl\/cs\/wp-json\/wp\/v2\/product"}],"about":[{"href":"https:\/\/gltestm.webology.pl\/cs\/wp-json\/wp\/v2\/types\/product"}],"replies":[{"embeddable":true,"href":"https:\/\/gltestm.webology.pl\/cs\/wp-json\/wp\/v2\/comments?post=16281"}],"version-history":[{"count":0,"href":"https:\/\/gltestm.webology.pl\/cs\/wp-json\/wp\/v2\/product\/16281\/revisions"}],"wp:featuredmedia":[{"embeddable":true,"href":"https:\/\/gltestm.webology.pl\/cs\/wp-json\/wp\/v2\/media\/14444"}],"wp:attachment":[{"href":"https:\/\/gltestm.webology.pl\/cs\/wp-json\/wp\/v2\/media?parent=16281"}],"wp:term":[{"taxonomy":"product_brand","embeddable":true,"href":"https:\/\/gltestm.webology.pl\/cs\/wp-json\/wp\/v2\/product_brand?post=16281"},{"taxonomy":"product_cat","embeddable":true,"href":"https:\/\/gltestm.webology.pl\/cs\/wp-json\/wp\/v2\/product_cat?post=16281"},{"taxonomy":"product_tag","embeddable":true,"href":"https:\/\/gltestm.webology.pl\/cs\/wp-json\/wp\/v2\/product_tag?post=16281"}],"curies":[{"name":"wp","href":"https:\/\/api.w.org\/{rel}","templated":true}]}}