{"id":16273,"date":"2026-03-18T22:03:29","date_gmt":"2026-03-18T21:03:29","guid":{"rendered":"https:\/\/gltestm.webology.pl\/produkt\/grofes-polske-koliky-060x30\/"},"modified":"2026-03-22T21:46:45","modified_gmt":"2026-03-22T20:46:45","slug":"grofes-polske-koliky-060x30","status":"publish","type":"product","link":"https:\/\/gltestm.webology.pl\/cs\/produkt\/grofes-polske-koliky-060x30\/","title":{"rendered":"GROFES Polsk\u00e9 kol\u00edky 0,60&#215;30"},"content":{"rendered":"<p>Spole\u010dnost<strong>Grofes<\/strong> vyr\u00e1b\u00ed krej\u010dovsk\u00e9 kol\u00edky od roku 1982. M\u00e1 vlastn\u00ed strojn\u00ed za\u0159\u00edzen\u00ed navr\u017een\u00e9 technick\u00fdmi pracovn\u00edky.<\/p>\n<p>Kol\u00edky oce\u0148uj\u00ed z\u00e1kazn\u00edci v cel\u00e9 Evrop\u011b.<\/p>\n<p><span>V\u011bd\u011bli jste, \u017ee p\u0159i v\u00fdrob\u011b \u0161pendl\u00edk\u016f se sklen\u011bnou hlavi\u010dkou prov\u00e1d\u00edme a\u017e 16 operac\u00ed ? Po\u010d\u00ednaje \u0159ez\u00e1n\u00edm dr\u00e1tu p\u0159es kalen\u00ed, popou\u0161t\u011bn\u00ed, \u010di\u0161t\u011bn\u00ed, le\u0161t\u011bn\u00ed a\u017e po aplikaci hlavic. Sklo, ze kter\u00e9ho se hlavice vyr\u00e1b\u00ed, je pro n\u00e1s p\u0159ipravov\u00e1no na speci\u00e1ln\u00ed objedn\u00e1vku.<\/span><\/p>\n<p>Kdy\u017e krej\u010dovsk\u00fd kol\u00edk vynd\u00e1te z na\u0161eho balen\u00ed, m\u00e1te jistotu, \u017ee ka\u017ed\u00fd kus je dob\u0159e nabrou\u0161en\u00fd a m\u016f\u017eete ho jen pou\u017e\u00edvat.<\/p>\n<p><strong>Balen\u00ed obsahuje cca 100ks \u0161pendl\u00edk\u016f<\/strong><\/p>\n","protected":false},"excerpt":{"rendered":"<p>Krej\u010dovsk\u00e9 kol\u00edky z kalen\u00e9 oceli se sklen\u011bnou hlavou z dr\u00e1tu z polsk\u00fdch ocel\u00e1ren. Velikost: 0,60&#215;30<\/p>\n","protected":false},"featured_media":14444,"comment_status":"open","ping_status":"closed","template":"","meta":[],"product_brand":[],"product_cat":[741],"product_tag":[],"class_list":{"0":"post-16273","1":"product","2":"type-product","3":"status-publish","4":"has-post-thumbnail","6":"product_cat-szpilki-agrafki-i-poduszeczki","8":"first","9":"instock","10":"taxable","11":"shipping-taxable","12":"purchasable","13":"product-type-simple"},"_links":{"self":[{"href":"https:\/\/gltestm.webology.pl\/cs\/wp-json\/wp\/v2\/product\/16273","targetHints":{"allow":["GET"]}}],"collection":[{"href":"https:\/\/gltestm.webology.pl\/cs\/wp-json\/wp\/v2\/product"}],"about":[{"href":"https:\/\/gltestm.webology.pl\/cs\/wp-json\/wp\/v2\/types\/product"}],"replies":[{"embeddable":true,"href":"https:\/\/gltestm.webology.pl\/cs\/wp-json\/wp\/v2\/comments?post=16273"}],"version-history":[{"count":0,"href":"https:\/\/gltestm.webology.pl\/cs\/wp-json\/wp\/v2\/product\/16273\/revisions"}],"wp:featuredmedia":[{"embeddable":true,"href":"https:\/\/gltestm.webology.pl\/cs\/wp-json\/wp\/v2\/media\/14444"}],"wp:attachment":[{"href":"https:\/\/gltestm.webology.pl\/cs\/wp-json\/wp\/v2\/media?parent=16273"}],"wp:term":[{"taxonomy":"product_brand","embeddable":true,"href":"https:\/\/gltestm.webology.pl\/cs\/wp-json\/wp\/v2\/product_brand?post=16273"},{"taxonomy":"product_cat","embeddable":true,"href":"https:\/\/gltestm.webology.pl\/cs\/wp-json\/wp\/v2\/product_cat?post=16273"},{"taxonomy":"product_tag","embeddable":true,"href":"https:\/\/gltestm.webology.pl\/cs\/wp-json\/wp\/v2\/product_tag?post=16273"}],"curies":[{"name":"wp","href":"https:\/\/api.w.org\/{rel}","templated":true}]}}