{"id":16241,"date":"2026-03-18T22:03:28","date_gmt":"2026-03-18T21:03:28","guid":{"rendered":"https:\/\/gltestm.webology.pl\/produkt\/kovova-pinzeta-15-cm\/"},"modified":"2026-03-22T21:46:24","modified_gmt":"2026-03-22T20:46:24","slug":"kovova-pinzeta-15-cm","status":"publish","type":"product","link":"https:\/\/gltestm.webology.pl\/cs\/produkt\/kovova-pinzeta-15-cm\/","title":{"rendered":"Kovov\u00e1 pinzeta 15 cm"},"content":{"rendered":"<h2>Snadn\u011bj\u0161\u00ed navl\u00e9k\u00e1n\u00ed overlocku<\/h2>\n<p>Pinzeta je p\u0159i navl\u00e9k\u00e1n\u00ed overlock\u016f nepostradateln\u00e1. Rozhodn\u011b n\u00e1m usnadn\u00ed jejich navl\u00e9k\u00e1n\u00ed. M\u016f\u017eeme ji pou\u017e\u00edt tak\u00e9 p\u0159i navl\u00e9k\u00e1n\u00ed nit\u00ed do \u0161ic\u00edch stroj\u016f, je u\u017eite\u010dn\u00e1 zejm\u00e9na p\u0159i navl\u00e9k\u00e1n\u00ed nit\u011b na jehlu, kdy\u017e stroj nem\u00e1 automatick\u00fd navl\u00e9ka\u010d. Kovovou pinzetu m\u016f\u017eeme pou\u017e\u00edt p\u0159i pr\u00e1ci s l\u00e1tkou a vytahov\u00e1n\u00ed nit\u00ed, stejn\u011b jako p\u0159i technice quilling.<\/p>\n<h2>Design a velikost<\/h2>\n<p>Zalomen\u00e1 \u010depel usnad\u0148uje vytahov\u00e1n\u00ed a navl\u00e9k\u00e1n\u00ed nit\u00ed na jehly ve stroj\u00edch a overlocc\u00edch.<\/p>\n<p>Ostr\u00fd hrot usnad\u0148uje zachycen\u00ed a p\u0159idr\u017een\u00ed i toho nejmen\u0161\u00edho kousku materi\u00e1lu.<\/p>\n<p>Vroubkovan\u00fd povrch pinzety usnad\u0148uje jej\u00ed dr\u017een\u00ed v ruce.<\/p>\n<p>Pinzeta m\u00e1 d\u00e9lku 15 cm.<\/p>\n","protected":false},"excerpt":{"rendered":"<p>Kovov\u00e1 pinzeta pro snadn\u00e9 navl\u00e9k\u00e1n\u00ed nit\u00ed do overlock\u016f a \u0161ic\u00edch stroj\u016f.<\/p>\n","protected":false},"featured_media":15880,"comment_status":"open","ping_status":"closed","template":"","meta":[],"product_brand":[],"product_cat":[776],"product_tag":[],"class_list":{"0":"post-16241","1":"product","2":"type-product","3":"status-publish","4":"has-post-thumbnail","6":"product_cat-inne-narzedzia-i-akcesoria","8":"first","9":"instock","10":"taxable","11":"shipping-taxable","12":"purchasable","13":"product-type-simple"},"_links":{"self":[{"href":"https:\/\/gltestm.webology.pl\/cs\/wp-json\/wp\/v2\/product\/16241","targetHints":{"allow":["GET"]}}],"collection":[{"href":"https:\/\/gltestm.webology.pl\/cs\/wp-json\/wp\/v2\/product"}],"about":[{"href":"https:\/\/gltestm.webology.pl\/cs\/wp-json\/wp\/v2\/types\/product"}],"replies":[{"embeddable":true,"href":"https:\/\/gltestm.webology.pl\/cs\/wp-json\/wp\/v2\/comments?post=16241"}],"version-history":[{"count":0,"href":"https:\/\/gltestm.webology.pl\/cs\/wp-json\/wp\/v2\/product\/16241\/revisions"}],"wp:featuredmedia":[{"embeddable":true,"href":"https:\/\/gltestm.webology.pl\/cs\/wp-json\/wp\/v2\/media\/15880"}],"wp:attachment":[{"href":"https:\/\/gltestm.webology.pl\/cs\/wp-json\/wp\/v2\/media?parent=16241"}],"wp:term":[{"taxonomy":"product_brand","embeddable":true,"href":"https:\/\/gltestm.webology.pl\/cs\/wp-json\/wp\/v2\/product_brand?post=16241"},{"taxonomy":"product_cat","embeddable":true,"href":"https:\/\/gltestm.webology.pl\/cs\/wp-json\/wp\/v2\/product_cat?post=16241"},{"taxonomy":"product_tag","embeddable":true,"href":"https:\/\/gltestm.webology.pl\/cs\/wp-json\/wp\/v2\/product_tag?post=16241"}],"curies":[{"name":"wp","href":"https:\/\/api.w.org\/{rel}","templated":true}]}}