{"id":16213,"date":"2026-03-18T22:03:27","date_gmt":"2026-03-18T21:03:27","guid":{"rendered":"https:\/\/gltestm.webology.pl\/produkt\/vysivkova-tkanina-kanava-bila-20x30-cm-40-ocek\/"},"modified":"2026-03-22T21:46:20","modified_gmt":"2026-03-22T20:46:20","slug":"vysivkova-tkanina-kanava-bila-20x30-cm-40-ocek","status":"publish","type":"product","link":"https:\/\/gltestm.webology.pl\/cs\/produkt\/vysivkova-tkanina-kanava-bila-20x30-cm-40-ocek\/","title":{"rendered":"V\u00fd\u0161ivkov\u00e1 tkanina KANAVA b\u00edl\u00e1 20&#215;30 cm 40 o\u010dek"},"content":{"rendered":"<p><span><span><span><span>Pl\u00e1tno ur\u010den\u00e9 k vy\u0161\u00edv\u00e1n\u00ed, ide\u00e1ln\u00ed velikost pro za\u010d\u00e1te\u010dn\u00edky. Dobr\u00e1 volba pro \u0161koly. D\u011bti dostanou dokonale vym\u011b\u0159en\u00fd kus pl\u00e1tna a mohou si za\u010d\u00edt hr\u00e1t s jehlou a bavlnkami.<\/span><\/span><\/span><\/span><\/p>\n<p><span><span><span><span><span><span><span>Sada obsahuje b\u00edlou vy\u0161\u00edvac\u00ed l\u00e1tku<\/span><\/span><\/span><\/span><\/span><\/span><\/span><span><span><span><span><span><\/span><\/span><\/span><\/span><span><span><span><span><span><strong>20&#215;30 cm s hustotou ok 40 cm\/10 cm<\/strong><\/span><\/span><\/span><\/span><\/span><\/span><\/p>\n<p><strong><span><span><span>L\u00e1tka se m\u016f\u017ee srazit asi o 5 %, proto ji p\u0159ed \u0161it\u00edm doporu\u010dujeme srazit (vypr\u00e1n\u00edm nebo p\u0159e\u017eehlen\u00edm napa\u0159ovac\u00ed \u017eehli\u010dkou).<\/span><\/span><\/span><\/strong><\/p>\n","protected":false},"excerpt":{"rendered":"<p>Pl\u00e1tno ur\u010den\u00e9 k vy\u0161\u00edv\u00e1n\u00ed, ide\u00e1ln\u00ed velikost pro za\u010d\u00e1te\u010dn\u00edky.<\/p>\n","protected":false},"featured_media":13022,"comment_status":"open","ping_status":"closed","template":"","meta":[],"product_brand":[],"product_cat":[366],"product_tag":[],"class_list":{"0":"post-16213","1":"product","2":"type-product","3":"status-publish","4":"has-post-thumbnail","6":"product_cat-tkaniny","8":"first","9":"instock","10":"taxable","11":"shipping-taxable","12":"purchasable","13":"product-type-simple"},"_links":{"self":[{"href":"https:\/\/gltestm.webology.pl\/cs\/wp-json\/wp\/v2\/product\/16213","targetHints":{"allow":["GET"]}}],"collection":[{"href":"https:\/\/gltestm.webology.pl\/cs\/wp-json\/wp\/v2\/product"}],"about":[{"href":"https:\/\/gltestm.webology.pl\/cs\/wp-json\/wp\/v2\/types\/product"}],"replies":[{"embeddable":true,"href":"https:\/\/gltestm.webology.pl\/cs\/wp-json\/wp\/v2\/comments?post=16213"}],"version-history":[{"count":0,"href":"https:\/\/gltestm.webology.pl\/cs\/wp-json\/wp\/v2\/product\/16213\/revisions"}],"wp:featuredmedia":[{"embeddable":true,"href":"https:\/\/gltestm.webology.pl\/cs\/wp-json\/wp\/v2\/media\/13022"}],"wp:attachment":[{"href":"https:\/\/gltestm.webology.pl\/cs\/wp-json\/wp\/v2\/media?parent=16213"}],"wp:term":[{"taxonomy":"product_brand","embeddable":true,"href":"https:\/\/gltestm.webology.pl\/cs\/wp-json\/wp\/v2\/product_brand?post=16213"},{"taxonomy":"product_cat","embeddable":true,"href":"https:\/\/gltestm.webology.pl\/cs\/wp-json\/wp\/v2\/product_cat?post=16213"},{"taxonomy":"product_tag","embeddable":true,"href":"https:\/\/gltestm.webology.pl\/cs\/wp-json\/wp\/v2\/product_tag?post=16213"}],"curies":[{"name":"wp","href":"https:\/\/api.w.org\/{rel}","templated":true}]}}