{"id":16205,"date":"2026-03-18T22:03:26","date_gmt":"2026-03-18T21:03:26","guid":{"rendered":"https:\/\/gltestm.webology.pl\/produkt\/lepidlo-na-textil-50ml\/"},"modified":"2026-03-22T21:46:19","modified_gmt":"2026-03-22T20:46:19","slug":"lepidlo-na-textil-50ml","status":"publish","type":"product","link":"https:\/\/gltestm.webology.pl\/cs\/produkt\/lepidlo-na-textil-50ml\/","title":{"rendered":"Lepidlo na textil 50ml"},"content":{"rendered":"<p><strong>Jak pou\u017e\u00edvat: lepen\u00e9 plochy mus\u00ed b\u00fdt \u010dist\u00e9 a such\u00e9. Ob\u011b strany pot\u0159ete tenkou vrstvou lepidla. U choulostiv\u00fdch tkanin pou\u017e\u00edvejte lepidlo \u0161etrn\u011b, aby neproniklo na druhou stranu. Nechte n\u011bkolik sekund odpa\u0159it rozpou\u0161t\u011bdlo a pot\u00e9 ob\u011b lepen\u00e9 \u010d\u00e1sti pevn\u011b spojte. Pro zv\u00fd\u0161en\u00ed trvanlivosti spoje p\u0159itiskn\u011bte m\u00edsto lepidla dlan\u00ed. P\u0159ebyte\u010dn\u00e9 lepidlo ihned odstra\u0148te ot\u0159en\u00edm vodou. Vytvrzen\u00e9 lepidlo lze odstranit benz\u00ednem. Lepidlo skladujte na chladn\u00e9m m\u00edst\u011b, nevystavujte mrazu. <\/strong><\/p>\n<p>Lepidlo na textil je ve vlhk\u00e9m stavu b\u00edl\u00e9, ale po zaschnut\u00ed zpr\u016fhledn\u00ed a pou\u017eit\u00e9 v tenk\u00e9 vrstv\u011b je t\u00e9m\u011b\u0159 neviditeln\u00e9. Naneste tenkou vrstvu lepidla na l\u00e1tku, slepen\u00e9 plochy p\u0159elo\u017ete k sob\u011b a nechte <strong>30<\/strong> minut zaschnout. V\u017edy prove\u010fte zkou\u0161ku na mal\u00e9m kousku l\u00e1tky, zejm\u00e9na p\u0159i lepen\u00ed tenk\u00e9, pr\u016fhledn\u00e9 nebo b\u00edl\u00e9 l\u00e1tky.<strong> Slepenou l\u00e1tku m\u016f\u017eete pr\u00e1t, z\u016fstane pru\u017en\u00e1, neztvrdne.<\/strong> Lepidlo je vhodn\u00e9 k lepen\u00ed <strong>kam\u00ednk\u016f a flitr\u016f na v\u0161echny druhy l\u00e1tek.<\/strong><\/p>\n","protected":false},"excerpt":{"rendered":"<p>Lepidlo na textil, objem 50 ml.<\/p>\n","protected":false},"featured_media":15054,"comment_status":"open","ping_status":"closed","template":"","meta":[],"product_brand":[],"product_cat":[776],"product_tag":[],"class_list":{"0":"post-16205","1":"product","2":"type-product","3":"status-publish","4":"has-post-thumbnail","6":"product_cat-inne-narzedzia-i-akcesoria","8":"first","9":"instock","10":"taxable","11":"shipping-taxable","12":"purchasable","13":"product-type-simple"},"_links":{"self":[{"href":"https:\/\/gltestm.webology.pl\/cs\/wp-json\/wp\/v2\/product\/16205","targetHints":{"allow":["GET"]}}],"collection":[{"href":"https:\/\/gltestm.webology.pl\/cs\/wp-json\/wp\/v2\/product"}],"about":[{"href":"https:\/\/gltestm.webology.pl\/cs\/wp-json\/wp\/v2\/types\/product"}],"replies":[{"embeddable":true,"href":"https:\/\/gltestm.webology.pl\/cs\/wp-json\/wp\/v2\/comments?post=16205"}],"version-history":[{"count":0,"href":"https:\/\/gltestm.webology.pl\/cs\/wp-json\/wp\/v2\/product\/16205\/revisions"}],"wp:featuredmedia":[{"embeddable":true,"href":"https:\/\/gltestm.webology.pl\/cs\/wp-json\/wp\/v2\/media\/15054"}],"wp:attachment":[{"href":"https:\/\/gltestm.webology.pl\/cs\/wp-json\/wp\/v2\/media?parent=16205"}],"wp:term":[{"taxonomy":"product_brand","embeddable":true,"href":"https:\/\/gltestm.webology.pl\/cs\/wp-json\/wp\/v2\/product_brand?post=16205"},{"taxonomy":"product_cat","embeddable":true,"href":"https:\/\/gltestm.webology.pl\/cs\/wp-json\/wp\/v2\/product_cat?post=16205"},{"taxonomy":"product_tag","embeddable":true,"href":"https:\/\/gltestm.webology.pl\/cs\/wp-json\/wp\/v2\/product_tag?post=16205"}],"curies":[{"name":"wp","href":"https:\/\/api.w.org\/{rel}","templated":true}]}}