{"id":16201,"date":"2026-03-18T22:03:26","date_gmt":"2026-03-18T21:03:26","guid":{"rendered":"https:\/\/gltestm.webology.pl\/produkt\/docasne-lepidlo-ve-spreji-na-tkaniny\/"},"modified":"2026-03-22T21:46:14","modified_gmt":"2026-03-22T20:46:14","slug":"docasne-lepidlo-ve-spreji-na-tkaniny","status":"publish","type":"product","link":"https:\/\/gltestm.webology.pl\/cs\/produkt\/docasne-lepidlo-ve-spreji-na-tkaniny\/","title":{"rendered":"Do\u010dasn\u00e9 lepidlo ve spreji na tkaniny"},"content":{"rendered":"<p>Do\u010dasn\u00e9 lepidlo na textil v\u00e1m usnadn\u00ed a urychl\u00ed \u0161it\u00ed. Vyu\u017eijete ho k <strong>p\u0159ipevn\u011bn\u00ed \u0161ablon, polotovar\u016f, rouna, aplikac\u00ed<\/strong> nebo jednodu\u0161e dvou vrstev l\u00e1tky &#8211;<strong> bez pot\u0159eby \u0161pendl\u00edk\u016f nebo zap\u00edn\u00e1n\u00ed<\/strong>. Je nepostradateln\u00fd p\u0159i \u0161it\u00ed s <strong>kluzk\u00fdmi l\u00e1tkami<\/strong>, kter\u00e9 se b\u011bhem \u0161it\u00ed snadno odd\u011bluj\u00ed.  <br \/>Usnad\u0148uje p\u0159ipevn\u011bn\u00ed interliningu a Lepidlo lze pou\u017e\u00edt n\u011bkolikr\u00e1t, v\u010detn\u011b pap\u00edru a lepenky, a snadno se odstra\u0148uje. Lepidlo je pr\u016fhledn\u00e9, nezap\u00e1ch\u00e1, nezanech\u00e1v\u00e1 skvrny a snadno se sm\u00fdv\u00e1. Neobsahuje kyseliny a dlouhodob\u011b sklen\u00edkov\u00e9 plyny.<\/p>\n<p>Pou\u017eit\u00ed: P\u0159ed pou\u017eit\u00edm prot\u0159epejte. Lepidlo naneste rovnom\u011brn\u011b na jednu stranu (nejl\u00e9pe na \u010d\u00e1st, kterou chcete upevnit) ze vzd\u00e1lenosti asi 25 &#8211; 30 cm. Zbytek lepidla m\u016f\u017eete set\u0159\u00edt had\u0159\u00edkem.<\/p>\n<ul>\n<li>Rozm\u011bry:<strong>5x 23,5 cm<\/strong><\/li>\n<li><strong>Objem: 300 ml<\/strong><\/li>\n<li><strong>V\u00fdrobek EU<\/strong><\/li>\n<\/ul>\n","protected":false},"excerpt":{"rendered":"<p>Pou\u017eijete ji k p\u0159ipevn\u011bn\u00ed \u0161ablon, polotovar\u016f, rouna, aplikac\u00ed nebo jednodu\u0161e dvou vrstev l\u00e1tky &#8211; bez pot\u0159eby \u0161pendl\u00edk\u016f nebo upevn\u011bn\u00ed. Je nenahraditeln\u00fd p\u0159i \u0161it\u00ed s kluzk\u00fdmi l\u00e1tkami.<\/p>\n","protected":false},"featured_media":13896,"comment_status":"open","ping_status":"closed","template":"","meta":[],"product_brand":[],"product_cat":[776],"product_tag":[],"class_list":{"0":"post-16201","1":"product","2":"type-product","3":"status-publish","4":"has-post-thumbnail","6":"product_cat-inne-narzedzia-i-akcesoria","8":"first","9":"instock","10":"taxable","11":"shipping-taxable","12":"purchasable","13":"product-type-simple"},"_links":{"self":[{"href":"https:\/\/gltestm.webology.pl\/cs\/wp-json\/wp\/v2\/product\/16201","targetHints":{"allow":["GET"]}}],"collection":[{"href":"https:\/\/gltestm.webology.pl\/cs\/wp-json\/wp\/v2\/product"}],"about":[{"href":"https:\/\/gltestm.webology.pl\/cs\/wp-json\/wp\/v2\/types\/product"}],"replies":[{"embeddable":true,"href":"https:\/\/gltestm.webology.pl\/cs\/wp-json\/wp\/v2\/comments?post=16201"}],"version-history":[{"count":0,"href":"https:\/\/gltestm.webology.pl\/cs\/wp-json\/wp\/v2\/product\/16201\/revisions"}],"wp:featuredmedia":[{"embeddable":true,"href":"https:\/\/gltestm.webology.pl\/cs\/wp-json\/wp\/v2\/media\/13896"}],"wp:attachment":[{"href":"https:\/\/gltestm.webology.pl\/cs\/wp-json\/wp\/v2\/media?parent=16201"}],"wp:term":[{"taxonomy":"product_brand","embeddable":true,"href":"https:\/\/gltestm.webology.pl\/cs\/wp-json\/wp\/v2\/product_brand?post=16201"},{"taxonomy":"product_cat","embeddable":true,"href":"https:\/\/gltestm.webology.pl\/cs\/wp-json\/wp\/v2\/product_cat?post=16201"},{"taxonomy":"product_tag","embeddable":true,"href":"https:\/\/gltestm.webology.pl\/cs\/wp-json\/wp\/v2\/product_tag?post=16201"}],"curies":[{"name":"wp","href":"https:\/\/api.w.org\/{rel}","templated":true}]}}