{"id":16197,"date":"2026-03-18T22:03:26","date_gmt":"2026-03-18T21:03:26","guid":{"rendered":"https:\/\/gltestm.webology.pl\/produkt\/krejcovske-mydlo-velke\/"},"modified":"2026-03-22T21:46:11","modified_gmt":"2026-03-22T20:46:11","slug":"krejcovske-mydlo-velke","status":"publish","type":"product","link":"https:\/\/gltestm.webology.pl\/cs\/produkt\/krejcovske-mydlo-velke\/","title":{"rendered":"Krej\u010dovsk\u00e9 m\u00fddlo velk\u00e9"},"content":{"rendered":"<h2><strong>Pou\u017eit\u00ed krej\u010dovsk\u00e9 zna\u010dky<\/strong><\/h2>\n<p>Krej\u010dovsk\u00e9 m\u00fddlo je nepostradateln\u00fdm pomocn\u00edkem p\u0159i vytv\u00e1\u0159en\u00ed vzor\u016f a polotovar\u016f. D\u00edky n\u011bmu m\u016f\u017eeme nan\u00e1\u0161et krej\u010dovsk\u00e9 korekce na l\u00e1tku a k\u0159\u00eddou nan\u00e1\u0161et polotovary na l\u00e1tky.<\/p>\n<h2><strong>Rozm\u011bry m\u00fddla<\/strong><\/h2>\n<p>Jedn\u00e1 se o plochou obd\u00e9ln\u00edkovou kostku o rozm\u011brech p\u0159ibli\u017en\u011b 6 x 3,7 cm. Del\u0161\u00ed strany jsou zbrou\u0161en\u00e9, co\u017e usnad\u0148uje nan\u00e1\u0161en\u00ed tenk\u00fdch a z\u0159eteln\u00fdch \u010dar na l\u00e1tku.<\/p>\n<p>Viditelnost zna\u010den\u00ed krej\u010dovsk\u00fdm m\u00fddlem z\u00e1vis\u00ed na barv\u011b l\u00e1tky, zanech\u00e1v\u00e1 jasn\u00e9 obrysy.<\/p>\n<p>M\u00fddlov\u00e9 zna\u010dky se z povrchu snadno \u010dist\u00ed vodou nebo p\u00e1rou.<\/p>\n<p><span>Doporu\u010dujeme p\u0159edem prov\u00e9st zkou\u0161ku na kousku pou\u017eit\u00e9 l\u00e1tky.<\/span><\/p>\n<p>Krej\u010dovsk\u00e9 zna\u010dky jsou choulostiv\u00fd v\u00fdrobek, i p\u0159es pe\u010dliv\u00e9 balen\u00ed se mohou p\u0159i p\u0159eprav\u011b poru\u0161it. Takov\u00fd v\u00fdrobek je vhodn\u00fd i pro pou\u017eit\u00ed.<\/p>\n","protected":false},"excerpt":{"rendered":"<p>Velk\u00e9 krej\u010dovsk\u00e9 m\u00fddlo sv\u011btl\u00e9 barvy.<\/p>\n","protected":false},"featured_media":14719,"comment_status":"open","ping_status":"closed","template":"","meta":[],"product_brand":[],"product_cat":[746],"product_tag":[],"class_list":{"0":"post-16197","1":"product","2":"type-product","3":"status-publish","4":"has-post-thumbnail","6":"product_cat-mydelka-krawieckie-i-ich-zamienniki","8":"first","9":"instock","10":"taxable","11":"shipping-taxable","12":"purchasable","13":"product-type-simple"},"_links":{"self":[{"href":"https:\/\/gltestm.webology.pl\/cs\/wp-json\/wp\/v2\/product\/16197","targetHints":{"allow":["GET"]}}],"collection":[{"href":"https:\/\/gltestm.webology.pl\/cs\/wp-json\/wp\/v2\/product"}],"about":[{"href":"https:\/\/gltestm.webology.pl\/cs\/wp-json\/wp\/v2\/types\/product"}],"replies":[{"embeddable":true,"href":"https:\/\/gltestm.webology.pl\/cs\/wp-json\/wp\/v2\/comments?post=16197"}],"version-history":[{"count":0,"href":"https:\/\/gltestm.webology.pl\/cs\/wp-json\/wp\/v2\/product\/16197\/revisions"}],"wp:featuredmedia":[{"embeddable":true,"href":"https:\/\/gltestm.webology.pl\/cs\/wp-json\/wp\/v2\/media\/14719"}],"wp:attachment":[{"href":"https:\/\/gltestm.webology.pl\/cs\/wp-json\/wp\/v2\/media?parent=16197"}],"wp:term":[{"taxonomy":"product_brand","embeddable":true,"href":"https:\/\/gltestm.webology.pl\/cs\/wp-json\/wp\/v2\/product_brand?post=16197"},{"taxonomy":"product_cat","embeddable":true,"href":"https:\/\/gltestm.webology.pl\/cs\/wp-json\/wp\/v2\/product_cat?post=16197"},{"taxonomy":"product_tag","embeddable":true,"href":"https:\/\/gltestm.webology.pl\/cs\/wp-json\/wp\/v2\/product_tag?post=16197"}],"curies":[{"name":"wp","href":"https:\/\/api.w.org\/{rel}","templated":true}]}}