{"id":16189,"date":"2026-03-18T22:03:25","date_gmt":"2026-03-18T21:03:25","guid":{"rendered":"https:\/\/gltestm.webology.pl\/produkt\/zmizely-fix-na-latky\/"},"modified":"2026-03-22T21:46:08","modified_gmt":"2026-03-22T20:46:08","slug":"zmizely-fix-na-latky","status":"publish","type":"product","link":"https:\/\/gltestm.webology.pl\/cs\/produkt\/zmizely-fix-na-latky\/","title":{"rendered":"Zmizel\u00fd fix na l\u00e1tky"},"content":{"rendered":"<h2>Pou\u017eit\u00ed mizej\u00edc\u00ed zna\u010dky<\/h2>\n<p>Zna\u010dkova\u010d se pou\u017e\u00edv\u00e1 k vyzna\u010dov\u00e1n\u00ed \u010dar na l\u00e1tku, pap\u00edr, d\u0159evo a plast.<\/p>\n<p>Pomoc\u00ed n\u011bj m\u016f\u017eete snadno p\u0159en\u00e9st v\u00fdsek na l\u00e1tku. M\u00e1 tenk\u00fd hrot, kter\u00fd umo\u017e\u0148uje vyzna\u010dit p\u0159esn\u00e9 linie.<\/p>\n<p>Zmiz\u00edk je nepostradateln\u00fd pro do\u010dasn\u00e9 zna\u010den\u00ed v \u0161ic\u00edch d\u00edln\u00e1ch, vy\u0161\u00edv\u00e1rn\u00e1ch, \u0161ic\u00edch ateli\u00e9rech, n\u00e1vrh\u00e1\u0159sk\u00fdch studi\u00edch i p\u0159i tvorb\u011b dom\u00e1c\u00edch \u0161ic\u00edch projekt\u016f. P\u00ed\u0161e na l\u00e1tku, pap\u00edr, d\u0159evo i plast. Hrot m\u00e1 r\u016f\u017eovou barvu.<\/p>\n<h2>Odstra\u0148ov\u00e1n\u00ed nanesen\u00fdch \u010dar<\/h2>\n<p>Zna\u010dky zmiz\u00ed p\u0159ibli\u017en\u011b po 24 hodin\u00e1ch. Tato doba se m\u016f\u017ee li\u0161it v z\u00e1vislosti na typu materi\u00e1lu a podm\u00ednk\u00e1ch prost\u0159ed\u00ed (teplota, vlhkost, cirkulace vzduchu).<\/p>\n<p>P\u0159ed pou\u017eit\u00edm vyzkou\u0161ejte zmiz\u00edk na materi\u00e1lu.<\/p>\n","protected":false},"excerpt":{"rendered":"<p>Pero pro ozna\u010den\u00ed v\u00fdseku na l\u00e1tce, zmiz\u00ed po 24 hodin\u00e1ch.<\/p>\n","protected":false},"featured_media":14194,"comment_status":"open","ping_status":"closed","template":"","meta":[],"product_brand":[],"product_cat":[746],"product_tag":[],"class_list":{"0":"post-16189","1":"product","2":"type-product","3":"status-publish","4":"has-post-thumbnail","6":"product_cat-mydelka-krawieckie-i-ich-zamienniki","8":"first","9":"instock","10":"taxable","11":"shipping-taxable","12":"purchasable","13":"product-type-simple"},"_links":{"self":[{"href":"https:\/\/gltestm.webology.pl\/cs\/wp-json\/wp\/v2\/product\/16189","targetHints":{"allow":["GET"]}}],"collection":[{"href":"https:\/\/gltestm.webology.pl\/cs\/wp-json\/wp\/v2\/product"}],"about":[{"href":"https:\/\/gltestm.webology.pl\/cs\/wp-json\/wp\/v2\/types\/product"}],"replies":[{"embeddable":true,"href":"https:\/\/gltestm.webology.pl\/cs\/wp-json\/wp\/v2\/comments?post=16189"}],"version-history":[{"count":0,"href":"https:\/\/gltestm.webology.pl\/cs\/wp-json\/wp\/v2\/product\/16189\/revisions"}],"wp:featuredmedia":[{"embeddable":true,"href":"https:\/\/gltestm.webology.pl\/cs\/wp-json\/wp\/v2\/media\/14194"}],"wp:attachment":[{"href":"https:\/\/gltestm.webology.pl\/cs\/wp-json\/wp\/v2\/media?parent=16189"}],"wp:term":[{"taxonomy":"product_brand","embeddable":true,"href":"https:\/\/gltestm.webology.pl\/cs\/wp-json\/wp\/v2\/product_brand?post=16189"},{"taxonomy":"product_cat","embeddable":true,"href":"https:\/\/gltestm.webology.pl\/cs\/wp-json\/wp\/v2\/product_cat?post=16189"},{"taxonomy":"product_tag","embeddable":true,"href":"https:\/\/gltestm.webology.pl\/cs\/wp-json\/wp\/v2\/product_tag?post=16189"}],"curies":[{"name":"wp","href":"https:\/\/api.w.org\/{rel}","templated":true}]}}