{"id":16185,"date":"2026-03-18T22:03:25","date_gmt":"2026-03-18T21:03:25","guid":{"rendered":"https:\/\/gltestm.webology.pl\/produkt\/krida-tuzkou-se-stetcem\/"},"modified":"2026-03-22T21:46:05","modified_gmt":"2026-03-22T20:46:05","slug":"krida-tuzkou-se-stetcem","status":"publish","type":"product","link":"https:\/\/gltestm.webology.pl\/cs\/produkt\/krida-tuzkou-se-stetcem\/","title":{"rendered":"K\u0159\u00edda tu\u017ekou se \u0161t\u011btcem"},"content":{"rendered":"<p><span> P\u0159i temperov\u00e1n\u00ed se nel\u00e1me, dob\u0159e se od\u00edr\u00e1 z tkanin. P\u0159esn\u00e1 linie na materi\u00e1lu, kvalita kresby z\u00e1vis\u00ed na typu materi\u00e1lu.<br \/><\/span><\/p>\n<p><span><strong>Balen\u00ed obsahuje 3 kusy pastelek v barv\u00e1ch <\/strong>: b\u00edl\u00e1, modr\u00e1 a r\u016f\u017eov\u00e1.<\/span><\/p>\n","protected":false},"excerpt":{"rendered":"<p>T\u0159i k\u0159\u00eddy v tu\u017ece se \u0161t\u011btcem.<\/p>\n","protected":false},"featured_media":15942,"comment_status":"open","ping_status":"closed","template":"","meta":[],"product_brand":[],"product_cat":[746],"product_tag":[],"class_list":{"0":"post-16185","1":"product","2":"type-product","3":"status-publish","4":"has-post-thumbnail","6":"product_cat-mydelka-krawieckie-i-ich-zamienniki","8":"first","9":"instock","10":"taxable","11":"shipping-taxable","12":"purchasable","13":"product-type-simple"},"_links":{"self":[{"href":"https:\/\/gltestm.webology.pl\/cs\/wp-json\/wp\/v2\/product\/16185","targetHints":{"allow":["GET"]}}],"collection":[{"href":"https:\/\/gltestm.webology.pl\/cs\/wp-json\/wp\/v2\/product"}],"about":[{"href":"https:\/\/gltestm.webology.pl\/cs\/wp-json\/wp\/v2\/types\/product"}],"replies":[{"embeddable":true,"href":"https:\/\/gltestm.webology.pl\/cs\/wp-json\/wp\/v2\/comments?post=16185"}],"version-history":[{"count":0,"href":"https:\/\/gltestm.webology.pl\/cs\/wp-json\/wp\/v2\/product\/16185\/revisions"}],"wp:featuredmedia":[{"embeddable":true,"href":"https:\/\/gltestm.webology.pl\/cs\/wp-json\/wp\/v2\/media\/15942"}],"wp:attachment":[{"href":"https:\/\/gltestm.webology.pl\/cs\/wp-json\/wp\/v2\/media?parent=16185"}],"wp:term":[{"taxonomy":"product_brand","embeddable":true,"href":"https:\/\/gltestm.webology.pl\/cs\/wp-json\/wp\/v2\/product_brand?post=16185"},{"taxonomy":"product_cat","embeddable":true,"href":"https:\/\/gltestm.webology.pl\/cs\/wp-json\/wp\/v2\/product_cat?post=16185"},{"taxonomy":"product_tag","embeddable":true,"href":"https:\/\/gltestm.webology.pl\/cs\/wp-json\/wp\/v2\/product_tag?post=16185"}],"curies":[{"name":"wp","href":"https:\/\/api.w.org\/{rel}","templated":true}]}}