{"id":16177,"date":"2026-03-18T22:03:24","date_gmt":"2026-03-18T21:03:24","guid":{"rendered":"https:\/\/gltestm.webology.pl\/produkt\/sada-sicich-niti-medium\/"},"modified":"2026-03-22T21:46:02","modified_gmt":"2026-03-22T20:46:02","slug":"sada-sicich-niti-medium","status":"publish","type":"product","link":"https:\/\/gltestm.webology.pl\/cs\/produkt\/sada-sicich-niti-medium\/","title":{"rendered":"Sada \u0161ic\u00edch nit\u00ed Medium"},"content":{"rendered":"<h2>Sada bohat\u00fdch \u0161ic\u00edch nit\u00ed &#8211; ide\u00e1ln\u00ed pro milovn\u00edky ru\u010dn\u00edch prac\u00ed!<\/h2>\n<p>P\u0159edstavujeme v\u00e1m na\u0161i sadu nit\u00ed, kter\u00e1 obsahuje a\u017e<strong> 32 r\u016fzn\u00fdch barev<\/strong> na <strong>pap\u00edrov\u00fdch<\/strong> a <strong>mal\u00fdch plastov\u00fdch <\/strong> <strong>c\u00edvk\u00e1ch<\/strong> &#8211; celkem 64 kus\u016f. Tato sada nit\u00ed se stane <strong>nepostradateln\u00fdm<\/strong> <strong>pomocn\u00edkem v<\/strong> dom\u00e1cnosti, kter\u00fd v\u00e1m umo\u017en\u00ed <strong>opravovat oble\u010den\u00ed<\/strong> a rozv\u00edjet <strong>kreativn\u00ed projekty<\/strong>. D\u00edky \u0161irok\u00e9 \u0161k\u00e1le barev v\u017edy najdete ide\u00e1ln\u00ed nit pro sv\u00e9 pot\u0159eby.<\/p>\n<p>Na\u0161e nit\u011b se skv\u011ble hod\u00ed nejen k<strong> ru\u010dn\u00edmu \u0161it\u00ed<\/strong>, ale tak\u00e9 k <strong>vy\u0161\u00edv\u00e1n\u00ed<\/strong> a dal\u0161\u00edm form\u00e1m <strong>ru\u010dn\u00edch prac\u00ed<\/strong>. Sm\u011bs bavlny a polyesteru zaru\u010duje trvanlivost a pevnost, co\u017e zaru\u010duje dlouhotrvaj\u00edc\u00ed v\u00fdsledky va\u0161\u00ed pr\u00e1ce.<\/p>\n<p>Je v\u0161ak d\u016fle\u017eit\u00e9 m\u00edt na pam\u011bti, \u017ee nit\u011b na pap\u00edrov\u00fdch c\u00edvk\u00e1ch nemus\u00ed b\u00fdt vhodn\u00e9 pro <strong>\u0161it\u00ed na stroji<\/strong>. Nepravideln\u00e1 struktura pap\u00edrov\u00e9 c\u00edvky m\u016f\u017ee zp\u016fsobit, \u017ee se nit p\u0159i pr\u00e1ci se strojem p\u0159etrhne. Naproti tomu plastov\u00e9 c\u00edvky, kter\u00e9 najdete v sad\u011b, jsou standardn\u00ed spodn\u00ed c\u00edvky pro v\u011bt\u0161inu \u0161ic\u00edch stroj\u016f.<\/p>\n<p>Bohu\u017eel se nehod\u00ed pro star\u0161\u00ed modely stroj\u016f nebo mini stroje. Pou\u017e\u00edv\u00e1me pouze <strong>kovov\u00e9<\/strong> c\u00edvky, kter\u00e9 jsou kompatibiln\u00ed s mini stroji.<\/p>\n<h2>Na\u0161e sada obsahuje<\/h2>\n<ul>\n<li><strong>32 kus\u016f r\u016fznobarevn\u00fdch<\/strong> nit\u00ed o <strong>d\u00e9lce 15 metr\u016f<\/strong> ze sm\u011bsi <strong>bavlny a polyesteru<\/strong>,<\/li>\n<li><strong>32 plastov\u00fdch<\/strong> <strong>ploch\u00fdch<\/strong> <strong>c\u00edvek pro<\/strong> \u0161ic\u00ed stroje, dlouh\u00fdch <strong>15 metr\u016f<\/strong>.<\/li>\n<\/ul>\n<p>Upozor\u0148ujeme, \u017ee barvy nit\u00ed se mohou v jednotliv\u00fdch balen\u00edch li\u0161it, ale uji\u0161\u0165ujeme v\u00e1s, \u017ee ka\u017ed\u00e1 sada bude bohat\u00e1 na rozmanit\u00e9 a atraktivn\u00ed barvy. U\u017e na nic ne\u010dekejte! Vyu\u017eijte na\u0161i jedine\u010dnou sadu \u0161ic\u00edch nit\u00ed a dejte pr\u016fchod sv\u00e9 kreativit\u011b. Objednejte si nyn\u00ed a za\u010dn\u011bte sv\u00e9 rukod\u011bln\u00e9 dobrodru\u017estv\u00ed je\u0161t\u011b dnes!<\/p>\n","protected":false},"excerpt":{"rendered":"<p>Sada r\u016fzn\u00fdch \u0161ic\u00edch nit\u00ed. Sada obsahuje 64 polo\u017eek.<\/p>\n","protected":false},"featured_media":13537,"comment_status":"open","ping_status":"closed","template":"","meta":[],"product_brand":[],"product_cat":[766],"product_tag":[],"class_list":{"0":"post-16177","1":"product","2":"type-product","3":"status-publish","4":"has-post-thumbnail","6":"product_cat-przyborniki-i-zestawy-do-szycia","8":"first","9":"instock","10":"taxable","11":"shipping-taxable","12":"purchasable","13":"product-type-simple"},"_links":{"self":[{"href":"https:\/\/gltestm.webology.pl\/cs\/wp-json\/wp\/v2\/product\/16177","targetHints":{"allow":["GET"]}}],"collection":[{"href":"https:\/\/gltestm.webology.pl\/cs\/wp-json\/wp\/v2\/product"}],"about":[{"href":"https:\/\/gltestm.webology.pl\/cs\/wp-json\/wp\/v2\/types\/product"}],"replies":[{"embeddable":true,"href":"https:\/\/gltestm.webology.pl\/cs\/wp-json\/wp\/v2\/comments?post=16177"}],"version-history":[{"count":0,"href":"https:\/\/gltestm.webology.pl\/cs\/wp-json\/wp\/v2\/product\/16177\/revisions"}],"wp:featuredmedia":[{"embeddable":true,"href":"https:\/\/gltestm.webology.pl\/cs\/wp-json\/wp\/v2\/media\/13537"}],"wp:attachment":[{"href":"https:\/\/gltestm.webology.pl\/cs\/wp-json\/wp\/v2\/media?parent=16177"}],"wp:term":[{"taxonomy":"product_brand","embeddable":true,"href":"https:\/\/gltestm.webology.pl\/cs\/wp-json\/wp\/v2\/product_brand?post=16177"},{"taxonomy":"product_cat","embeddable":true,"href":"https:\/\/gltestm.webology.pl\/cs\/wp-json\/wp\/v2\/product_cat?post=16177"},{"taxonomy":"product_tag","embeddable":true,"href":"https:\/\/gltestm.webology.pl\/cs\/wp-json\/wp\/v2\/product_tag?post=16177"}],"curies":[{"name":"wp","href":"https:\/\/api.w.org\/{rel}","templated":true}]}}