{"id":16169,"date":"2026-03-18T22:03:23","date_gmt":"2026-03-18T21:03:23","guid":{"rendered":"https:\/\/gltestm.webology.pl\/produkt\/schmetzova-dvojita-jehla-2-mm\/"},"modified":"2026-03-22T21:45:59","modified_gmt":"2026-03-22T20:45:59","slug":"schmetzova-dvojita-jehla-2-mm","status":"publish","type":"product","link":"https:\/\/gltestm.webology.pl\/cs\/produkt\/schmetzova-dvojita-jehla-2-mm\/","title":{"rendered":"Schmetzova dvojit\u00e1 jehla 2 mm"},"content":{"rendered":"<p><strong>Dvojit\u00e1 jehla<\/strong><\/p>\n<p>Dvojit\u00e1 jehla se nej\u010dast\u011bji pou\u017e\u00edv\u00e1 k podkl\u00e1d\u00e1n\u00ed ruk\u00e1v\u016f, spodn\u00edho d\u00edlu halenek a tak\u00e9 k ozdobn\u00e9mu \u0161it\u00ed (m\u016f\u017eeme nap\u0159\u00edklad \u0161\u00edt dv\u011bma r\u016fzn\u00fdmi barvami nit\u00ed).<br \/>P\u0159i \u0161it\u00ed dvojjehlou vytvo\u0159\u00edme dva rovnob\u011b\u017en\u00e9 rovn\u00e9 stehy , a pod nimi klikat\u00fd.<\/p>\n<p><strong>Dvojjehla se hod\u00ed pro v\u0161echny stroje z aktu\u00e1ln\u00ed prodejn\u00ed nab\u00eddky<\/strong><br \/><strong>poloploch\u00e9<\/strong><br \/><strong>tlou\u0161\u0165ka: 90<\/strong><br \/><strong>rozte\u010d: 2 mm<br \/>zna\u010dka: : Schmetz<\/strong><\/p>\n<p>Chceme-li ji pou\u017e\u00edvat, mus\u00edme si v n\u00e1vodu ov\u011b\u0159it, zda je n\u00e1\u0161 stroj uzp\u016fsoben pro \u0161it\u00ed dvojjehlou. Aby bylo mo\u017en\u00e9 takovou jehlu pou\u017e\u00edt, mus\u00ed m\u00edt stroj ur\u010dit\u011b klikat\u00fd steh (nen\u00ed to v\u0161ak jedin\u00e9 krit\u00e9rium, proto je t\u0159eba si p\u0159e\u010d\u00edst n\u00e1vod).<\/p>\n<p><strong>PAMATUJTE!<\/strong><br \/>Pravideln\u011b byste tak\u00e9 m\u011bli kontrolovat \u0161pi\u010dku jehly, kdy\u017e si v\u0161imnete jak\u00fdchkoli zn\u00e1mek opot\u0159eben\u00ed, vym\u011b\u0148te jehlu za novou. Stav jehly ovliv\u0148uje kvalitu stehu, po\u0161kozen\u00e1 \u0161pi\u010dka jehly m\u016f\u017ee po\u0161kodit \u0161itou l\u00e1tku. Jehly by m\u011bly b\u00fdt skladov\u00e1ny v p\u016fvodn\u00edm obalu, aby nedo\u0161lo k jejich po\u0161kozen\u00ed.<\/p>\n","protected":false},"excerpt":{"rendered":"<p>Tlou\u0161\u0165ka dvojit\u00e9 jehly: 80, rozte\u010d: 2 mm. N\u00e1zev zna\u010dky: Schmetz<\/p>\n","protected":false},"featured_media":13619,"comment_status":"open","ping_status":"closed","template":"","meta":[],"product_brand":[],"product_cat":[521],"product_tag":[],"class_list":{"0":"post-16169","1":"product","2":"type-product","3":"status-publish","4":"has-post-thumbnail","6":"product_cat-igly-do-maszyn","8":"first","9":"instock","10":"taxable","11":"shipping-taxable","12":"purchasable","13":"product-type-simple"},"_links":{"self":[{"href":"https:\/\/gltestm.webology.pl\/cs\/wp-json\/wp\/v2\/product\/16169","targetHints":{"allow":["GET"]}}],"collection":[{"href":"https:\/\/gltestm.webology.pl\/cs\/wp-json\/wp\/v2\/product"}],"about":[{"href":"https:\/\/gltestm.webology.pl\/cs\/wp-json\/wp\/v2\/types\/product"}],"replies":[{"embeddable":true,"href":"https:\/\/gltestm.webology.pl\/cs\/wp-json\/wp\/v2\/comments?post=16169"}],"version-history":[{"count":0,"href":"https:\/\/gltestm.webology.pl\/cs\/wp-json\/wp\/v2\/product\/16169\/revisions"}],"wp:featuredmedia":[{"embeddable":true,"href":"https:\/\/gltestm.webology.pl\/cs\/wp-json\/wp\/v2\/media\/13619"}],"wp:attachment":[{"href":"https:\/\/gltestm.webology.pl\/cs\/wp-json\/wp\/v2\/media?parent=16169"}],"wp:term":[{"taxonomy":"product_brand","embeddable":true,"href":"https:\/\/gltestm.webology.pl\/cs\/wp-json\/wp\/v2\/product_brand?post=16169"},{"taxonomy":"product_cat","embeddable":true,"href":"https:\/\/gltestm.webology.pl\/cs\/wp-json\/wp\/v2\/product_cat?post=16169"},{"taxonomy":"product_tag","embeddable":true,"href":"https:\/\/gltestm.webology.pl\/cs\/wp-json\/wp\/v2\/product_tag?post=16169"}],"curies":[{"name":"wp","href":"https:\/\/api.w.org\/{rel}","templated":true}]}}