{"id":16165,"date":"2026-03-18T22:03:23","date_gmt":"2026-03-18T21:03:23","guid":{"rendered":"https:\/\/gltestm.webology.pl\/produkt\/sici-souprava-basic\/"},"modified":"2026-03-22T21:45:58","modified_gmt":"2026-03-22T20:45:58","slug":"sici-souprava-basic","status":"publish","type":"product","link":"https:\/\/gltestm.webology.pl\/cs\/produkt\/sici-souprava-basic\/","title":{"rendered":"\u0160ic\u00ed souprava BASIC"},"content":{"rendered":"<h2><strong>Sada BASIC &#8211; k \u010demu bude u\u017eite\u010dn\u00e1?<\/strong><\/h2>\n<p>Sada BASIC je sada p\u0159\u00edslu\u0161enstv\u00ed, kter\u00e1 v\u00e1m usnadn\u00ed pr\u00e1ci p\u0159i ru\u010dn\u00edm \u0161it\u00ed. N\u011bkter\u00e9 z nich, nap\u0159\u00edklad jehly, kovov\u00e9 spodn\u00ed c\u00edvky a centimetr, se budou hodit i p\u0159i \u0161it\u00ed na stroji.<\/p>\n<p>Toto u\u017eite\u010dn\u00e9 p\u0159\u00edslu\u0161enstv\u00ed se jist\u011b dob\u0159e osv\u011bd\u010d\u00ed za\u010d\u00ednaj\u00edc\u00edm \u0161vadlen\u00e1m a z\u00e1rove\u0148 je nepostradateln\u00e9 v ka\u017ed\u00e9 dom\u00e1cnosti, kdy\u017e pot\u0159ebujete n\u011bco narychlo u\u0161\u00edt nebo opravit.<\/p>\n<h2><strong>Obsah sady BASIC<\/strong><\/h2>\n<p>Sada BASIC obsahuje:<\/p>\n<ul>\n<li>21 c\u00edvek nit\u00ed pro ru\u010dn\u00ed \u0161it\u00ed, z toho 16 navinut\u00fdch na TEXTUROV\u00ddCH c\u00edvk\u00e1ch a 5 na PLASTOV\u00ddCH c\u00edvk\u00e1ch<\/li>\n<li>16 kus\u016f \u0161ic\u00edch nit\u00ed, kter\u00e9 se daj\u00ed vy\u0161\u00edt v r\u016fzn\u00fdch barv\u00e1ch, nap\u0159. KOVOV\u00c9 spodn\u00ed c\u00edvky pro stroje<\/li>\n<li>2 ks rozet s navinutou b\u00edlou a \u010dernou nit\u00ed pro ru\u010dn\u00ed \u0161it\u00ed (nap\u0159. na p\u0159i\u0161\u00edv\u00e1n\u00ed knofl\u00edk\u016f)<\/li>\n<li>mini n\u016f\u017eky<\/li>\n<li>10 ks mal\u00fdch knofl\u00edk\u016f na spodn\u00ed pr\u00e1dlo (sv\u011btl\u00e9 a \u010dern\u00e9)<\/li>\n<li>navl\u00e9ka\u010d nit\u00ed<\/li>\n<li>n\u00e1prstek<\/li>\n<li>krej\u010dovsk\u00fd centimetr<\/li>\n<li>5 ks strojov\u00fdch jehel pro tlou\u0161\u0165ky l\u00e1tek: 70, 80 x 2ks, 90 a 100.<\/li>\n<\/ul>\n<p>Barvy nit\u00ed se mohou li\u0161it od barev na fotografii!<\/p>\n","protected":false},"excerpt":{"rendered":"<p>Sada p\u0159\u00edslu\u0161enstv\u00ed BASIC pro ru\u010dn\u00ed \u0161it\u00ed, u\u017eite\u010dn\u00e1 i pro \u0161it\u00ed na stroji.<\/p>\n","protected":false},"featured_media":14162,"comment_status":"open","ping_status":"closed","template":"","meta":[],"product_brand":[],"product_cat":[766],"product_tag":[],"class_list":{"0":"post-16165","1":"product","2":"type-product","3":"status-publish","4":"has-post-thumbnail","6":"product_cat-przyborniki-i-zestawy-do-szycia","8":"first","9":"instock","10":"taxable","11":"shipping-taxable","12":"purchasable","13":"product-type-simple"},"_links":{"self":[{"href":"https:\/\/gltestm.webology.pl\/cs\/wp-json\/wp\/v2\/product\/16165","targetHints":{"allow":["GET"]}}],"collection":[{"href":"https:\/\/gltestm.webology.pl\/cs\/wp-json\/wp\/v2\/product"}],"about":[{"href":"https:\/\/gltestm.webology.pl\/cs\/wp-json\/wp\/v2\/types\/product"}],"replies":[{"embeddable":true,"href":"https:\/\/gltestm.webology.pl\/cs\/wp-json\/wp\/v2\/comments?post=16165"}],"version-history":[{"count":0,"href":"https:\/\/gltestm.webology.pl\/cs\/wp-json\/wp\/v2\/product\/16165\/revisions"}],"wp:featuredmedia":[{"embeddable":true,"href":"https:\/\/gltestm.webology.pl\/cs\/wp-json\/wp\/v2\/media\/14162"}],"wp:attachment":[{"href":"https:\/\/gltestm.webology.pl\/cs\/wp-json\/wp\/v2\/media?parent=16165"}],"wp:term":[{"taxonomy":"product_brand","embeddable":true,"href":"https:\/\/gltestm.webology.pl\/cs\/wp-json\/wp\/v2\/product_brand?post=16165"},{"taxonomy":"product_cat","embeddable":true,"href":"https:\/\/gltestm.webology.pl\/cs\/wp-json\/wp\/v2\/product_cat?post=16165"},{"taxonomy":"product_tag","embeddable":true,"href":"https:\/\/gltestm.webology.pl\/cs\/wp-json\/wp\/v2\/product_tag?post=16165"}],"curies":[{"name":"wp","href":"https:\/\/api.w.org\/{rel}","templated":true}]}}