{"id":16153,"date":"2026-03-18T22:03:22","date_gmt":"2026-03-18T21:03:22","guid":{"rendered":"https:\/\/gltestm.webology.pl\/produkt\/led-zarovka-pro-sici-stroje\/"},"modified":"2026-03-22T21:45:31","modified_gmt":"2026-03-22T20:45:31","slug":"led-zarovka-pro-sici-stroje","status":"publish","type":"product","link":"https:\/\/gltestm.webology.pl\/cs\/produkt\/led-zarovka-pro-sici-stroje\/","title":{"rendered":"LED \u017e\u00e1rovka pro \u0161ic\u00ed stroje"},"content":{"rendered":"<p>LED \u017e\u00e1rovka pro \u0161ic\u00ed stroj*<\/p>\n<p>Specifikace:<\/p>\n<p>rozm\u011br: 59 mm D x24 \u0160 mm<\/p>\n<p>nap\u011bt\u00ed: 240 V<\/p>\n<p>v\u00fdkon: 1 W<\/p>\n<p>80 lm<\/p>\n<p>\u017eivotnost: a\u017e 25000 h<\/p>\n<p>z\u00e1vit: E 14<\/p>\n<p>*Rozm\u011bry ov\u011b\u0159te u d\u0159\u00edve pou\u017eit\u00fdch \u017e\u00e1rovek.<\/p>\n","protected":false},"excerpt":{"rendered":"<p>LED \u017e\u00e1rovka pro \u0161ic\u00ed stroje<\/p>\n","protected":false},"featured_media":15627,"comment_status":"open","ping_status":"closed","template":"","meta":[],"product_brand":[],"product_cat":[496],"product_tag":[],"class_list":{"0":"post-16153","1":"product","2":"type-product","3":"status-publish","4":"has-post-thumbnail","6":"product_cat-zarowki-do-maszyn","8":"first","9":"instock","10":"taxable","11":"shipping-taxable","12":"purchasable","13":"product-type-simple"},"_links":{"self":[{"href":"https:\/\/gltestm.webology.pl\/cs\/wp-json\/wp\/v2\/product\/16153","targetHints":{"allow":["GET"]}}],"collection":[{"href":"https:\/\/gltestm.webology.pl\/cs\/wp-json\/wp\/v2\/product"}],"about":[{"href":"https:\/\/gltestm.webology.pl\/cs\/wp-json\/wp\/v2\/types\/product"}],"replies":[{"embeddable":true,"href":"https:\/\/gltestm.webology.pl\/cs\/wp-json\/wp\/v2\/comments?post=16153"}],"version-history":[{"count":0,"href":"https:\/\/gltestm.webology.pl\/cs\/wp-json\/wp\/v2\/product\/16153\/revisions"}],"wp:featuredmedia":[{"embeddable":true,"href":"https:\/\/gltestm.webology.pl\/cs\/wp-json\/wp\/v2\/media\/15627"}],"wp:attachment":[{"href":"https:\/\/gltestm.webology.pl\/cs\/wp-json\/wp\/v2\/media?parent=16153"}],"wp:term":[{"taxonomy":"product_brand","embeddable":true,"href":"https:\/\/gltestm.webology.pl\/cs\/wp-json\/wp\/v2\/product_brand?post=16153"},{"taxonomy":"product_cat","embeddable":true,"href":"https:\/\/gltestm.webology.pl\/cs\/wp-json\/wp\/v2\/product_cat?post=16153"},{"taxonomy":"product_tag","embeddable":true,"href":"https:\/\/gltestm.webology.pl\/cs\/wp-json\/wp\/v2\/product_tag?post=16153"}],"curies":[{"name":"wp","href":"https:\/\/api.w.org\/{rel}","templated":true}]}}