{"id":16149,"date":"2026-03-18T22:03:22","date_gmt":"2026-03-18T21:03:22","guid":{"rendered":"https:\/\/gltestm.webology.pl\/produkt\/jednoduse-sici-sada\/"},"modified":"2026-03-22T21:07:37","modified_gmt":"2026-03-22T20:07:37","slug":"jednoduse-sici-sada","status":"publish","type":"product","link":"https:\/\/gltestm.webology.pl\/cs\/produkt\/jednoduse-sici-sada\/","title":{"rendered":"Jednodu\u0161e \u0161ic\u00ed sada"},"content":{"rendered":"<h2><strong>Jednodu\u0161e \u0161ic\u00ed sada<\/strong><\/h2>\n<p><strong>Praktick\u00e1<\/strong> \u0161ic\u00ed <strong>souprava<\/strong> u\u017eite\u010dn\u00e1 v ka\u017ed\u00e9 situaci &#8211; doma, v pr\u00e1ci i na cest\u00e1ch! Lehk\u00e1 a funk\u010dn\u00ed &#8211; vejde se do kapsy nebo kabelky! Sada obsahuje z\u00e1kladn\u00ed vybaven\u00ed u\u017eite\u010dn\u00e9 pro ne\u010dekan\u00e9 opravy.<\/p>\n<h2>Obsah sady<\/h2>\n<ul>\n<li>Krej\u010dovsk\u00fd centimetr 100 cm<\/li>\n<li>R\u016fznobarevn\u00e9 nit\u011b pro ru\u010dn\u00ed \u0161it\u00ed &#8211; 11 ks.<\/li>\n<li>Ostr\u00e9 mini n\u016f\u017eky<\/li>\n<li>Plastov\u00fd n\u00e1prstek <\/li>\n<li>Navl\u00e9ka\u010d nit\u00ed<\/li>\n<\/ul>\n","protected":false},"excerpt":{"rendered":"<p>Sada p\u0159\u00edslu\u0161enstv\u00ed pro ru\u010dn\u00ed \u0161it\u00ed SIMPLY. 15 polo\u017eek pot\u0159ebn\u00fdch pro ne\u010dekan\u00e9 opravy.<\/p>\n","protected":false},"featured_media":14381,"comment_status":"open","ping_status":"closed","template":"","meta":[],"product_brand":[],"product_cat":[766],"product_tag":[],"class_list":{"0":"post-16149","1":"product","2":"type-product","3":"status-publish","4":"has-post-thumbnail","6":"product_cat-przyborniki-i-zestawy-do-szycia","8":"first","9":"instock","10":"taxable","11":"shipping-taxable","12":"purchasable","13":"product-type-simple"},"_links":{"self":[{"href":"https:\/\/gltestm.webology.pl\/cs\/wp-json\/wp\/v2\/product\/16149","targetHints":{"allow":["GET"]}}],"collection":[{"href":"https:\/\/gltestm.webology.pl\/cs\/wp-json\/wp\/v2\/product"}],"about":[{"href":"https:\/\/gltestm.webology.pl\/cs\/wp-json\/wp\/v2\/types\/product"}],"replies":[{"embeddable":true,"href":"https:\/\/gltestm.webology.pl\/cs\/wp-json\/wp\/v2\/comments?post=16149"}],"version-history":[{"count":0,"href":"https:\/\/gltestm.webology.pl\/cs\/wp-json\/wp\/v2\/product\/16149\/revisions"}],"wp:featuredmedia":[{"embeddable":true,"href":"https:\/\/gltestm.webology.pl\/cs\/wp-json\/wp\/v2\/media\/14381"}],"wp:attachment":[{"href":"https:\/\/gltestm.webology.pl\/cs\/wp-json\/wp\/v2\/media?parent=16149"}],"wp:term":[{"taxonomy":"product_brand","embeddable":true,"href":"https:\/\/gltestm.webology.pl\/cs\/wp-json\/wp\/v2\/product_brand?post=16149"},{"taxonomy":"product_cat","embeddable":true,"href":"https:\/\/gltestm.webology.pl\/cs\/wp-json\/wp\/v2\/product_cat?post=16149"},{"taxonomy":"product_tag","embeddable":true,"href":"https:\/\/gltestm.webology.pl\/cs\/wp-json\/wp\/v2\/product_tag?post=16149"}],"curies":[{"name":"wp","href":"https:\/\/api.w.org\/{rel}","templated":true}]}}