{"id":16145,"date":"2026-03-18T22:03:22","date_gmt":"2026-03-18T21:03:22","guid":{"rendered":"https:\/\/gltestm.webology.pl\/produkt\/zarovka-pro-sici-stroje-a-overlocky\/"},"modified":"2026-03-22T21:45:28","modified_gmt":"2026-03-22T20:45:28","slug":"zarovka-pro-sici-stroje-a-overlocky","status":"publish","type":"product","link":"https:\/\/gltestm.webology.pl\/cs\/produkt\/zarovka-pro-sici-stroje-a-overlocky\/","title":{"rendered":"\u017d\u00e1rovka pro \u0161ic\u00ed stroje a overlocky"},"content":{"rendered":"<p><strong><span><span><span>\u017d\u00e1rovka E14 pro \u0161ic\u00ed stroje se hod\u00ed pro stroje a overlocky z aktu\u00e1ln\u00ed prodejn\u00ed nab\u00eddky.<\/span><\/span><\/span><\/strong><\/p>\n<p><strong><span><span><span>(krom\u011b elektronick\u00fdch a led stroj\u016f)<\/span><\/span><\/span><\/strong><\/p>\n<p><span><span><span><strong><span><span><span><span>\u017d\u00e1rovka do \u0161ic\u00edho stroje je n\u00e1hradn\u00ed d\u00edl, kter\u00fd v\u00e1m umo\u017en\u00ed spr\u00e1vn\u00e9 pou\u017e\u00edv\u00e1n\u00ed stroje.<\/span><\/span><\/span><\/span><\/strong><\/span><\/span><\/span><\/p>\n<p><span><span><span><strong><span><span><span><span>Specifications:<\/span><\/span><\/span><\/span><\/strong><\/span><\/span><\/span><\/p>\n<p><strong><span><span><span>vl\u00e1kno: E14<\/span><\/span><\/span><\/strong><\/p>\n<p><strong><span><span><span>v\u00fdkon: 15 W <br \/><\/span><\/span><\/span><\/strong><\/p>\n<p><span><span><span><strong><span><span><span><span>nap\u011bt\u00ed: 230 V<\/span><\/span><\/span><\/span><\/strong><\/span><\/span><\/span><\/p>\n","protected":false},"excerpt":{"rendered":"<p>\u017d\u00e1rovka E14 pro \u0161ic\u00ed stroje a overlocky<\/p>\n","protected":false},"featured_media":13128,"comment_status":"open","ping_status":"closed","template":"","meta":[],"product_brand":[],"product_cat":[496],"product_tag":[],"class_list":{"0":"post-16145","1":"product","2":"type-product","3":"status-publish","4":"has-post-thumbnail","6":"product_cat-zarowki-do-maszyn","8":"first","9":"instock","10":"taxable","11":"shipping-taxable","12":"purchasable","13":"product-type-simple"},"_links":{"self":[{"href":"https:\/\/gltestm.webology.pl\/cs\/wp-json\/wp\/v2\/product\/16145","targetHints":{"allow":["GET"]}}],"collection":[{"href":"https:\/\/gltestm.webology.pl\/cs\/wp-json\/wp\/v2\/product"}],"about":[{"href":"https:\/\/gltestm.webology.pl\/cs\/wp-json\/wp\/v2\/types\/product"}],"replies":[{"embeddable":true,"href":"https:\/\/gltestm.webology.pl\/cs\/wp-json\/wp\/v2\/comments?post=16145"}],"version-history":[{"count":0,"href":"https:\/\/gltestm.webology.pl\/cs\/wp-json\/wp\/v2\/product\/16145\/revisions"}],"wp:featuredmedia":[{"embeddable":true,"href":"https:\/\/gltestm.webology.pl\/cs\/wp-json\/wp\/v2\/media\/13128"}],"wp:attachment":[{"href":"https:\/\/gltestm.webology.pl\/cs\/wp-json\/wp\/v2\/media?parent=16145"}],"wp:term":[{"taxonomy":"product_brand","embeddable":true,"href":"https:\/\/gltestm.webology.pl\/cs\/wp-json\/wp\/v2\/product_brand?post=16145"},{"taxonomy":"product_cat","embeddable":true,"href":"https:\/\/gltestm.webology.pl\/cs\/wp-json\/wp\/v2\/product_cat?post=16145"},{"taxonomy":"product_tag","embeddable":true,"href":"https:\/\/gltestm.webology.pl\/cs\/wp-json\/wp\/v2\/product_tag?post=16145"}],"curies":[{"name":"wp","href":"https:\/\/api.w.org\/{rel}","templated":true}]}}