{"id":16141,"date":"2026-03-18T22:03:21","date_gmt":"2026-03-18T21:03:21","guid":{"rendered":"https:\/\/gltestm.webology.pl\/produkt\/sada-siciho-prislusenstvi-big-box-zs-16\/"},"modified":"2026-03-22T21:45:28","modified_gmt":"2026-03-22T20:45:28","slug":"sada-siciho-prislusenstvi-big-box-zs-16","status":"publish","type":"product","link":"https:\/\/gltestm.webology.pl\/cs\/produkt\/sada-siciho-prislusenstvi-big-box-zs-16\/","title":{"rendered":"Sada \u0161ic\u00edho p\u0159\u00edslu\u0161enstv\u00ed Big Box ZS-16"},"content":{"rendered":"<h2><strong>Co je to sada BIGBOX?<\/strong><\/h2>\n<p>\u0160ic\u00ed souprava Big Box umo\u017e\u0148uje praktick\u00e9 ulo\u017een\u00ed ve\u0161ker\u00e9ho pot\u0159ebn\u00e9ho \u0161ic\u00edho p\u0159\u00edslu\u0161enstv\u00ed.<\/p>\n<p>\u0160ic\u00ed souprava Big Box obsahuje t\u0159i zacvak\u00e1vac\u00ed \u00farovn\u011b, do kter\u00fdch se ukl\u00e1d\u00e1 \u0161ic\u00ed p\u0159\u00edslu\u0161enstv\u00ed a nit\u011b pro \u0161it\u00ed na stroji nebo v ruce. Box je opat\u0159en dr\u017eadlem pro p\u0159en\u00e1\u0161en\u00ed.<\/p>\n<h2><strong>Prvky boxu<\/strong><\/h2>\n<p>Sada obsahuje: 1:<\/p>\n<ul>\n<li>mini n\u016f\u017eky,<\/li>\n<li>5 plastov\u00fdch pr\u00e1zdn\u00fdch strojov\u00fdch c\u00edvek na spodn\u00ed nit\u011b,<\/li>\n<li>mal\u00e9 balen\u00ed \u0161pendl\u00edk\u016f s barevn\u00fdmi plastov\u00fdmi hlavi\u010dkami,<\/li>\n<li>150 cm dlouh\u00fd samonav\u00edjec\u00ed \u0161ic\u00ed centimetr,<\/li>\n<li>sadu jehel pro ru\u010dn\u00ed \u0161it\u00ed,<\/li>\n<li>ripper\/vy\u0159ez\u00e1va\u010d<\/li>\n<li>16 kus\u016f nit\u00ed ze 100% polyesteru v r\u016fzn\u00fdch barv\u00e1ch, ka\u017ed\u00e1 o<strong> d\u00e9lce <\/strong>100 m.<\/li>\n<\/ul>\n","protected":false},"excerpt":{"rendered":"<p>Profesion\u00e1ln\u00ed sada \u0161ic\u00edho p\u0159\u00edslu\u0161enstv\u00ed BIG BOX v praktick\u00e9 krabi\u010dce<\/p>\n","protected":false},"featured_media":13744,"comment_status":"open","ping_status":"closed","template":"","meta":[],"product_brand":[],"product_cat":[766],"product_tag":[],"class_list":{"0":"post-16141","1":"product","2":"type-product","3":"status-publish","4":"has-post-thumbnail","6":"product_cat-przyborniki-i-zestawy-do-szycia","8":"first","9":"instock","10":"taxable","11":"shipping-taxable","12":"purchasable","13":"product-type-simple"},"_links":{"self":[{"href":"https:\/\/gltestm.webology.pl\/cs\/wp-json\/wp\/v2\/product\/16141","targetHints":{"allow":["GET"]}}],"collection":[{"href":"https:\/\/gltestm.webology.pl\/cs\/wp-json\/wp\/v2\/product"}],"about":[{"href":"https:\/\/gltestm.webology.pl\/cs\/wp-json\/wp\/v2\/types\/product"}],"replies":[{"embeddable":true,"href":"https:\/\/gltestm.webology.pl\/cs\/wp-json\/wp\/v2\/comments?post=16141"}],"version-history":[{"count":0,"href":"https:\/\/gltestm.webology.pl\/cs\/wp-json\/wp\/v2\/product\/16141\/revisions"}],"wp:featuredmedia":[{"embeddable":true,"href":"https:\/\/gltestm.webology.pl\/cs\/wp-json\/wp\/v2\/media\/13744"}],"wp:attachment":[{"href":"https:\/\/gltestm.webology.pl\/cs\/wp-json\/wp\/v2\/media?parent=16141"}],"wp:term":[{"taxonomy":"product_brand","embeddable":true,"href":"https:\/\/gltestm.webology.pl\/cs\/wp-json\/wp\/v2\/product_brand?post=16141"},{"taxonomy":"product_cat","embeddable":true,"href":"https:\/\/gltestm.webology.pl\/cs\/wp-json\/wp\/v2\/product_cat?post=16141"},{"taxonomy":"product_tag","embeddable":true,"href":"https:\/\/gltestm.webology.pl\/cs\/wp-json\/wp\/v2\/product_tag?post=16141"}],"curies":[{"name":"wp","href":"https:\/\/api.w.org\/{rel}","templated":true}]}}