{"id":16137,"date":"2026-03-18T22:03:21","date_gmt":"2026-03-18T21:03:21","guid":{"rendered":"https:\/\/gltestm.webology.pl\/produkt\/lucznik-overlockove-jehly-5-ks\/"},"modified":"2026-03-22T21:45:24","modified_gmt":"2026-03-22T20:45:24","slug":"lucznik-overlockove-jehly-5-ks","status":"publish","type":"product","link":"https:\/\/gltestm.webology.pl\/cs\/produkt\/lucznik-overlockove-jehly-5-ks\/","title":{"rendered":"Lucznik overlockov\u00e9 jehly 5 ks."},"content":{"rendered":"<p>Jehly Lucznik S-2054 s <strong>tenkou p\u016flkou fl<\/strong> ask se hod\u00ed ke<strong> star\u0161\u00edm model\u016fm overlock\u016f<\/strong> (nehod\u00ed se k overlock\u016fm z aktu\u00e1ln\u00ed nab\u00eddky Lucznik). Sada obsahuje 5 kus\u016f jehel ve velikosti 90\/14.<\/p>\n<h2><strong>PAMATUJTE<\/strong><strong>!<\/strong> <\/h2>\n<p>P\u0159i \u0161it\u00ed na overlocku pou\u017e\u00edvejte v\u017edy dv\u011b stejn\u00e9 jehly. Pravideln\u011b tak\u00e9 kontrolujte \u0161pi\u010dku jehly, jakmile zaznamen\u00e1te zn\u00e1mky opot\u0159eben\u00ed, vym\u011b\u0148te jehlu za novou. Stav jehly ovliv\u0148uje kvalitu stehu, po\u0161kozen\u00fd hrot jehly m\u016f\u017ee po\u0161kodit \u0161itou l\u00e1tku. Jehly by m\u011bly b\u00fdt skladov\u00e1ny v p\u016fvodn\u00edm obalu, aby nedo\u0161lo k jejich po\u0161kozen\u00ed.<\/p>\n","protected":false},"excerpt":{"rendered":"<p>Sada 5 jehel S-2054 90\/14 s tenkou ba\u0148kou. Jsou vhodn\u00e9 pro star\u0161\u00ed modely overlockov\u00fdch stroj\u016f<\/p>\n","protected":false},"featured_media":15311,"comment_status":"open","ping_status":"closed","template":"","meta":[],"product_brand":[],"product_cat":[521],"product_tag":[],"class_list":{"0":"post-16137","1":"product","2":"type-product","3":"status-publish","4":"has-post-thumbnail","6":"product_cat-igly-do-maszyn","8":"first","9":"instock","10":"taxable","11":"shipping-taxable","12":"purchasable","13":"product-type-simple"},"_links":{"self":[{"href":"https:\/\/gltestm.webology.pl\/cs\/wp-json\/wp\/v2\/product\/16137","targetHints":{"allow":["GET"]}}],"collection":[{"href":"https:\/\/gltestm.webology.pl\/cs\/wp-json\/wp\/v2\/product"}],"about":[{"href":"https:\/\/gltestm.webology.pl\/cs\/wp-json\/wp\/v2\/types\/product"}],"replies":[{"embeddable":true,"href":"https:\/\/gltestm.webology.pl\/cs\/wp-json\/wp\/v2\/comments?post=16137"}],"version-history":[{"count":0,"href":"https:\/\/gltestm.webology.pl\/cs\/wp-json\/wp\/v2\/product\/16137\/revisions"}],"wp:featuredmedia":[{"embeddable":true,"href":"https:\/\/gltestm.webology.pl\/cs\/wp-json\/wp\/v2\/media\/15311"}],"wp:attachment":[{"href":"https:\/\/gltestm.webology.pl\/cs\/wp-json\/wp\/v2\/media?parent=16137"}],"wp:term":[{"taxonomy":"product_brand","embeddable":true,"href":"https:\/\/gltestm.webology.pl\/cs\/wp-json\/wp\/v2\/product_brand?post=16137"},{"taxonomy":"product_cat","embeddable":true,"href":"https:\/\/gltestm.webology.pl\/cs\/wp-json\/wp\/v2\/product_cat?post=16137"},{"taxonomy":"product_tag","embeddable":true,"href":"https:\/\/gltestm.webology.pl\/cs\/wp-json\/wp\/v2\/product_tag?post=16137"}],"curies":[{"name":"wp","href":"https:\/\/api.w.org\/{rel}","templated":true}]}}