{"id":16133,"date":"2026-03-18T22:03:20","date_gmt":"2026-03-18T21:03:20","guid":{"rendered":"https:\/\/gltestm.webology.pl\/produkt\/lukostrelecke-jehly-dp5-90-100\/"},"modified":"2026-03-22T21:44:46","modified_gmt":"2026-03-22T20:44:46","slug":"lukostrelecke-jehly-dp5-90-100","status":"publish","type":"product","link":"https:\/\/gltestm.webology.pl\/cs\/produkt\/lukostrelecke-jehly-dp5-90-100\/","title":{"rendered":"Lukost\u0159eleck\u00e9 jehly DP*5 (90, 100)"},"content":{"rendered":"<h2><strong>Sada jehel Lucznik DP*5 (90, 100)<\/strong><\/h2>\n<p>Sada jehel Lucznik DP*5 s<strong> kulatou ba\u0148kou<\/strong> je vhodn\u00e1 pro overlocky FN 2-8 a FN 2-5. Sada obsahuje jehly:<\/p>\n<ul>\n<li>90\/14 &#8211; 3 kusy<\/li>\n<li>100\/16 &#8211; 2 kusy<\/li>\n<\/ul>\n<h2><strong>P\u0158I \u0160IT\u00cd NA OVERLOCKU POU\u017d\u00cdVEJTE V\u017dDY DV\u011a STEJN\u00c9 JEHLY.<\/strong><\/h2>\n<p>P\u0159i v\u00fdb\u011bru velikosti jehel plat\u00ed jednoduch\u00e9 pravidlo &#8211; v\u017edy volte co nejmen\u0161\u00ed velikost, abyste zbyte\u010dn\u011b neprod\u00edrali \u0161it\u00fd materi\u00e1l. Mus\u00edme si v\u0161ak uv\u011bdomit, \u017ee pr\u00e1v\u011b velikost jehly ur\u010duje velikost o\u010dka, a to mus\u00ed b\u00fdt dostate\u010dn\u011b velk\u00e9, aby se nit mohla voln\u011b pohybovat.<\/p>\n<h2><strong>PAMATUJTE!<\/strong><\/h2>\n<p>Pravideln\u011b byste tak\u00e9 m\u011bli kontrolovat \u0161pi\u010dku jehly, kdy\u017e si v\u0161imnete jak\u00fdchkoli zn\u00e1mek opot\u0159eben\u00ed, vym\u011b\u0148te jehlu za novou. Stav jehly ovliv\u0148uje kvalitu stehu, po\u0161kozen\u00e1 \u0161pi\u010dka jehly m\u016f\u017ee po\u0161kodit \u0161itou l\u00e1tku. Jehly by m\u011bly b\u00fdt skladov\u00e1ny v p\u016fvodn\u00edm obalu, aby nedo\u0161lo k jejich po\u0161kozen\u00ed.<\/p>\n","protected":false},"excerpt":{"rendered":"<p>Sada jehel na kulat\u00e9 ba\u0148ce 90\/14 &#8211; 3 ks, 100\/16 2 ks pro overlocky FN 2-8 a FN 2-5<\/p>\n","protected":false},"featured_media":14335,"comment_status":"open","ping_status":"closed","template":"","meta":[],"product_brand":[],"product_cat":[521],"product_tag":[],"class_list":{"0":"post-16133","1":"product","2":"type-product","3":"status-publish","4":"has-post-thumbnail","6":"product_cat-igly-do-maszyn","8":"first","9":"instock","10":"taxable","11":"shipping-taxable","12":"purchasable","13":"product-type-simple"},"_links":{"self":[{"href":"https:\/\/gltestm.webology.pl\/cs\/wp-json\/wp\/v2\/product\/16133","targetHints":{"allow":["GET"]}}],"collection":[{"href":"https:\/\/gltestm.webology.pl\/cs\/wp-json\/wp\/v2\/product"}],"about":[{"href":"https:\/\/gltestm.webology.pl\/cs\/wp-json\/wp\/v2\/types\/product"}],"replies":[{"embeddable":true,"href":"https:\/\/gltestm.webology.pl\/cs\/wp-json\/wp\/v2\/comments?post=16133"}],"version-history":[{"count":0,"href":"https:\/\/gltestm.webology.pl\/cs\/wp-json\/wp\/v2\/product\/16133\/revisions"}],"wp:featuredmedia":[{"embeddable":true,"href":"https:\/\/gltestm.webology.pl\/cs\/wp-json\/wp\/v2\/media\/14335"}],"wp:attachment":[{"href":"https:\/\/gltestm.webology.pl\/cs\/wp-json\/wp\/v2\/media?parent=16133"}],"wp:term":[{"taxonomy":"product_brand","embeddable":true,"href":"https:\/\/gltestm.webology.pl\/cs\/wp-json\/wp\/v2\/product_brand?post=16133"},{"taxonomy":"product_cat","embeddable":true,"href":"https:\/\/gltestm.webology.pl\/cs\/wp-json\/wp\/v2\/product_cat?post=16133"},{"taxonomy":"product_tag","embeddable":true,"href":"https:\/\/gltestm.webology.pl\/cs\/wp-json\/wp\/v2\/product_tag?post=16133"}],"curies":[{"name":"wp","href":"https:\/\/api.w.org\/{rel}","templated":true}]}}