{"id":16129,"date":"2026-03-18T22:03:20","date_gmt":"2026-03-18T21:03:20","guid":{"rendered":"https:\/\/gltestm.webology.pl\/produkt\/mineralni-olej-30ml\/"},"modified":"2026-03-22T21:44:37","modified_gmt":"2026-03-22T20:44:37","slug":"mineralni-olej-30ml","status":"publish","type":"product","link":"https:\/\/gltestm.webology.pl\/cs\/produkt\/mineralni-olej-30ml\/","title":{"rendered":"Miner\u00e1ln\u00ed olej 30ml"},"content":{"rendered":"<p><span><span><span><strong><span><span>Jedn\u00e1 se o \u010dist\u00fd miner\u00e1ln\u00ed olej, kter\u00fd je vhodn\u00fd k olejov\u00e1n\u00ed mechanism\u016f \u0161ic\u00edch stroj\u016f v\u0161ech typ\u016f. <\/span><\/span><\/strong><\/span><\/span><\/span><\/p>\n<p><span><span><span><strong><span><span>Pou\u017e\u00edv\u00e1 se p\u0159i teplot\u00e1ch do 50 \u00b0C.<br \/> Velikost lahvi\u010dky je 50&#215;100 mm, hrot 2-5&#215;25 mm. <\/span><\/span><\/strong><\/span><\/span><\/span><\/p>\n<p><span><span><span><strong><span><span>P\u0159ed pou\u017eit\u00edm ud\u011blejte do lahvi\u010dky otvor a pot\u00e9 ji uzav\u0159ete, abyste zabr\u00e1nili rozlit\u00ed oleje. <\/span><\/span><\/strong><\/span><\/span><\/span><\/p>\n","protected":false},"excerpt":{"rendered":"<p>Jedn\u00e1 se o \u010dist\u00fd miner\u00e1ln\u00ed olej, kter\u00fd je vhodn\u00fd k maz\u00e1n\u00ed mechanism\u016f \u0161ic\u00edch stroj\u016f v\u0161ech typ\u016f. Pou\u017eit\u00ed p\u0159i teplot\u00e1ch do 50 \u00b0C<\/p>\n","protected":false},"featured_media":14547,"comment_status":"open","ping_status":"closed","template":"","meta":[],"product_brand":[],"product_cat":[536],"product_tag":[],"class_list":{"0":"post-16129","1":"product","2":"type-product","3":"status-publish","4":"has-post-thumbnail","6":"product_cat-oleje-do-maszyn","8":"first","9":"instock","10":"taxable","11":"shipping-taxable","12":"purchasable","13":"product-type-simple"},"_links":{"self":[{"href":"https:\/\/gltestm.webology.pl\/cs\/wp-json\/wp\/v2\/product\/16129","targetHints":{"allow":["GET"]}}],"collection":[{"href":"https:\/\/gltestm.webology.pl\/cs\/wp-json\/wp\/v2\/product"}],"about":[{"href":"https:\/\/gltestm.webology.pl\/cs\/wp-json\/wp\/v2\/types\/product"}],"replies":[{"embeddable":true,"href":"https:\/\/gltestm.webology.pl\/cs\/wp-json\/wp\/v2\/comments?post=16129"}],"version-history":[{"count":0,"href":"https:\/\/gltestm.webology.pl\/cs\/wp-json\/wp\/v2\/product\/16129\/revisions"}],"wp:featuredmedia":[{"embeddable":true,"href":"https:\/\/gltestm.webology.pl\/cs\/wp-json\/wp\/v2\/media\/14547"}],"wp:attachment":[{"href":"https:\/\/gltestm.webology.pl\/cs\/wp-json\/wp\/v2\/media?parent=16129"}],"wp:term":[{"taxonomy":"product_brand","embeddable":true,"href":"https:\/\/gltestm.webology.pl\/cs\/wp-json\/wp\/v2\/product_brand?post=16129"},{"taxonomy":"product_cat","embeddable":true,"href":"https:\/\/gltestm.webology.pl\/cs\/wp-json\/wp\/v2\/product_cat?post=16129"},{"taxonomy":"product_tag","embeddable":true,"href":"https:\/\/gltestm.webology.pl\/cs\/wp-json\/wp\/v2\/product_tag?post=16129"}],"curies":[{"name":"wp","href":"https:\/\/api.w.org\/{rel}","templated":true}]}}