{"id":16121,"date":"2026-03-18T22:03:20","date_gmt":"2026-03-18T21:03:20","guid":{"rendered":"https:\/\/gltestm.webology.pl\/produkt\/univerzalni-sada-jehel-beissel-mix-130-705\/"},"modified":"2026-03-22T21:44:29","modified_gmt":"2026-03-22T20:44:29","slug":"univerzalni-sada-jehel-beissel-mix-130-705","status":"publish","type":"product","link":"https:\/\/gltestm.webology.pl\/cs\/produkt\/univerzalni-sada-jehel-beissel-mix-130-705\/","title":{"rendered":"Univerz\u00e1ln\u00ed sada jehel Beissel MIX 130-705"},"content":{"rendered":"<p><strong>Univerz\u00e1ln\u00ed jehly Beissel MIX 130-705<\/strong><\/p>\n<p>Sada univerz\u00e1ln\u00edch jehel pro \u0161it\u00ed l\u00e1tek.<\/p>\n<p><strong>Tlou\u0161\u0165ka ba\u0148ky barevn\u011b odli\u0161ena<\/strong><br \/><strong>Tlou\u0161\u0165ka jehly 1&#215;70, 1&#215;80, 2&#215;90, 1&#215;100. <\/strong><br \/><strong>Balen\u00ed po 5 kusech.<\/strong><br \/><strong>Poloploch\u00e9.<\/strong><\/p>\n<p>Licencov\u00e1no spole\u010dnost\u00ed BMN Beissel Maschinennadel Gmbh, N\u011bmecko.<\/p>\n<p>Jehla Beissel:<br \/>je vyrobena v souladu s normou DIN<br \/>vyrobena v souladu s normou SATRA,UK<br \/>podl\u00e9h\u00e1 kontrole kvality v\u010detn\u011b 155 kontroln\u00edch bod\u016f<\/p>\n<p>Strojn\u00ed jehly Beissel se pou\u017e\u00edvaj\u00ed v des\u00edtk\u00e1ch zem\u00ed po cel\u00e9m sv\u011bt\u011b, na v\u0161ech kontinentech Tov\u00e1rna Altek Beissel je jednou z posledn\u00edch na sv\u011bt\u011b, kde je majitel denn\u011b p\u0159\u00edtomen ve v\u00fdrobn\u00ed hale<\/p>\n","protected":false},"excerpt":{"rendered":"<p>Univerz\u00e1ln\u00ed poloploch\u00e1 jehla BEISSEL MIX 130-705 H, na tkaniny<\/p>\n","protected":false},"featured_media":14501,"comment_status":"open","ping_status":"closed","template":"","meta":[],"product_brand":[],"product_cat":[521],"product_tag":[],"class_list":{"0":"post-16121","1":"product","2":"type-product","3":"status-publish","4":"has-post-thumbnail","6":"product_cat-igly-do-maszyn","8":"first","9":"instock","10":"taxable","11":"shipping-taxable","12":"purchasable","13":"product-type-simple"},"_links":{"self":[{"href":"https:\/\/gltestm.webology.pl\/cs\/wp-json\/wp\/v2\/product\/16121","targetHints":{"allow":["GET"]}}],"collection":[{"href":"https:\/\/gltestm.webology.pl\/cs\/wp-json\/wp\/v2\/product"}],"about":[{"href":"https:\/\/gltestm.webology.pl\/cs\/wp-json\/wp\/v2\/types\/product"}],"replies":[{"embeddable":true,"href":"https:\/\/gltestm.webology.pl\/cs\/wp-json\/wp\/v2\/comments?post=16121"}],"version-history":[{"count":0,"href":"https:\/\/gltestm.webology.pl\/cs\/wp-json\/wp\/v2\/product\/16121\/revisions"}],"wp:featuredmedia":[{"embeddable":true,"href":"https:\/\/gltestm.webology.pl\/cs\/wp-json\/wp\/v2\/media\/14501"}],"wp:attachment":[{"href":"https:\/\/gltestm.webology.pl\/cs\/wp-json\/wp\/v2\/media?parent=16121"}],"wp:term":[{"taxonomy":"product_brand","embeddable":true,"href":"https:\/\/gltestm.webology.pl\/cs\/wp-json\/wp\/v2\/product_brand?post=16121"},{"taxonomy":"product_cat","embeddable":true,"href":"https:\/\/gltestm.webology.pl\/cs\/wp-json\/wp\/v2\/product_cat?post=16121"},{"taxonomy":"product_tag","embeddable":true,"href":"https:\/\/gltestm.webology.pl\/cs\/wp-json\/wp\/v2\/product_tag?post=16121"}],"curies":[{"name":"wp","href":"https:\/\/api.w.org\/{rel}","templated":true}]}}