{"id":16117,"date":"2026-03-18T22:03:19","date_gmt":"2026-03-18T21:03:19","guid":{"rendered":"https:\/\/gltestm.webology.pl\/produkt\/sada-protahovacich-jehel-beissel-130-705-h-s-mix\/"},"modified":"2026-03-22T21:44:27","modified_gmt":"2026-03-22T20:44:27","slug":"sada-protahovacich-jehel-beissel-130-705-h-s-mix","status":"publish","type":"product","link":"https:\/\/gltestm.webology.pl\/cs\/produkt\/sada-protahovacich-jehel-beissel-130-705-h-s-mix\/","title":{"rendered":"Sada protahovac\u00edch jehel Beissel 130-705 H-S MIX"},"content":{"rendered":"<p><strong>Jehly Beissel pro stretch 130-705 H-S MIX<\/strong><\/p>\n<p>D\u00edky typu jehly &#8211; H-S \/SES\/- si jehla velmi dob\u0159e porad\u00ed s obt\u00ed\u017en\u011b \u0161iteln\u00fdmi \u00faplety \/lycra a jin\u00e9 hust\u00e9, tenk\u00e9 a siln\u011b pru\u017en\u00e9 \u00faplety\/, zlep\u0161uje kvalitu stehu, sni\u017euje pr\u016fchod steh\u016f a nepo\u0161kozuje jemn\u00e9 materi\u00e1ly.<\/p>\n<p>Jehly ur\u010den\u00e9 pro zrakov\u011b posti\u017een\u00e9 maj\u00ed speci\u00e1ln\u00ed dr\u00e1\u017eku, kter\u00e1 umo\u017e\u0148uje snadn\u00e9 navl\u00e9k\u00e1n\u00ed nit\u011b, i kdy\u017e nevid\u00edme na ucho. Tyto jehly pou\u017e\u00edvaj\u00ed tak\u00e9 lid\u00e9, kte\u0159\u00ed \u0161ij\u00ed a maj\u00ed ur\u010dit\u00fd stupe\u0148 posti\u017een\u00ed, nap\u0159\u00edklad Parkinsonovu chorobu.<\/p>\n<p><strong>Barevn\u011b odli\u0161en\u00e1 tlou\u0161\u0165ka ba\u0148ky.<\/strong><br \/><strong>Tlou\u0161\u0165ka jehly 3&#215;75, 2&#215;90.<\/strong><br \/><strong>Balen\u00ed po 5 kusech.<\/strong><br \/><strong>Poloploch\u00e9.<\/strong><\/p>\n<p>Licencov\u00e1no spole\u010dnost\u00ed BMN Beissel Maschinennadel Gmbh, N\u011bmecko.<\/p>\n<p>Jehla Beissel:<br \/>je vyrobena v souladu s normou DIN<br \/>vyrobena v souladu s normou SATRA,UK<br \/>podl\u00e9h\u00e1 kontrole kvality v\u010detn\u011b 155 kontroln\u00edch bod\u016f<\/p>\n<p>Strojn\u00ed jehly Beissel se pou\u017e\u00edvaj\u00ed v des\u00edtk\u00e1ch zem\u00ed sv\u011bta na v\u0161ech kontinentech Tov\u00e1rna Altek Beissel je jednou z posledn\u00edch na sv\u011bt\u011b, kde je majitel denn\u011b p\u0159\u00edtomen ve v\u00fdrobn\u00ed hale.<\/p>\n","protected":false},"excerpt":{"rendered":"<p>P\u016flploch\u00e1 jehla BEISSEL pro stretch MIX 130-705 H-S<\/p>\n","protected":false},"featured_media":13247,"comment_status":"open","ping_status":"closed","template":"","meta":[],"product_brand":[],"product_cat":[521],"product_tag":[],"class_list":{"0":"post-16117","1":"product","2":"type-product","3":"status-publish","4":"has-post-thumbnail","6":"product_cat-igly-do-maszyn","8":"first","9":"instock","10":"taxable","11":"shipping-taxable","12":"purchasable","13":"product-type-simple"},"_links":{"self":[{"href":"https:\/\/gltestm.webology.pl\/cs\/wp-json\/wp\/v2\/product\/16117","targetHints":{"allow":["GET"]}}],"collection":[{"href":"https:\/\/gltestm.webology.pl\/cs\/wp-json\/wp\/v2\/product"}],"about":[{"href":"https:\/\/gltestm.webology.pl\/cs\/wp-json\/wp\/v2\/types\/product"}],"replies":[{"embeddable":true,"href":"https:\/\/gltestm.webology.pl\/cs\/wp-json\/wp\/v2\/comments?post=16117"}],"version-history":[{"count":0,"href":"https:\/\/gltestm.webology.pl\/cs\/wp-json\/wp\/v2\/product\/16117\/revisions"}],"wp:featuredmedia":[{"embeddable":true,"href":"https:\/\/gltestm.webology.pl\/cs\/wp-json\/wp\/v2\/media\/13247"}],"wp:attachment":[{"href":"https:\/\/gltestm.webology.pl\/cs\/wp-json\/wp\/v2\/media?parent=16117"}],"wp:term":[{"taxonomy":"product_brand","embeddable":true,"href":"https:\/\/gltestm.webology.pl\/cs\/wp-json\/wp\/v2\/product_brand?post=16117"},{"taxonomy":"product_cat","embeddable":true,"href":"https:\/\/gltestm.webology.pl\/cs\/wp-json\/wp\/v2\/product_cat?post=16117"},{"taxonomy":"product_tag","embeddable":true,"href":"https:\/\/gltestm.webology.pl\/cs\/wp-json\/wp\/v2\/product_tag?post=16117"}],"curies":[{"name":"wp","href":"https:\/\/api.w.org\/{rel}","templated":true}]}}