{"id":16113,"date":"2026-03-18T22:03:19","date_gmt":"2026-03-18T21:03:19","guid":{"rendered":"https:\/\/gltestm.webology.pl\/produkt\/sada-jehel-na-kuzi-beissel-130-705-h-ll\/"},"modified":"2026-03-22T21:44:23","modified_gmt":"2026-03-22T20:44:23","slug":"sada-jehel-na-kuzi-beissel-130-705-h-ll","status":"publish","type":"product","link":"https:\/\/gltestm.webology.pl\/cs\/produkt\/sada-jehel-na-kuzi-beissel-130-705-h-ll\/","title":{"rendered":"Sada jehel na k\u016f\u017ei Beissel 130-705 H-LL"},"content":{"rendered":"<p><strong>Jehly Beissel na k\u016f\u017ei 130-705 H-LL<\/strong><\/p>\n<p>Sada jehel BEISSEL pro \u0161it\u00ed k\u016f\u017ee a materi\u00e1l\u016f podobn\u00fdch k\u016f\u017ei.<\/p>\n<p>Jehla s ostr\u00fdm troj\u00faheln\u00edkov\u00fdm hrotem snadno pro\u0159\u00edzne k\u016f\u017ei, \u010d\u00edm\u017e umo\u017en\u00ed hladk\u00fd pr\u016fchod nit\u011b otvorem a spr\u00e1vn\u00e9 zapo\u0161it\u00ed \u0161vu. \u0160pi\u010dka je nato\u010dena pod m\u00edrn\u00fdm \u00fahlem, co\u017e umo\u017e\u0148uje, aby ka\u017ed\u00fd jednotliv\u00fd steh le\u017eel p\u0159i \u0161it\u00ed m\u00edrn\u011b \u0161ikmo a p\u016fsobil dekorativn\u011b.<\/p>\n<p><strong>Barevn\u011b rozli\u0161en\u00e1 tlou\u0161\u0165ka ba\u0148ky<\/strong><br \/><strong>Tlou\u0161\u0165ka jehly 2&#215;90, 2&#215;100, 1&#215;110. <\/strong><br \/><strong>Balen\u00ed obsahuje 5 kus\u016f.<\/strong><br \/><strong>Poloploch\u00e9.<\/strong><\/p>\n<p>Licencov\u00e1no spole\u010dnost\u00ed BMN Beissel Maschinennadel Gmbh, N\u011bmecko.<\/p>\n<p>Jehla Beissel:<br \/>je vyrobena v souladu s normou DIN<br \/>vyrobena v souladu s normou SATRA,UK<br \/>podl\u00e9h\u00e1 kontrole kvality v\u010detn\u011b 155 kontroln\u00edch bod\u016f<\/p>\n<p>Strojn\u00ed jehly Beissel se pou\u017e\u00edvaj\u00ed v des\u00edtk\u00e1ch zem\u00ed sv\u011bta na v\u0161ech kontinentech Tov\u00e1rna Altek Beissel je jednou z posledn\u00edch na sv\u011bt\u011b, kde je majitel denn\u011b p\u0159\u00edtomen ve v\u00fdrobn\u00ed hale.<\/p>\n","protected":false},"excerpt":{"rendered":"<p>BEISSEL Poloploch\u00e1 jehla na k\u016f\u017ei 130-705 H-LL<\/p>\n","protected":false},"featured_media":15776,"comment_status":"open","ping_status":"closed","template":"","meta":[],"product_brand":[],"product_cat":[521],"product_tag":[],"class_list":{"0":"post-16113","1":"product","2":"type-product","3":"status-publish","4":"has-post-thumbnail","6":"product_cat-igly-do-maszyn","8":"first","9":"instock","10":"taxable","11":"shipping-taxable","12":"purchasable","13":"product-type-simple"},"_links":{"self":[{"href":"https:\/\/gltestm.webology.pl\/cs\/wp-json\/wp\/v2\/product\/16113","targetHints":{"allow":["GET"]}}],"collection":[{"href":"https:\/\/gltestm.webology.pl\/cs\/wp-json\/wp\/v2\/product"}],"about":[{"href":"https:\/\/gltestm.webology.pl\/cs\/wp-json\/wp\/v2\/types\/product"}],"replies":[{"embeddable":true,"href":"https:\/\/gltestm.webology.pl\/cs\/wp-json\/wp\/v2\/comments?post=16113"}],"version-history":[{"count":0,"href":"https:\/\/gltestm.webology.pl\/cs\/wp-json\/wp\/v2\/product\/16113\/revisions"}],"wp:featuredmedia":[{"embeddable":true,"href":"https:\/\/gltestm.webology.pl\/cs\/wp-json\/wp\/v2\/media\/15776"}],"wp:attachment":[{"href":"https:\/\/gltestm.webology.pl\/cs\/wp-json\/wp\/v2\/media?parent=16113"}],"wp:term":[{"taxonomy":"product_brand","embeddable":true,"href":"https:\/\/gltestm.webology.pl\/cs\/wp-json\/wp\/v2\/product_brand?post=16113"},{"taxonomy":"product_cat","embeddable":true,"href":"https:\/\/gltestm.webology.pl\/cs\/wp-json\/wp\/v2\/product_cat?post=16113"},{"taxonomy":"product_tag","embeddable":true,"href":"https:\/\/gltestm.webology.pl\/cs\/wp-json\/wp\/v2\/product_tag?post=16113"}],"curies":[{"name":"wp","href":"https:\/\/api.w.org\/{rel}","templated":true}]}}