{"id":16105,"date":"2026-03-18T22:03:18","date_gmt":"2026-03-18T21:03:18","guid":{"rendered":"https:\/\/gltestm.webology.pl\/produkt\/sada-jehel-beissel-na-hedvabi-a-mikrovlakno-130-705-h-m\/"},"modified":"2026-03-22T21:44:20","modified_gmt":"2026-03-22T20:44:20","slug":"sada-jehel-beissel-na-hedvabi-a-mikrovlakno-130-705-h-m","status":"publish","type":"product","link":"https:\/\/gltestm.webology.pl\/cs\/produkt\/sada-jehel-beissel-na-hedvabi-a-mikrovlakno-130-705-h-m\/","title":{"rendered":"Sada jehel Beissel na hedv\u00e1b\u00ed a mikrovl\u00e1kno 130-705 H-M"},"content":{"rendered":"<p><strong>Jehly Beissel na hedv\u00e1b\u00ed a mikrovl\u00e1kno 130-705 H-M<\/strong><\/p>\n<p>Velmi ostr\u00fd hrot usnad\u0148uje \u0161it\u00ed a sni\u017euje po\u0161kozen\u00ed l\u00e1tky.<\/p>\n<p><strong>Barevn\u011b odli\u0161en\u00e1 tlou\u0161\u0165ka ba\u0148ky.<\/strong><br \/><strong>Tlou\u0161\u0165ka jehly 2&#215;60, 2&#215;70, 1&#215;80. <\/strong><br \/><strong>Balen\u00ed po 5 kusech.<\/strong><br \/><strong>Poloploch\u00e9.<\/strong><\/p>\n<p>Licencov\u00e1no spole\u010dnost\u00ed BMN Beissel Maschinennadel Gmbh, N\u011bmecko.<\/p>\n<p>Jehla Beissel:<br \/>je vyrobena v souladu s normou DIN<br \/>vyrobena v souladu s normou SATRA,UK<br \/>podl\u00e9h\u00e1 kontrole kvality v\u010detn\u011b 155 kontroln\u00edch bod\u016f<\/p>\n<p>Strojn\u00ed jehly Beissel se pou\u017e\u00edvaj\u00ed v des\u00edtk\u00e1ch zem\u00ed sv\u011bta na v\u0161ech kontinentech Tov\u00e1rna Altek Beissel je jednou z posledn\u00edch na sv\u011bt\u011b, kde je majitel denn\u011b p\u0159\u00edtomen ve v\u00fdrobn\u00ed hale.<\/p>\n","protected":false},"excerpt":{"rendered":"<p>Poloploch\u00e1 jehla BEISSEL na hedv\u00e1b\u00ed a mikrovl\u00e1kno 130-705 H-M<\/p>\n","protected":false},"featured_media":13271,"comment_status":"open","ping_status":"closed","template":"","meta":[],"product_brand":[],"product_cat":[521],"product_tag":[],"class_list":{"0":"post-16105","1":"product","2":"type-product","3":"status-publish","4":"has-post-thumbnail","6":"product_cat-igly-do-maszyn","8":"first","9":"instock","10":"taxable","11":"shipping-taxable","12":"purchasable","13":"product-type-simple"},"_links":{"self":[{"href":"https:\/\/gltestm.webology.pl\/cs\/wp-json\/wp\/v2\/product\/16105","targetHints":{"allow":["GET"]}}],"collection":[{"href":"https:\/\/gltestm.webology.pl\/cs\/wp-json\/wp\/v2\/product"}],"about":[{"href":"https:\/\/gltestm.webology.pl\/cs\/wp-json\/wp\/v2\/types\/product"}],"replies":[{"embeddable":true,"href":"https:\/\/gltestm.webology.pl\/cs\/wp-json\/wp\/v2\/comments?post=16105"}],"version-history":[{"count":0,"href":"https:\/\/gltestm.webology.pl\/cs\/wp-json\/wp\/v2\/product\/16105\/revisions"}],"wp:featuredmedia":[{"embeddable":true,"href":"https:\/\/gltestm.webology.pl\/cs\/wp-json\/wp\/v2\/media\/13271"}],"wp:attachment":[{"href":"https:\/\/gltestm.webology.pl\/cs\/wp-json\/wp\/v2\/media?parent=16105"}],"wp:term":[{"taxonomy":"product_brand","embeddable":true,"href":"https:\/\/gltestm.webology.pl\/cs\/wp-json\/wp\/v2\/product_brand?post=16105"},{"taxonomy":"product_cat","embeddable":true,"href":"https:\/\/gltestm.webology.pl\/cs\/wp-json\/wp\/v2\/product_cat?post=16105"},{"taxonomy":"product_tag","embeddable":true,"href":"https:\/\/gltestm.webology.pl\/cs\/wp-json\/wp\/v2\/product_tag?post=16105"}],"curies":[{"name":"wp","href":"https:\/\/api.w.org\/{rel}","templated":true}]}}