{"id":16101,"date":"2026-03-18T22:03:18","date_gmt":"2026-03-18T21:03:18","guid":{"rendered":"https:\/\/gltestm.webology.pl\/produkt\/sada-jehel-beissel-pro-dzinovinu-a-folii-130-705-hj\/"},"modified":"2026-03-22T21:44:18","modified_gmt":"2026-03-22T20:44:18","slug":"sada-jehel-beissel-pro-dzinovinu-a-folii-130-705-hj","status":"publish","type":"product","link":"https:\/\/gltestm.webology.pl\/cs\/produkt\/sada-jehel-beissel-pro-dzinovinu-a-folii-130-705-hj\/","title":{"rendered":"Sada jehel Beissel pro d\u017e\u00ednovinu a f\u00f3lii 130-705 HJ"},"content":{"rendered":"<p><strong>Jehly Beissel na d\u017e\u00ednovinu a f\u00f3lii 130-705 HJ<\/strong><\/p>\n<p>Ostr\u00e9, siln\u00e9 jehly s pom\u011brn\u011b velk\u00fdm o\u010dkem nejen\u017ee snadn\u011bji pronikaj\u00ed materi\u00e1lem, ale tak\u00e9 j\u00edm l\u00e9pe vedou nit\u011b, zejm\u00e9na ozdobn\u00e9 nit\u011b pro d\u017e\u00ednovinu, a umo\u017e\u0148uj\u00ed spr\u00e1vn\u00e9 v\u00e1z\u00e1n\u00ed \u0161v\u016f.<\/p>\n<p><strong>Barevn\u011b odli\u0161en\u00e1 tlou\u0161\u0165ka ba\u0148ky.<\/strong><br \/><strong>Tlou\u0161\u0165ka jehly 2&#215;90, 2&#215;100, 1&#215;110. <\/strong><br \/><strong>Balen\u00ed po 5 kusech.<\/strong><br \/><strong>Polopl\u00e1\u0161\u0165ov\u00e1.<\/strong><\/p>\n<p>Licencov\u00e1no spole\u010dnost\u00ed BMN Beissel Maschinennadel Gmbh, N\u011bmecko.<\/p>\n<p>Jehla Beissel:<\/p>\n<p>je vyrobena v souladu s normou DIN<br \/>vyrobena v souladu s normou SATRA,UK<br \/>podl\u00e9h\u00e1 kontrole kvality v\u010detn\u011b 155 kontroln\u00edch bod\u016f<\/p>\n<p>Strojn\u00ed jehly Beissel se pou\u017e\u00edvaj\u00ed v des\u00edtk\u00e1ch zem\u00ed sv\u011bta na v\u0161ech kontinentech Tov\u00e1rna Altek Beissel je jednou z posledn\u00edch na sv\u011bt\u011b, kde je majitel denn\u011b p\u0159\u00edtomen ve v\u00fdrobn\u00ed hale.<\/p>\n","protected":false},"excerpt":{"rendered":"<p>Poloploch\u00e1 jehla BEISSEL pro tkaniny, jako je d\u017e\u00ednovina, skai, f\u00f3lie, olejov\u00e1 tkanina 130-705 HJ<\/p>\n","protected":false},"featured_media":13280,"comment_status":"open","ping_status":"closed","template":"","meta":[],"product_brand":[],"product_cat":[521],"product_tag":[],"class_list":{"0":"post-16101","1":"product","2":"type-product","3":"status-publish","4":"has-post-thumbnail","6":"product_cat-igly-do-maszyn","8":"first","9":"instock","10":"taxable","11":"shipping-taxable","12":"purchasable","13":"product-type-simple"},"_links":{"self":[{"href":"https:\/\/gltestm.webology.pl\/cs\/wp-json\/wp\/v2\/product\/16101","targetHints":{"allow":["GET"]}}],"collection":[{"href":"https:\/\/gltestm.webology.pl\/cs\/wp-json\/wp\/v2\/product"}],"about":[{"href":"https:\/\/gltestm.webology.pl\/cs\/wp-json\/wp\/v2\/types\/product"}],"replies":[{"embeddable":true,"href":"https:\/\/gltestm.webology.pl\/cs\/wp-json\/wp\/v2\/comments?post=16101"}],"version-history":[{"count":0,"href":"https:\/\/gltestm.webology.pl\/cs\/wp-json\/wp\/v2\/product\/16101\/revisions"}],"wp:featuredmedia":[{"embeddable":true,"href":"https:\/\/gltestm.webology.pl\/cs\/wp-json\/wp\/v2\/media\/13280"}],"wp:attachment":[{"href":"https:\/\/gltestm.webology.pl\/cs\/wp-json\/wp\/v2\/media?parent=16101"}],"wp:term":[{"taxonomy":"product_brand","embeddable":true,"href":"https:\/\/gltestm.webology.pl\/cs\/wp-json\/wp\/v2\/product_brand?post=16101"},{"taxonomy":"product_cat","embeddable":true,"href":"https:\/\/gltestm.webology.pl\/cs\/wp-json\/wp\/v2\/product_cat?post=16101"},{"taxonomy":"product_tag","embeddable":true,"href":"https:\/\/gltestm.webology.pl\/cs\/wp-json\/wp\/v2\/product_tag?post=16101"}],"curies":[{"name":"wp","href":"https:\/\/api.w.org\/{rel}","templated":true}]}}