{"id":16093,"date":"2026-03-18T22:03:17","date_gmt":"2026-03-18T21:03:17","guid":{"rendered":"https:\/\/gltestm.webology.pl\/produkt\/sada-pletacich-jehel-beissel-mix-130-705-h-suk\/"},"modified":"2026-03-22T21:44:14","modified_gmt":"2026-03-22T20:44:14","slug":"sada-pletacich-jehel-beissel-mix-130-705-h-suk","status":"publish","type":"product","link":"https:\/\/gltestm.webology.pl\/cs\/produkt\/sada-pletacich-jehel-beissel-mix-130-705-h-suk\/","title":{"rendered":"Sada pletac\u00edch jehel Beissel MIX 130-705 H-SUK"},"content":{"rendered":"<p><strong>Pletac\u00ed a \u017eerzejov\u00e1 jehlice Beissel MIX 130-705 H-SUK<\/strong><\/p>\n<p>Typ jehly &#8211; H-SUK &#8211; zaji\u0161\u0165uje, \u017ee zaoblen\u00e1 \u0161pi\u010dka jehly nep\u0159eru\u0161uje vl\u00e1kna pleteniny a samotn\u00fd obrys jehly zlep\u0161uje kvalitu stehu a sni\u017euje pr\u016fchod steh\u016f.<\/p>\n<p>Pokud i p\u0159es pou\u017e\u00edv\u00e1n\u00ed jehel &#8222;s kuli\u010dkou&#8220; \/H-SUK\/ m\u00e1te st\u00e1le probl\u00e9my se \u0161it\u00edm obt\u00ed\u017en\u00fdch pletenin &#8211; vym\u011b\u0148te jehlu za H-S \/stretch type\/, kter\u00e1 je pro pr\u00e1ci s pleteninami je\u0161t\u011b vhodn\u011bj\u0161\u00ed.<\/p>\n<p><strong>Barevn\u00e9 odli\u0161en\u00ed tlou\u0161\u0165ky ba\u0148ky.<\/strong><br \/><strong>Tlou\u0161\u0165ka jehly 1&#215;70, 2&#215;80, 1&#215;90, 1&#215;100.<\/strong><br \/><strong>Balen\u00ed po 5 kusech.<\/strong><br \/><strong>Polopl\u00e1\u0161\u0165ov\u00e1 jehla.<\/strong><\/p>\n<p>Licencov\u00e1no spole\u010dnost\u00ed BMN Beissel Maschinennadel Gmbh, N\u011bmecko.<\/p>\n<p>Jehla Beissel:<br \/>je vyrobena v souladu s normou DIN<br \/>vyrobena v souladu s normou SATRA,UK<br \/>podl\u00e9h\u00e1 kontrole kvality v\u010detn\u011b 155 kontroln\u00edch bod\u016f<\/p>\n<p>Strojn\u00ed jehly Beissel se pou\u017e\u00edvaj\u00ed v des\u00edtk\u00e1ch zem\u00ed sv\u011bta na v\u0161ech kontinentech Tov\u00e1rna Altek Beissel je jednou z posledn\u00edch na sv\u011bt\u011b, kde je majitel denn\u011b p\u0159\u00edtomen ve v\u00fdrobn\u00ed hale.<\/p>\n","protected":false},"excerpt":{"rendered":"<p>Poloploch\u00e9 jehly BEISSEL na pleteniny a \u017eerzej MIX 130-705 H-SUK<\/p>\n","protected":false},"featured_media":15659,"comment_status":"open","ping_status":"closed","template":"","meta":[],"product_brand":[],"product_cat":[521],"product_tag":[],"class_list":{"0":"post-16093","1":"product","2":"type-product","3":"status-publish","4":"has-post-thumbnail","6":"product_cat-igly-do-maszyn","8":"first","9":"instock","10":"taxable","11":"shipping-taxable","12":"purchasable","13":"product-type-simple"},"_links":{"self":[{"href":"https:\/\/gltestm.webology.pl\/cs\/wp-json\/wp\/v2\/product\/16093","targetHints":{"allow":["GET"]}}],"collection":[{"href":"https:\/\/gltestm.webology.pl\/cs\/wp-json\/wp\/v2\/product"}],"about":[{"href":"https:\/\/gltestm.webology.pl\/cs\/wp-json\/wp\/v2\/types\/product"}],"replies":[{"embeddable":true,"href":"https:\/\/gltestm.webology.pl\/cs\/wp-json\/wp\/v2\/comments?post=16093"}],"version-history":[{"count":0,"href":"https:\/\/gltestm.webology.pl\/cs\/wp-json\/wp\/v2\/product\/16093\/revisions"}],"wp:featuredmedia":[{"embeddable":true,"href":"https:\/\/gltestm.webology.pl\/cs\/wp-json\/wp\/v2\/media\/15659"}],"wp:attachment":[{"href":"https:\/\/gltestm.webology.pl\/cs\/wp-json\/wp\/v2\/media?parent=16093"}],"wp:term":[{"taxonomy":"product_brand","embeddable":true,"href":"https:\/\/gltestm.webology.pl\/cs\/wp-json\/wp\/v2\/product_brand?post=16093"},{"taxonomy":"product_cat","embeddable":true,"href":"https:\/\/gltestm.webology.pl\/cs\/wp-json\/wp\/v2\/product_cat?post=16093"},{"taxonomy":"product_tag","embeddable":true,"href":"https:\/\/gltestm.webology.pl\/cs\/wp-json\/wp\/v2\/product_tag?post=16093"}],"curies":[{"name":"wp","href":"https:\/\/api.w.org\/{rel}","templated":true}]}}