{"id":16089,"date":"2026-03-18T22:03:17","date_gmt":"2026-03-18T21:03:17","guid":{"rendered":"https:\/\/gltestm.webology.pl\/produkt\/sada-jehel-beissel-705-hdk-velikosti-80-pro-zrakove-postizene\/"},"modified":"2026-03-22T21:44:11","modified_gmt":"2026-03-22T20:44:11","slug":"sada-jehel-beissel-705-hdk-velikosti-80-pro-zrakove-postizene","status":"publish","type":"product","link":"https:\/\/gltestm.webology.pl\/cs\/produkt\/sada-jehel-beissel-705-hdk-velikosti-80-pro-zrakove-postizene\/","title":{"rendered":"Sada jehel Beissel 705 HDK velikosti 80 pro zrakov\u011b posti\u017een\u00e9"},"content":{"rendered":"<p><strong>Jehly Beissel 705 HDK velikosti 80 pro zrakov\u011b posti\u017een\u00e9<\/strong><\/p>\n<p>Jehla ur\u010den\u00e1 pro zrakov\u011b posti\u017een\u00e9 m\u00e1 speci\u00e1ln\u00ed dr\u00e1\u017eku, kter\u00e1 umo\u017e\u0148uje snadn\u00e9 navl\u00e9k\u00e1n\u00ed, i kdy\u017e nevid\u00edme na oko. Tyto jehly pou\u017e\u00edvaj\u00ed tak\u00e9 lid\u00e9, kte\u0159\u00ed \u0161ij\u00ed a maj\u00ed ur\u010dit\u00fd stupe\u0148 posti\u017een\u00ed, nap\u0159\u00edklad Parkinsonovu chorobu.<\/p>\n<p><strong>Barevn\u011b odli\u0161en\u00e1 tlou\u0161\u0165ka ba\u0148ky.<\/strong><br \/><strong>Tlou\u0161\u0165ka jehly 80. <\/strong><br \/><strong>Balen\u00ed po 5 kusech.<\/strong><br \/><strong>Poloploch\u00e9.<\/strong><\/p>\n<p>Licencov\u00e1no spole\u010dnost\u00ed BMN Beissel Maschinennadel Gmbh, N\u011bmecko.<\/p>\n<p>Jehla Beissel:<br \/>je vyrobena v souladu s normou DIN<br \/>vyrobena v souladu s normou SATRA,UK<\/p>\n<p>podl\u00e9h\u00e1 kontrole kvality v\u010detn\u011b 155 kontroln\u00edch bod\u016f<br \/>Strojn\u00ed jehly Beissel se pou\u017e\u00edvaj\u00ed v des\u00edtk\u00e1ch zem\u00ed po cel\u00e9m sv\u011bt\u011b, na v\u0161ech<\/p>\n","protected":false},"excerpt":{"rendered":"<p>Univerz\u00e1ln\u00ed poloploch\u00e1 jehla BEISSEL pro zrakov\u011b posti\u017een\u00e9 705 HDK, pro v\u0161echny typy l\u00e1tek.<\/p>\n","protected":false},"featured_media":14821,"comment_status":"open","ping_status":"closed","template":"","meta":[],"product_brand":[],"product_cat":[521],"product_tag":[],"class_list":{"0":"post-16089","1":"product","2":"type-product","3":"status-publish","4":"has-post-thumbnail","6":"product_cat-igly-do-maszyn","8":"first","9":"instock","10":"taxable","11":"shipping-taxable","12":"purchasable","13":"product-type-simple"},"_links":{"self":[{"href":"https:\/\/gltestm.webology.pl\/cs\/wp-json\/wp\/v2\/product\/16089","targetHints":{"allow":["GET"]}}],"collection":[{"href":"https:\/\/gltestm.webology.pl\/cs\/wp-json\/wp\/v2\/product"}],"about":[{"href":"https:\/\/gltestm.webology.pl\/cs\/wp-json\/wp\/v2\/types\/product"}],"replies":[{"embeddable":true,"href":"https:\/\/gltestm.webology.pl\/cs\/wp-json\/wp\/v2\/comments?post=16089"}],"version-history":[{"count":0,"href":"https:\/\/gltestm.webology.pl\/cs\/wp-json\/wp\/v2\/product\/16089\/revisions"}],"wp:featuredmedia":[{"embeddable":true,"href":"https:\/\/gltestm.webology.pl\/cs\/wp-json\/wp\/v2\/media\/14821"}],"wp:attachment":[{"href":"https:\/\/gltestm.webology.pl\/cs\/wp-json\/wp\/v2\/media?parent=16089"}],"wp:term":[{"taxonomy":"product_brand","embeddable":true,"href":"https:\/\/gltestm.webology.pl\/cs\/wp-json\/wp\/v2\/product_brand?post=16089"},{"taxonomy":"product_cat","embeddable":true,"href":"https:\/\/gltestm.webology.pl\/cs\/wp-json\/wp\/v2\/product_cat?post=16089"},{"taxonomy":"product_tag","embeddable":true,"href":"https:\/\/gltestm.webology.pl\/cs\/wp-json\/wp\/v2\/product_tag?post=16089"}],"curies":[{"name":"wp","href":"https:\/\/api.w.org\/{rel}","templated":true}]}}