{"id":16085,"date":"2026-03-18T22:03:16","date_gmt":"2026-03-18T21:03:16","guid":{"rendered":"https:\/\/gltestm.webology.pl\/produkt\/krabice-barevnych-civek-pro-sici-stroje\/"},"modified":"2026-03-22T21:07:11","modified_gmt":"2026-03-22T20:07:11","slug":"krabice-barevnych-civek-pro-sici-stroje","status":"publish","type":"product","link":"https:\/\/gltestm.webology.pl\/cs\/produkt\/krabice-barevnych-civek-pro-sici-stroje\/","title":{"rendered":"Krabice barevn\u00fdch c\u00edvek pro \u0161ic\u00ed stroje"},"content":{"rendered":"<p>Krabi\u010dka barevn\u00fdch c\u00edvek do \u0161ic\u00edho stroje je <strong>praktick\u00e1 sada<\/strong>, kter\u00e1 v\u00e1m usnadn\u00ed v\u0161echny druhy \u0161it\u00ed. Sada obsahuje<strong> 25<\/strong> c\u00edvek vyroben\u00fdch z kvalitn\u00edho a <strong>odoln\u00e9ho materi\u00e1lu<\/strong>, kter\u00fd zaru\u010duje jejich <strong>dlouhodob\u00e9<\/strong> pou\u017e\u00edv\u00e1n\u00ed. C\u00edvky jsou vhodn\u00e9 pro v\u0161echny modely stroj\u016f Lucznik z <strong>aktu\u00e1ln\u00ed prodejn\u00ed nab\u00eddky na\u0161eho obchodu<\/strong>.<\/p>\n<h2>Rozm\u011bry c\u00edvek<\/h2>\n<ul>\n<li>pr\u016fm\u011br 2 cm<\/li>\n<li>v\u00fd\u0161ka 1 cm<\/li>\n<li>vnit\u0159n\u00ed pr\u016fm\u011br 6 mm<\/li>\n<\/ul>\n<h2>V\u017edy po ruce. V\u017edy po ruce. <\/h2>\n<p>Barevn\u00e9 c\u00edvky jsou snadno <strong>identifikovateln\u00e9<\/strong> a umo\u017en\u00ed v\u00e1m rychle vybrat spr\u00e1vnou barvu nit\u011b pro konkr\u00e9tn\u00ed projekt. <strong>Krabi\u010dka,<\/strong> ve kter\u00e9 jsou c\u00edvky ulo\u017eeny, je udr\u017euje <strong>p\u0159ehledn\u00e9<\/strong> a snadno uspo\u0159\u00e1dan\u00e9. Sada je ide\u00e1ln\u00ed pro <strong>za\u010d\u00e1te\u010dn\u00edky<\/strong> i <strong>zku\u0161en\u00e9<\/strong> \u0161vadleny, kter\u00e9 cht\u011bj\u00ed m\u00edt na v\u00fdb\u011br z barev nit\u00ed pro sv\u016fj \u0161ic\u00ed stroj. M\u016f\u017ee b\u00fdt tak\u00e9 skv\u011bl\u00fdm <strong>d\u00e1rkem pro<\/strong> nad\u0161ence do \u0161it\u00ed nebo pro lidi, kte\u0159\u00ed cht\u011bj\u00ed za\u010d\u00edt \u0161\u00edt.<\/p>\n<h2>Dobr\u00fd n\u00e1pad na praktick\u00fd d\u00e1rek<\/h2>\n<p>Krabi\u010dka barevn\u00fdch c\u00edvek pro \u0161ic\u00ed stroje je nejen praktick\u00fdm, ale i estetick\u00fdm v\u00fdrobkem. D\u00edky v\u00fdb\u011bru barev a jejich uspo\u0159\u00e1d\u00e1n\u00ed vypad\u00e1 sada velmi atraktivn\u011b a m\u016f\u017ee b\u00fdt ozdobou ka\u017ed\u00e9ho \u0161ic\u00edho studia.<\/p>\n","protected":false},"excerpt":{"rendered":"<p>Krabi\u010dka obsahuje 25 r\u016fzn\u00fdch barevn\u00fdch c\u00edvek<\/p>\n","protected":false},"featured_media":13872,"comment_status":"open","ping_status":"closed","template":"","meta":[],"product_brand":[],"product_cat":[526],"product_tag":[],"class_list":{"0":"post-16085","1":"product","2":"type-product","3":"status-publish","4":"has-post-thumbnail","6":"product_cat-szpulki-na-nici","8":"first","9":"instock","10":"taxable","11":"shipping-taxable","12":"purchasable","13":"product-type-simple"},"_links":{"self":[{"href":"https:\/\/gltestm.webology.pl\/cs\/wp-json\/wp\/v2\/product\/16085","targetHints":{"allow":["GET"]}}],"collection":[{"href":"https:\/\/gltestm.webology.pl\/cs\/wp-json\/wp\/v2\/product"}],"about":[{"href":"https:\/\/gltestm.webology.pl\/cs\/wp-json\/wp\/v2\/types\/product"}],"replies":[{"embeddable":true,"href":"https:\/\/gltestm.webology.pl\/cs\/wp-json\/wp\/v2\/comments?post=16085"}],"version-history":[{"count":0,"href":"https:\/\/gltestm.webology.pl\/cs\/wp-json\/wp\/v2\/product\/16085\/revisions"}],"wp:featuredmedia":[{"embeddable":true,"href":"https:\/\/gltestm.webology.pl\/cs\/wp-json\/wp\/v2\/media\/13872"}],"wp:attachment":[{"href":"https:\/\/gltestm.webology.pl\/cs\/wp-json\/wp\/v2\/media?parent=16085"}],"wp:term":[{"taxonomy":"product_brand","embeddable":true,"href":"https:\/\/gltestm.webology.pl\/cs\/wp-json\/wp\/v2\/product_brand?post=16085"},{"taxonomy":"product_cat","embeddable":true,"href":"https:\/\/gltestm.webology.pl\/cs\/wp-json\/wp\/v2\/product_cat?post=16085"},{"taxonomy":"product_tag","embeddable":true,"href":"https:\/\/gltestm.webology.pl\/cs\/wp-json\/wp\/v2\/product_tag?post=16085"}],"curies":[{"name":"wp","href":"https:\/\/api.w.org\/{rel}","templated":true}]}}